{"id":3555,"date":"2020-03-02T10:28:29","date_gmt":"2020-03-02T09:28:29","guid":{"rendered":"https:\/\/kuken.alfadyser.dev\/producto\/bascula-bano-digital-bluetooth-200-kg-kuken\/"},"modified":"2025-07-23T10:24:10","modified_gmt":"2025-07-23T08:24:10","slug":"digitale-bench-bench-waage-bluetooth-200-kg-kuken","status":"publish","type":"product","link":"https:\/\/kuken.alfadyser.dev\/de\/produkt\/digitale-bench-bench-waage-bluetooth-200-kg-kuken\/","title":{"rendered":"BLUETOOTH DIGITALE BADEZIMMERWAAGE 200 KG K\u00dcKEN"},"content":{"rendered":"<p>BLUETOOTH DIGITALE BADEZIMMERWAAGE 200 KG K\u00dcKEN<\/p>\n<ul>\n<li class=\"\" data-start=\"713\" data-end=\"791\">\n<p class=\"\" data-start=\"715\" data-end=\"791\">Dise\u00f1o ultrafino de 22 mm con base de cristal templado resistente.<\/p>\n<\/li>\n<li class=\"\" data-start=\"792\" data-end=\"865\">\n<p class=\"\" data-start=\"794\" data-end=\"865\">Conectividad Bluetooth mediante la app Aifit (iOS y Android).<\/p>\n<\/li>\n<li class=\"\" data-start=\"866\" data-end=\"933\">\n<p class=\"\" data-start=\"868\" data-end=\"933\">Mide IMC, grasa corporal, masa muscular, \u00f3sea, agua y Kcal.<\/p>\n<\/li>\n<li class=\"\" data-start=\"934\" data-end=\"994\">\n<p class=\"\" data-start=\"936\" data-end=\"994\">8 perfiles de usuario con reconocimiento autom\u00e1tico.<\/p>\n<\/li>\n<li class=\"\" data-start=\"995\" data-end=\"1061\">\n<p class=\"\" data-start=\"997\" data-end=\"1061\">Sie k\u00f6nnen Ihren Messverlauf \u00fcber Ihr Profil in der App einsehen.<\/p>\n<\/li>\n<li class=\"\" data-start=\"1062\" data-end=\"1126\">\n<p class=\"\" data-start=\"1064\" data-end=\"1126\">Encendido autom\u00e1tico al subir, sin necesidad de botones.<\/p>\n<\/li>\n<li class=\"\" data-start=\"1127\" data-end=\"1180\">\n<p class=\"\" data-start=\"1129\" data-end=\"1180\">Superficie de 300 x 260 mm, c\u00f3moda y moderna.<\/p>\n<\/li>\n<li class=\"\" data-start=\"1181\" data-end=\"1251\">\n<p class=\"\" data-start=\"1183\" data-end=\"1251\">Cuatro sensores de alta precisi\u00f3n y patas antideslizantes.<\/p>\n<\/li>\n<li class=\"\" data-start=\"1252\" data-end=\"1314\">\n<p class=\"\" data-start=\"1254\" data-end=\"1314\">Interruptor UNIT para elegir entre kg, lb o st:lb.<\/p>\n<\/li>\n<li class=\"\" data-start=\"1315\" data-end=\"1385\">\n<p class=\"\" data-start=\"1317\" data-end=\"1385\">Peso m\u00e1ximo de 200\u202fkg. Funciona con 2 pilas AAA (incluidas).<\/p>\n<\/li>\n<\/ul>\n<p><div class=\"accordion\"><div class=\"mfn-acc accordion_wrapper  toggle\"><div class=\"question\"><div class=\"title\"><i class=\"icon-plus acc-icon-plus\" aria-hidden=\"true\"><\/i><i class=\"icon-minus acc-icon-minus\" aria-hidden=\"true\"><\/i>Produktdaten<\/div><div class=\"answer\">EAN 8425160341237<\/p>\n<p>BLUETOOTH DIGITALE BADEZIMMERWAAGE 200 KG K\u00dcKEN<\/p>\n<p>Packeinheit 1<br \/>\nFarbe Schwarz<br \/>\nVerpackung Box Farbe<br \/>\nSpannung 1,5 V<br \/>\nMaterial Geh\u00e4rtetes Glas.<br \/>\nAbmessungen 300mm (L\u00e4nge), 260mm (Breite), 22mm (H\u00f6he)<br \/>\nFettmessung Ja<br \/>\nDigitale Klasse<br \/>\nRutschfeste F\u00fc\u00dfe Ja<br \/>\nGewicht 1,37 kg.<br \/>\nStromversorgung durch 2 AAA-Batterien (im Lieferumfang enthalten)<\/div><\/div>\n<\/div><\/div>\n<br \/>\n<div class=\"accordion\"><div class=\"mfn-acc accordion_wrapper  toggle\"><div class=\"question\"><div class=\"title\"><i class=\"icon-plus acc-icon-plus\" aria-hidden=\"true\"><\/i><i class=\"icon-minus acc-icon-minus\" aria-hidden=\"true\"><\/i>Zubeh\u00f6r<\/div><div class=\"answer\"><\/div><\/div>\n<\/div><\/div>\n<\/p>\n<div class=\"descargas-producto\"><a href=\"\/wp-content\/uploads\/pdf\/8425160341237_ficha_tecnica.pdf\" target=\"_blank\" rel=\"noopener noreferrer\"><br \/>\n<img loading=\"lazy\" decoding=\"async\" src=\"\/wp-content\/uploads\/2019\/12\/picto-descarrega.png\" alt=\"Datenblatt herunterladen\" width=\"23\" height=\"16\" \/>Blatt herunterladen<\/a><br \/>\n<a href=\"\/wp-content\/uploads\/pdf\/34123_instrucciones.pdf\"><img loading=\"lazy\" decoding=\"async\" src=\"\/wp-content\/uploads\/2019\/12\/picto-descarrega.png\" alt=\"Gebrauchsanweisung herunterladen\" width=\"23\" height=\"16\" \/>Handbuch herunterladen<\/a><\/div>\n<div><\/div>\n<div><span style=\"color: #bf2121\">Folgen Sie uns auf den sozialen Medien!<\/span><\/div>\n<div><a href=\"https:\/\/www.instagram.com\/kuken_appliances\/\">https:\/\/www.instagram.com\/kuken_appliances\/<\/a><\/div>\n<p><iframe loading=\"lazy\" title=\"Digitale Bluetooth-Badewaage 200 kg K\u00fcken\" width=\"560\" height=\"315\" src=\"https:\/\/www.youtube.com\/embed\/FGsMmccAolo?feature=oembed\" frameborder=\"0\" allow=\"accelerometer; autoplay; clipboard-write; encrypted-media; gyroscope; picture-in-picture; web-share\" referrerpolicy=\"strict-origin-when-cross-origin\" allowfullscreen><\/iframe><\/p>","protected":false},"excerpt":{"rendered":"<p class=\"\" data-start=\"492\" data-end=\"636\">Intelligente Technologie zur \u00dcberwachung Ihrer Gesundheit. Mit Bluetooth und mobiler App, misst es Fett, Muskeln, Wasser und BMI. Pr\u00e4zise, elegant und sofort einsatzbereit.<\/p>","protected":false},"featured_media":3556,"template":"","meta":[],"product_brand":[],"product_cat":[209],"product_tag":[],"class_list":{"0":"post-3555","1":"product","2":"type-product","3":"status-publish","4":"has-post-thumbnail","6":"product_cat-basculas-romanas","8":"first","9":"instock","10":"product-type-simple"},"yoast_head":"<!-- This site is optimized with the Yoast SEO Premium plugin v24.0 (Yoast SEO v26.5) - https:\/\/yoast.com\/wordpress\/plugins\/seo\/ -->\n<title>B\u00c1SCULA BA\u00d1O DIGITAL BLUETOOTH 200 KG K\u00dcKEN - K\u00fcken<\/title>\n<meta name=\"description\" content=\"Exclusiva b\u00e1scula de ba\u00f1o digital con bluetooth k\u00fcken. Lleva el control de tu peso en el m\u00f3vil de manera r\u00e1pida y f\u00e1cil, desc\u00fabrela ahora.\" \/>\n<meta name=\"robots\" content=\"noindex, follow, max-snippet:-1, max-image-preview:large, max-video-preview:-1\" \/>\n<meta property=\"og:locale\" content=\"de_DE\" \/>\n<meta property=\"og:type\" content=\"article\" \/>\n<meta property=\"og:title\" content=\"B\u00c1SCULA BA\u00d1O DIGITAL BLUETOOTH 200 KG K\u00dcKEN\" \/>\n<meta property=\"og:description\" content=\"Exclusiva b\u00e1scula de ba\u00f1o digital con bluetooth k\u00fcken. Lleva el control de tu peso en el m\u00f3vil de manera r\u00e1pida y f\u00e1cil, desc\u00fabrela ahora.\" \/>\n<meta property=\"og:url\" content=\"https:\/\/kuken.alfadyser.dev\/de\/produkt\/digitale-bench-bench-waage-bluetooth-200-kg-kuken\/\" \/>\n<meta property=\"og:site_name\" content=\"K\u00fcken\" \/>\n<meta property=\"article:publisher\" content=\"https:\/\/es-es.facebook.com\/alfadyser\/\" \/>\n<meta property=\"article:modified_time\" content=\"2025-07-23T08:24:10+00:00\" \/>\n<meta property=\"og:image\" content=\"https:\/\/kuken.alfadyser.dev\/wp-content\/uploads\/2020\/03\/B\u00c1SCULA-BA\u00d1O-DIGITAL-BLUETOOTH-200-KG-KUKEN.jpg\" \/>\n\t<meta property=\"og:image:width\" content=\"853\" \/>\n\t<meta property=\"og:image:height\" content=\"853\" \/>\n\t<meta property=\"og:image:type\" content=\"image\/jpeg\" \/>\n<meta name=\"twitter:card\" content=\"summary_large_image\" \/>\n<meta name=\"twitter:label1\" content=\"Preis\" \/>\n\t<meta name=\"twitter:data1\" content=\"\" \/>\n\t<meta name=\"twitter:label2\" content=\"Verf\u00fcgbarkeit\" \/>\n\t<meta name=\"twitter:data2\" content=\"Auf Lager\" \/>\n<script type=\"application\/ld+json\" class=\"yoast-schema-graph\">{\"@context\":\"https:\/\/schema.org\",\"@graph\":[{\"@type\":\"WebPage\",\"@id\":\"https:\/\/kuken.alfadyser.dev\/producto\/bascula-bano-digital-bluetooth-200-kg-kuken\/\",\"url\":\"https:\/\/kuken.alfadyser.dev\/producto\/bascula-bano-digital-bluetooth-200-kg-kuken\/\",\"name\":\"B\u00c1SCULA BA\u00d1O DIGITAL BLUETOOTH 200 KG K\u00dcKEN - K\u00fcken\",\"isPartOf\":{\"@id\":\"https:\/\/kuken.alfadyser.dev\/#website\"},\"primaryImageOfPage\":{\"@id\":\"https:\/\/kuken.alfadyser.dev\/producto\/bascula-bano-digital-bluetooth-200-kg-kuken\/#primaryimage\"},\"image\":{\"@id\":\"https:\/\/kuken.alfadyser.dev\/producto\/bascula-bano-digital-bluetooth-200-kg-kuken\/#primaryimage\"},\"thumbnailUrl\":\"https:\/\/kuken.alfadyser.dev\/wp-content\/uploads\/2020\/03\/B\u00c1SCULA-BA\u00d1O-DIGITAL-BLUETOOTH-200-KG-KUKEN.jpg\",\"datePublished\":\"2020-03-02T09:28:29+00:00\",\"dateModified\":\"2025-07-23T08:24:10+00:00\",\"description\":\"Exclusiva b\u00e1scula de ba\u00f1o digital con bluetooth k\u00fcken. Lleva el control de tu peso en el m\u00f3vil de manera r\u00e1pida y f\u00e1cil, desc\u00fabrela ahora.\",\"breadcrumb\":{\"@id\":\"https:\/\/kuken.alfadyser.dev\/producto\/bascula-bano-digital-bluetooth-200-kg-kuken\/#breadcrumb\"},\"inLanguage\":\"de\",\"potentialAction\":[{\"@type\":\"ReadAction\",\"target\":[\"https:\/\/kuken.alfadyser.dev\/producto\/bascula-bano-digital-bluetooth-200-kg-kuken\/\"]}]},{\"@type\":\"ImageObject\",\"inLanguage\":\"de\",\"@id\":\"https:\/\/kuken.alfadyser.dev\/producto\/bascula-bano-digital-bluetooth-200-kg-kuken\/#primaryimage\",\"url\":\"https:\/\/kuken.alfadyser.dev\/wp-content\/uploads\/2020\/03\/B\u00c1SCULA-BA\u00d1O-DIGITAL-BLUETOOTH-200-KG-KUKEN.jpg\",\"contentUrl\":\"https:\/\/kuken.alfadyser.dev\/wp-content\/uploads\/2020\/03\/B\u00c1SCULA-BA\u00d1O-DIGITAL-BLUETOOTH-200-KG-KUKEN.jpg\",\"width\":853,\"height\":853,\"caption\":\"B\u00e1scula de ba\u00f1o digital k\u00fcken con bluetooth\"},{\"@type\":\"BreadcrumbList\",\"@id\":\"https:\/\/kuken.alfadyser.dev\/producto\/bascula-bano-digital-bluetooth-200-kg-kuken\/#breadcrumb\",\"itemListElement\":[{\"@type\":\"ListItem\",\"position\":1,\"name\":\"Portada\",\"item\":\"https:\/\/kuken.alfadyser.dev\/\"},{\"@type\":\"ListItem\",\"position\":2,\"name\":\"Productos\",\"item\":\"https:\/\/kuken.alfadyser.dev\/productos\/\"},{\"@type\":\"ListItem\",\"position\":3,\"name\":\"B\u00c1SCULA BA\u00d1O DIGITAL BLUETOOTH 200 KG K\u00dcKEN\"}]},{\"@type\":\"WebSite\",\"@id\":\"https:\/\/kuken.alfadyser.dev\/#website\",\"url\":\"https:\/\/kuken.alfadyser.dev\/\",\"name\":\"K\u00fcken\",\"description\":\"Amplia gama de peque\u00f1o electrodom\u00e9stico k\u00fcken\",\"publisher\":{\"@id\":\"https:\/\/kuken.alfadyser.dev\/#organization\"},\"potentialAction\":[{\"@type\":\"SearchAction\",\"target\":{\"@type\":\"EntryPoint\",\"urlTemplate\":\"https:\/\/kuken.alfadyser.dev\/?s={search_term_string}\"},\"query-input\":{\"@type\":\"PropertyValueSpecification\",\"valueRequired\":true,\"valueName\":\"search_term_string\"}}],\"inLanguage\":\"de\"},{\"@type\":\"Organization\",\"@id\":\"https:\/\/kuken.alfadyser.dev\/#organization\",\"name\":\"Alfa Dyser\",\"url\":\"https:\/\/kuken.alfadyser.dev\/\",\"logo\":{\"@type\":\"ImageObject\",\"inLanguage\":\"de\",\"@id\":\"https:\/\/kuken.alfadyser.dev\/#\/schema\/logo\/image\/\",\"url\":\"https:\/\/kuken.alfadyser.dev\/wp-content\/uploads\/2019\/04\/kuken-logo.png\",\"contentUrl\":\"https:\/\/kuken.alfadyser.dev\/wp-content\/uploads\/2019\/04\/kuken-logo.png\",\"width\":500,\"height\":191,\"caption\":\"Alfa Dyser\"},\"image\":{\"@id\":\"https:\/\/kuken.alfadyser.dev\/#\/schema\/logo\/image\/\"},\"sameAs\":[\"https:\/\/es-es.facebook.com\/alfadyser\/\",\"https:\/\/www.instagram.com\/kuken_appliances\/\"]}]}<\/script>\n<meta property=\"product:price:currency\" content=\"EUR\" \/>\n<meta property=\"og:availability\" content=\"instock\" \/>\n<meta property=\"product:availability\" content=\"instock\" \/>\n<meta property=\"product:retailer_item_id\" content=\"34123\" \/>\n<meta property=\"product:condition\" content=\"new\" \/>\n<!-- \/ Yoast SEO Premium plugin. -->","yoast_head_json":{"title":"BLUETOOTH DIGITALE BADEWAAGE 200 KG K\u00dcKEN - K\u00fcken","description":"Exklusive k\u00fcken Digitalwaage mit Bluetooth. Behalten Sie Ihr Gewicht auf Ihrem Handy schnell und einfach im Auge, entdecken Sie es jetzt.","robots":{"index":"noindex","follow":"follow","max-snippet":"max-snippet:-1","max-image-preview":"max-image-preview:large","max-video-preview":"max-video-preview:-1"},"og_locale":"de_DE","og_type":"article","og_title":"B\u00c1SCULA BA\u00d1O DIGITAL BLUETOOTH 200 KG K\u00dcKEN","og_description":"Exclusiva b\u00e1scula de ba\u00f1o digital con bluetooth k\u00fcken. Lleva el control de tu peso en el m\u00f3vil de manera r\u00e1pida y f\u00e1cil, desc\u00fabrela ahora.","og_url":"https:\/\/kuken.alfadyser.dev\/de\/produkt\/digitale-bench-bench-waage-bluetooth-200-kg-kuken\/","og_site_name":"K\u00fcken","article_publisher":"https:\/\/es-es.facebook.com\/alfadyser\/","article_modified_time":"2025-07-23T08:24:10+00:00","og_image":[{"width":853,"height":853,"url":"https:\/\/kuken.alfadyser.dev\/wp-content\/uploads\/2020\/03\/B\u00c1SCULA-BA\u00d1O-DIGITAL-BLUETOOTH-200-KG-KUKEN.jpg","type":"image\/jpeg"}],"twitter_card":"summary_large_image","twitter_misc":{"Preis":"","Verf\u00fcgbarkeit":"Auf Lager"},"schema":{"@context":"https:\/\/schema.org","@graph":[{"@type":"WebPage","@id":"https:\/\/kuken.alfadyser.dev\/producto\/bascula-bano-digital-bluetooth-200-kg-kuken\/","url":"https:\/\/kuken.alfadyser.dev\/producto\/bascula-bano-digital-bluetooth-200-kg-kuken\/","name":"BLUETOOTH DIGITALE BADEWAAGE 200 KG K\u00dcKEN - K\u00fcken","isPartOf":{"@id":"https:\/\/kuken.alfadyser.dev\/#website"},"primaryImageOfPage":{"@id":"https:\/\/kuken.alfadyser.dev\/producto\/bascula-bano-digital-bluetooth-200-kg-kuken\/#primaryimage"},"image":{"@id":"https:\/\/kuken.alfadyser.dev\/producto\/bascula-bano-digital-bluetooth-200-kg-kuken\/#primaryimage"},"thumbnailUrl":"https:\/\/kuken.alfadyser.dev\/wp-content\/uploads\/2020\/03\/B\u00c1SCULA-BA\u00d1O-DIGITAL-BLUETOOTH-200-KG-KUKEN.jpg","datePublished":"2020-03-02T09:28:29+00:00","dateModified":"2025-07-23T08:24:10+00:00","description":"Exklusive k\u00fcken Digitalwaage mit Bluetooth. Behalten Sie Ihr Gewicht auf Ihrem Handy schnell und einfach im Auge, entdecken Sie es jetzt.","breadcrumb":{"@id":"https:\/\/kuken.alfadyser.dev\/producto\/bascula-bano-digital-bluetooth-200-kg-kuken\/#breadcrumb"},"inLanguage":"de","potentialAction":[{"@type":"ReadAction","target":["https:\/\/kuken.alfadyser.dev\/producto\/bascula-bano-digital-bluetooth-200-kg-kuken\/"]}]},{"@type":"ImageObject","inLanguage":"de","@id":"https:\/\/kuken.alfadyser.dev\/producto\/bascula-bano-digital-bluetooth-200-kg-kuken\/#primaryimage","url":"https:\/\/kuken.alfadyser.dev\/wp-content\/uploads\/2020\/03\/B\u00c1SCULA-BA\u00d1O-DIGITAL-BLUETOOTH-200-KG-KUKEN.jpg","contentUrl":"https:\/\/kuken.alfadyser.dev\/wp-content\/uploads\/2020\/03\/B\u00c1SCULA-BA\u00d1O-DIGITAL-BLUETOOTH-200-KG-KUKEN.jpg","width":853,"height":853,"caption":"B\u00e1scula de ba\u00f1o digital k\u00fcken con bluetooth"},{"@type":"BreadcrumbList","@id":"https:\/\/kuken.alfadyser.dev\/producto\/bascula-bano-digital-bluetooth-200-kg-kuken\/#breadcrumb","itemListElement":[{"@type":"ListItem","position":1,"name":"Portada","item":"https:\/\/kuken.alfadyser.dev\/"},{"@type":"ListItem","position":2,"name":"Productos","item":"https:\/\/kuken.alfadyser.dev\/productos\/"},{"@type":"ListItem","position":3,"name":"B\u00c1SCULA BA\u00d1O DIGITAL BLUETOOTH 200 KG K\u00dcKEN"}]},{"@type":"WebSite","@id":"https:\/\/kuken.alfadyser.dev\/#website","url":"https:\/\/kuken.alfadyser.dev\/","name":"K\u00fcken","description":"Gro\u00dfe Auswahl an k\u00fcken Haushaltskleinger\u00e4ten","publisher":{"@id":"https:\/\/kuken.alfadyser.dev\/#organization"},"potentialAction":[{"@type":"SearchAction","target":{"@type":"EntryPoint","urlTemplate":"https:\/\/kuken.alfadyser.dev\/?s={search_term_string}"},"query-input":{"@type":"PropertyValueSpecification","valueRequired":true,"valueName":"search_term_string"}}],"inLanguage":"de"},{"@type":"Organization","@id":"https:\/\/kuken.alfadyser.dev\/#organization","name":"Alpha Dyser","url":"https:\/\/kuken.alfadyser.dev\/","logo":{"@type":"ImageObject","inLanguage":"de","@id":"https:\/\/kuken.alfadyser.dev\/#\/schema\/logo\/image\/","url":"https:\/\/kuken.alfadyser.dev\/wp-content\/uploads\/2019\/04\/kuken-logo.png","contentUrl":"https:\/\/kuken.alfadyser.dev\/wp-content\/uploads\/2019\/04\/kuken-logo.png","width":500,"height":191,"caption":"Alfa Dyser"},"image":{"@id":"https:\/\/kuken.alfadyser.dev\/#\/schema\/logo\/image\/"},"sameAs":["https:\/\/es-es.facebook.com\/alfadyser\/","https:\/\/www.instagram.com\/kuken_appliances\/"]}]},"product_price_currency":"EUR","og_availability":"instock","product_availability":"instock","product_retailer_item_id":"34123","product_condition":"new"},"_links":{"self":[{"href":"https:\/\/kuken.alfadyser.dev\/de\/wp-json\/wp\/v2\/product\/3555","targetHints":{"allow":["GET"]}}],"collection":[{"href":"https:\/\/kuken.alfadyser.dev\/de\/wp-json\/wp\/v2\/product"}],"about":[{"href":"https:\/\/kuken.alfadyser.dev\/de\/wp-json\/wp\/v2\/types\/product"}],"wp:featuredmedia":[{"embeddable":true,"href":"https:\/\/kuken.alfadyser.dev\/de\/wp-json\/wp\/v2\/media\/3556"}],"wp:attachment":[{"href":"https:\/\/kuken.alfadyser.dev\/de\/wp-json\/wp\/v2\/media?parent=3555"}],"wp:term":[{"taxonomy":"product_brand","embeddable":true,"href":"https:\/\/kuken.alfadyser.dev\/de\/wp-json\/wp\/v2\/product_brand?post=3555"},{"taxonomy":"product_cat","embeddable":true,"href":"https:\/\/kuken.alfadyser.dev\/de\/wp-json\/wp\/v2\/product_cat?post=3555"},{"taxonomy":"product_tag","embeddable":true,"href":"https:\/\/kuken.alfadyser.dev\/de\/wp-json\/wp\/v2\/product_tag?post=3555"}],"curies":[{"name":"wp","href":"https:\/\/api.w.org\/{rel}","templated":true}]}}