{"id":3388,"date":"2020-03-02T10:16:50","date_gmt":"2020-03-02T09:16:50","guid":{"rendered":"https:\/\/kuken.alfadyser.dev\/producto\/balanzas-cocina-electronica-5kg-roja-kuken\/"},"modified":"2025-07-28T11:42:06","modified_gmt":"2025-07-28T09:42:06","slug":"kuchenwaage-quadrat-rot-rot-5kg-kuken","status":"publish","type":"product","link":"https:\/\/kuken.alfadyser.dev\/de\/produkt\/kuchenwaage-quadrat-rot-rot-5kg-kuken\/","title":{"rendered":"ROTE QUADRATISCHE K\u00dcCHENWAAGE 5KG K\u00dcKEN"},"content":{"rendered":"<p>ROTE QUADRATISCHE K\u00dcCHENWAAGE 5KG K\u00dcKEN<\/p>\n<ul data-start=\"789\" data-end=\"1512\">\n<li data-start=\"789\" data-end=\"867\">\n<p data-start=\"791\" data-end=\"867\">Dise\u00f1ada en cristal templado, elegante, resistente y f\u00e1cil de limpiar.<\/p>\n<\/li>\n<li data-start=\"868\" data-end=\"941\">\n<p data-start=\"870\" data-end=\"941\">Acabado en rojo brillante con superficie de cristal transparente.<\/p>\n<\/li>\n<li data-start=\"942\" data-end=\"1012\">\n<p data-start=\"944\" data-end=\"1012\">Formato cuadrado y extraplanar, ideal para espacios reducidos.<\/p>\n<\/li>\n<li data-start=\"1013\" data-end=\"1091\">\n<p data-start=\"1015\" data-end=\"1091\">Pantalla LCD de lectura clara y botones t\u00e1ctiles sensibles al uso.<\/p>\n<\/li>\n<li data-start=\"1092\" data-end=\"1172\">\n<p data-start=\"1094\" data-end=\"1172\">Capacidad de pesaje: m\u00ednimo 1 g \/ m\u00e1ximo 5 kg, ideal para cocina diaria.<\/p>\n<\/li>\n<li data-start=\"1173\" data-end=\"1259\">\n<p data-start=\"1175\" data-end=\"1259\">Funci\u00f3n TARA, permite pesar ingredientes de forma progresiva o con recipiente.<\/p>\n<\/li>\n<li data-start=\"1260\" data-end=\"1333\">\n<p data-start=\"1262\" data-end=\"1333\">Interruptor UNIT con selecci\u00f3n de unidades: g \/ lb \/ oz \/ ml.<\/p>\n<\/li>\n<li data-start=\"1334\" data-end=\"1395\">\n<p data-start=\"1336\" data-end=\"1395\">Apagado autom\u00e1tico, para mayor eficiencia energ\u00e9tica.<\/p>\n<\/li>\n<li data-start=\"1396\" data-end=\"1458\">\n<p data-start=\"1398\" data-end=\"1458\">Patas de goma antideslizantes, garantizan estabilidad.<\/p>\n<\/li>\n<li data-start=\"1459\" data-end=\"1512\">\n<p data-start=\"1461\" data-end=\"1512\">Funciona con 1 pila de litio CR2032 (incluida).<\/p>\n<\/li>\n<\/ul>\n<p><div class=\"accordion\"><div class=\"mfn-acc accordion_wrapper  toggle\"><div class=\"question\"><div class=\"title\"><i class=\"icon-plus acc-icon-plus\" aria-hidden=\"true\"><\/i><i class=\"icon-minus acc-icon-minus\" aria-hidden=\"true\"><\/i>Produktdaten<\/div><div class=\"answer\">EAN 8425160337087<\/p>\n<p>ROTE QUADRATISCHE K\u00dcCHENWAAGE 5KG K\u00dcKEN<\/p>\n<p>Packeinheit 1<br \/>\nFarbe Rot<br \/>\nVerpackung Box Farbe<br \/>\nMaterial Geh\u00e4rtetes Glas.<br \/>\nDigitale Klasse<br \/>\nRutschfeste F\u00fc\u00dfe Ja<br \/>\nStromversorgung durch 1 x Lithium CR 2032 (mitgeliefert)<br \/>\nGewicht 0,45 kg.<\/div><\/div>\n<\/div><\/div>\n<br \/>\n<div class=\"accordion\"><div class=\"mfn-acc accordion_wrapper  toggle\"><div class=\"question\"><div class=\"title\"><i class=\"icon-plus acc-icon-plus\" aria-hidden=\"true\"><\/i><i class=\"icon-minus acc-icon-minus\" aria-hidden=\"true\"><\/i>Zubeh\u00f6r<\/div><div class=\"answer\"><\/div><\/div>\n<\/div><\/div>\n<\/p>\n<div class=\"descargas-producto\"><a href=\"https:\/\/kuken.alfadyser.dev\/wp-content\/uploads\/pdf\/33707_-33708_ficha_tecnica.pdf\" target=\"_blank\" rel=\"noopener noreferrer\"><br \/>\n<img loading=\"lazy\" decoding=\"async\" src=\"\/wp-content\/uploads\/2019\/12\/picto-descarrega.png\" alt=\"Datenblatt herunterladen\" width=\"23\" height=\"16\" \/>Blatt herunterladen<\/a><a href=\"https:\/\/kuken.alfadyser.dev\/wp-content\/uploads\/8425160337087_manual.pdf\" target=\"_blank\" rel=\"noopener noreferrer\"><br \/>\n<img loading=\"lazy\" decoding=\"async\" src=\"\/wp-content\/uploads\/2019\/12\/picto-descarrega.png\" alt=\"Gebrauchsanweisung herunterladen\" width=\"23\" height=\"16\" \/>Handbuch herunterladen<\/a><\/div>\n<div><\/div>\n<div><span style=\"color: #bf2121\">Folgen Sie uns auf den sozialen Medien!<\/span><\/div>\n<div><a href=\"https:\/\/www.instagram.com\/kuken_appliances\/\">https:\/\/www.instagram.com\/kuken_appliances\/<\/a><\/div>","protected":false},"excerpt":{"rendered":"<p data-start=\"480\" data-end=\"637\">Compacta, extraplana y de estilo moderno, esta balanza digital cuadrada combina precisi\u00f3n y elegancia con pantalla t\u00e1ctil y funciones avanzadas para cocinar.<\/p>\n<p data-start=\"639\" data-end=\"715\">","protected":false},"featured_media":3389,"template":"","meta":[],"product_brand":[],"product_cat":[233],"product_tag":[],"class_list":{"0":"post-3388","1":"product","2":"type-product","3":"status-publish","4":"has-post-thumbnail","6":"product_cat-balanzas-cocina","8":"first","9":"instock","10":"product-type-simple"},"yoast_head":"<!-- This site is optimized with the Yoast SEO Premium plugin v24.0 (Yoast SEO v26.5) - https:\/\/yoast.com\/wordpress\/plugins\/seo\/ -->\n<title>BALANZA COCINA CUADRADA ROJA 5KG K\u00dcKEN - K\u00fcken<\/title>\n<meta name=\"description\" content=\"Nueva y exclusiva balanza de cocina cuadrada roja k\u00fcken. Pesa con exactitud hasta 5kg de manera r\u00e1pida y f\u00e1cil, desc\u00fabrela ahora.\" \/>\n<meta name=\"robots\" content=\"noindex, follow, max-snippet:-1, max-image-preview:large, max-video-preview:-1\" \/>\n<meta property=\"og:locale\" content=\"de_DE\" \/>\n<meta property=\"og:type\" content=\"article\" \/>\n<meta property=\"og:title\" content=\"BALANZA COCINA CUADRADA ROJA 5KG K\u00dcKEN\" \/>\n<meta property=\"og:description\" content=\"Nueva y exclusiva balanza de cocina cuadrada roja k\u00fcken. Pesa con exactitud hasta 5kg de manera r\u00e1pida y f\u00e1cil, desc\u00fabrela ahora.\" \/>\n<meta property=\"og:url\" content=\"https:\/\/kuken.alfadyser.dev\/de\/produkt\/kuchenwaage-quadrat-rot-rot-5kg-kuken\/\" \/>\n<meta property=\"og:site_name\" content=\"K\u00fcken\" \/>\n<meta property=\"article:publisher\" content=\"https:\/\/es-es.facebook.com\/alfadyser\/\" \/>\n<meta property=\"article:modified_time\" content=\"2025-07-28T09:42:06+00:00\" \/>\n<meta property=\"og:image\" content=\"https:\/\/kuken.alfadyser.dev\/wp-content\/uploads\/2020\/03\/Balanzas-cocina-ELECTR\u00d3NICA-5KG-ROJA-KUKEN.jpg\" \/>\n\t<meta property=\"og:image:width\" content=\"853\" \/>\n\t<meta property=\"og:image:height\" content=\"853\" \/>\n\t<meta property=\"og:image:type\" content=\"image\/jpeg\" \/>\n<meta name=\"twitter:card\" content=\"summary_large_image\" \/>\n<meta name=\"twitter:label1\" content=\"Preis\" \/>\n\t<meta name=\"twitter:data1\" content=\"\" \/>\n\t<meta name=\"twitter:label2\" content=\"Verf\u00fcgbarkeit\" \/>\n\t<meta name=\"twitter:data2\" content=\"Auf Lager\" \/>\n<script type=\"application\/ld+json\" class=\"yoast-schema-graph\">{\"@context\":\"https:\/\/schema.org\",\"@graph\":[{\"@type\":\"WebPage\",\"@id\":\"https:\/\/kuken.alfadyser.dev\/producto\/balanza-cocina-cuadrada-roja-5kg-kuken\/\",\"url\":\"https:\/\/kuken.alfadyser.dev\/producto\/balanza-cocina-cuadrada-roja-5kg-kuken\/\",\"name\":\"BALANZA COCINA CUADRADA ROJA 5KG K\u00dcKEN - K\u00fcken\",\"isPartOf\":{\"@id\":\"https:\/\/kuken.alfadyser.dev\/#website\"},\"primaryImageOfPage\":{\"@id\":\"https:\/\/kuken.alfadyser.dev\/producto\/balanza-cocina-cuadrada-roja-5kg-kuken\/#primaryimage\"},\"image\":{\"@id\":\"https:\/\/kuken.alfadyser.dev\/producto\/balanza-cocina-cuadrada-roja-5kg-kuken\/#primaryimage\"},\"thumbnailUrl\":\"https:\/\/kuken.alfadyser.dev\/wp-content\/uploads\/2020\/03\/Balanzas-cocina-ELECTR\u00d3NICA-5KG-ROJA-KUKEN.jpg\",\"datePublished\":\"2020-03-02T09:16:50+00:00\",\"dateModified\":\"2025-07-28T09:42:06+00:00\",\"description\":\"Nueva y exclusiva balanza de cocina cuadrada roja k\u00fcken. Pesa con exactitud hasta 5kg de manera r\u00e1pida y f\u00e1cil, desc\u00fabrela ahora.\",\"breadcrumb\":{\"@id\":\"https:\/\/kuken.alfadyser.dev\/producto\/balanza-cocina-cuadrada-roja-5kg-kuken\/#breadcrumb\"},\"inLanguage\":\"de\",\"potentialAction\":[{\"@type\":\"ReadAction\",\"target\":[\"https:\/\/kuken.alfadyser.dev\/producto\/balanza-cocina-cuadrada-roja-5kg-kuken\/\"]}]},{\"@type\":\"ImageObject\",\"inLanguage\":\"de\",\"@id\":\"https:\/\/kuken.alfadyser.dev\/producto\/balanza-cocina-cuadrada-roja-5kg-kuken\/#primaryimage\",\"url\":\"https:\/\/kuken.alfadyser.dev\/wp-content\/uploads\/2020\/03\/Balanzas-cocina-ELECTR\u00d3NICA-5KG-ROJA-KUKEN.jpg\",\"contentUrl\":\"https:\/\/kuken.alfadyser.dev\/wp-content\/uploads\/2020\/03\/Balanzas-cocina-ELECTR\u00d3NICA-5KG-ROJA-KUKEN.jpg\",\"width\":853,\"height\":853,\"caption\":\"Balanza de cocina cuadrada k\u00fcken de color rojo\"},{\"@type\":\"BreadcrumbList\",\"@id\":\"https:\/\/kuken.alfadyser.dev\/producto\/balanza-cocina-cuadrada-roja-5kg-kuken\/#breadcrumb\",\"itemListElement\":[{\"@type\":\"ListItem\",\"position\":1,\"name\":\"Portada\",\"item\":\"https:\/\/kuken.alfadyser.dev\/\"},{\"@type\":\"ListItem\",\"position\":2,\"name\":\"Productos\",\"item\":\"https:\/\/kuken.alfadyser.dev\/productos\/\"},{\"@type\":\"ListItem\",\"position\":3,\"name\":\"BALANZA COCINA CUADRADA ROJA 5KG K\u00dcKEN\"}]},{\"@type\":\"WebSite\",\"@id\":\"https:\/\/kuken.alfadyser.dev\/#website\",\"url\":\"https:\/\/kuken.alfadyser.dev\/\",\"name\":\"K\u00fcken\",\"description\":\"Amplia gama de peque\u00f1o electrodom\u00e9stico k\u00fcken\",\"publisher\":{\"@id\":\"https:\/\/kuken.alfadyser.dev\/#organization\"},\"potentialAction\":[{\"@type\":\"SearchAction\",\"target\":{\"@type\":\"EntryPoint\",\"urlTemplate\":\"https:\/\/kuken.alfadyser.dev\/?s={search_term_string}\"},\"query-input\":{\"@type\":\"PropertyValueSpecification\",\"valueRequired\":true,\"valueName\":\"search_term_string\"}}],\"inLanguage\":\"de\"},{\"@type\":\"Organization\",\"@id\":\"https:\/\/kuken.alfadyser.dev\/#organization\",\"name\":\"Alfa Dyser\",\"url\":\"https:\/\/kuken.alfadyser.dev\/\",\"logo\":{\"@type\":\"ImageObject\",\"inLanguage\":\"de\",\"@id\":\"https:\/\/kuken.alfadyser.dev\/#\/schema\/logo\/image\/\",\"url\":\"https:\/\/kuken.alfadyser.dev\/wp-content\/uploads\/2019\/04\/kuken-logo.png\",\"contentUrl\":\"https:\/\/kuken.alfadyser.dev\/wp-content\/uploads\/2019\/04\/kuken-logo.png\",\"width\":500,\"height\":191,\"caption\":\"Alfa Dyser\"},\"image\":{\"@id\":\"https:\/\/kuken.alfadyser.dev\/#\/schema\/logo\/image\/\"},\"sameAs\":[\"https:\/\/es-es.facebook.com\/alfadyser\/\",\"https:\/\/www.instagram.com\/kuken_appliances\/\"]}]}<\/script>\n<meta property=\"product:price:currency\" content=\"EUR\" \/>\n<meta property=\"og:availability\" content=\"instock\" \/>\n<meta property=\"product:availability\" content=\"instock\" \/>\n<meta property=\"product:retailer_item_id\" content=\"33708\" \/>\n<meta property=\"product:condition\" content=\"new\" \/>\n<!-- \/ Yoast SEO Premium plugin. -->","yoast_head_json":{"title":"SQUARE RED KITCHEN 5KG SQUARE KITCHEN SCALE - K\u00fcken","description":"Neue und exklusive k\u00fcken rote quadratische K\u00fcchenwaage. Wiegen Sie schnell und einfach bis zu 5 kg genau, entdecken Sie es jetzt.","robots":{"index":"noindex","follow":"follow","max-snippet":"max-snippet:-1","max-image-preview":"max-image-preview:large","max-video-preview":"max-video-preview:-1"},"og_locale":"de_DE","og_type":"article","og_title":"BALANZA COCINA CUADRADA ROJA 5KG K\u00dcKEN","og_description":"Nueva y exclusiva balanza de cocina cuadrada roja k\u00fcken. Pesa con exactitud hasta 5kg de manera r\u00e1pida y f\u00e1cil, desc\u00fabrela ahora.","og_url":"https:\/\/kuken.alfadyser.dev\/de\/produkt\/kuchenwaage-quadrat-rot-rot-5kg-kuken\/","og_site_name":"K\u00fcken","article_publisher":"https:\/\/es-es.facebook.com\/alfadyser\/","article_modified_time":"2025-07-28T09:42:06+00:00","og_image":[{"width":853,"height":853,"url":"https:\/\/kuken.alfadyser.dev\/wp-content\/uploads\/2020\/03\/Balanzas-cocina-ELECTR\u00d3NICA-5KG-ROJA-KUKEN.jpg","type":"image\/jpeg"}],"twitter_card":"summary_large_image","twitter_misc":{"Preis":"","Verf\u00fcgbarkeit":"Auf Lager"},"schema":{"@context":"https:\/\/schema.org","@graph":[{"@type":"WebPage","@id":"https:\/\/kuken.alfadyser.dev\/producto\/balanza-cocina-cuadrada-roja-5kg-kuken\/","url":"https:\/\/kuken.alfadyser.dev\/producto\/balanza-cocina-cuadrada-roja-5kg-kuken\/","name":"SQUARE RED KITCHEN 5KG SQUARE KITCHEN SCALE - K\u00fcken","isPartOf":{"@id":"https:\/\/kuken.alfadyser.dev\/#website"},"primaryImageOfPage":{"@id":"https:\/\/kuken.alfadyser.dev\/producto\/balanza-cocina-cuadrada-roja-5kg-kuken\/#primaryimage"},"image":{"@id":"https:\/\/kuken.alfadyser.dev\/producto\/balanza-cocina-cuadrada-roja-5kg-kuken\/#primaryimage"},"thumbnailUrl":"https:\/\/kuken.alfadyser.dev\/wp-content\/uploads\/2020\/03\/Balanzas-cocina-ELECTR\u00d3NICA-5KG-ROJA-KUKEN.jpg","datePublished":"2020-03-02T09:16:50+00:00","dateModified":"2025-07-28T09:42:06+00:00","description":"Neue und exklusive k\u00fcken rote quadratische K\u00fcchenwaage. Wiegen Sie schnell und einfach bis zu 5 kg genau, entdecken Sie es jetzt.","breadcrumb":{"@id":"https:\/\/kuken.alfadyser.dev\/producto\/balanza-cocina-cuadrada-roja-5kg-kuken\/#breadcrumb"},"inLanguage":"de","potentialAction":[{"@type":"ReadAction","target":["https:\/\/kuken.alfadyser.dev\/producto\/balanza-cocina-cuadrada-roja-5kg-kuken\/"]}]},{"@type":"ImageObject","inLanguage":"de","@id":"https:\/\/kuken.alfadyser.dev\/producto\/balanza-cocina-cuadrada-roja-5kg-kuken\/#primaryimage","url":"https:\/\/kuken.alfadyser.dev\/wp-content\/uploads\/2020\/03\/Balanzas-cocina-ELECTR\u00d3NICA-5KG-ROJA-KUKEN.jpg","contentUrl":"https:\/\/kuken.alfadyser.dev\/wp-content\/uploads\/2020\/03\/Balanzas-cocina-ELECTR\u00d3NICA-5KG-ROJA-KUKEN.jpg","width":853,"height":853,"caption":"Balanza de cocina cuadrada k\u00fcken de color rojo"},{"@type":"BreadcrumbList","@id":"https:\/\/kuken.alfadyser.dev\/producto\/balanza-cocina-cuadrada-roja-5kg-kuken\/#breadcrumb","itemListElement":[{"@type":"ListItem","position":1,"name":"Portada","item":"https:\/\/kuken.alfadyser.dev\/"},{"@type":"ListItem","position":2,"name":"Productos","item":"https:\/\/kuken.alfadyser.dev\/productos\/"},{"@type":"ListItem","position":3,"name":"BALANZA COCINA CUADRADA ROJA 5KG K\u00dcKEN"}]},{"@type":"WebSite","@id":"https:\/\/kuken.alfadyser.dev\/#website","url":"https:\/\/kuken.alfadyser.dev\/","name":"K\u00fcken","description":"Gro\u00dfe Auswahl an k\u00fcken Haushaltskleinger\u00e4ten","publisher":{"@id":"https:\/\/kuken.alfadyser.dev\/#organization"},"potentialAction":[{"@type":"SearchAction","target":{"@type":"EntryPoint","urlTemplate":"https:\/\/kuken.alfadyser.dev\/?s={search_term_string}"},"query-input":{"@type":"PropertyValueSpecification","valueRequired":true,"valueName":"search_term_string"}}],"inLanguage":"de"},{"@type":"Organization","@id":"https:\/\/kuken.alfadyser.dev\/#organization","name":"Alpha Dyser","url":"https:\/\/kuken.alfadyser.dev\/","logo":{"@type":"ImageObject","inLanguage":"de","@id":"https:\/\/kuken.alfadyser.dev\/#\/schema\/logo\/image\/","url":"https:\/\/kuken.alfadyser.dev\/wp-content\/uploads\/2019\/04\/kuken-logo.png","contentUrl":"https:\/\/kuken.alfadyser.dev\/wp-content\/uploads\/2019\/04\/kuken-logo.png","width":500,"height":191,"caption":"Alfa Dyser"},"image":{"@id":"https:\/\/kuken.alfadyser.dev\/#\/schema\/logo\/image\/"},"sameAs":["https:\/\/es-es.facebook.com\/alfadyser\/","https:\/\/www.instagram.com\/kuken_appliances\/"]}]},"product_price_currency":"EUR","og_availability":"instock","product_availability":"instock","product_retailer_item_id":"33708","product_condition":"new"},"_links":{"self":[{"href":"https:\/\/kuken.alfadyser.dev\/de\/wp-json\/wp\/v2\/product\/3388","targetHints":{"allow":["GET"]}}],"collection":[{"href":"https:\/\/kuken.alfadyser.dev\/de\/wp-json\/wp\/v2\/product"}],"about":[{"href":"https:\/\/kuken.alfadyser.dev\/de\/wp-json\/wp\/v2\/types\/product"}],"wp:featuredmedia":[{"embeddable":true,"href":"https:\/\/kuken.alfadyser.dev\/de\/wp-json\/wp\/v2\/media\/3389"}],"wp:attachment":[{"href":"https:\/\/kuken.alfadyser.dev\/de\/wp-json\/wp\/v2\/media?parent=3388"}],"wp:term":[{"taxonomy":"product_brand","embeddable":true,"href":"https:\/\/kuken.alfadyser.dev\/de\/wp-json\/wp\/v2\/product_brand?post=3388"},{"taxonomy":"product_cat","embeddable":true,"href":"https:\/\/kuken.alfadyser.dev\/de\/wp-json\/wp\/v2\/product_cat?post=3388"},{"taxonomy":"product_tag","embeddable":true,"href":"https:\/\/kuken.alfadyser.dev\/de\/wp-json\/wp\/v2\/product_tag?post=3388"}],"curies":[{"name":"wp","href":"https:\/\/api.w.org\/{rel}","templated":true}]}}