{"id":3366,"date":"2020-03-02T10:16:10","date_gmt":"2020-03-02T09:16:10","guid":{"rendered":"https:\/\/kuken.alfadyser.dev\/producto\/balanzas-cocina-electronica-bluetooth-5kg-kuken\/"},"modified":"2025-07-28T11:42:46","modified_gmt":"2025-07-28T09:42:46","slug":"kuche-schwarz-bluetooth-5kg-kuken-waage","status":"publish","type":"product","link":"https:\/\/kuken.alfadyser.dev\/de\/produkt\/kuche-schwarz-bluetooth-5kg-kuken-waage\/","title":{"rendered":"K\u00dcKEN BLUETOOTH SCHWARZ K\u00dcCHENWAAGE 5KG"},"content":{"rendered":"<p>K\u00dcKEN BLUETOOTH SCHWARZ K\u00dcCHENWAAGE 5KG<\/p>\n<ul data-start=\"807\" data-end=\"1572\">\n<li data-start=\"807\" data-end=\"882\">\n<p data-start=\"809\" data-end=\"882\">Dise\u00f1o elegante en cristal templado, resistente y f\u00e1cil de limpiar.<\/p>\n<\/li>\n<li data-start=\"883\" data-end=\"948\">\n<p data-start=\"885\" data-end=\"948\">Acabado en color negro, con estilo moderno y profesional.<\/p>\n<\/li>\n<li data-start=\"949\" data-end=\"1018\">\n<p data-start=\"951\" data-end=\"1018\">Formato extraplanar y ligero, ideal para almacenaje compacto.<\/p>\n<\/li>\n<li data-start=\"1019\" data-end=\"1094\">\n<p data-start=\"1021\" data-end=\"1094\">Pantalla LCD digital con botones t\u00e1ctiles de alta sensibilidad.<\/p>\n<\/li>\n<li data-start=\"1095\" data-end=\"1169\">\n<p data-start=\"1097\" data-end=\"1169\">Capacidad de pesaje: m\u00ednimo 1 g \/ m\u00e1ximo 5 kg, con alta precisi\u00f3n.<\/p>\n<\/li>\n<li data-start=\"1170\" data-end=\"1249\">\n<p data-start=\"1172\" data-end=\"1249\">Funci\u00f3n TARA, permite pesar ingredientes por separado o con recipiente.<\/p>\n<\/li>\n<li data-start=\"1250\" data-end=\"1319\">\n<p data-start=\"1252\" data-end=\"1319\">Interruptor UNIT para seleccionar entre g \/ lb \/ oz \/ ml.<\/p>\n<\/li>\n<li data-start=\"1320\" data-end=\"1407\">\n<p data-start=\"1322\" data-end=\"1407\">Conectividad Bluetooth, compatible con app m\u00f3vil para an\u00e1lisis nutricional.<\/p>\n<\/li>\n<li data-start=\"1408\" data-end=\"1466\">\n<p data-start=\"1410\" data-end=\"1466\">Apagado autom\u00e1tico, ahorro energ\u00e9tico inteligente.<\/p>\n<\/li>\n<li data-start=\"1467\" data-end=\"1529\">\n<p data-start=\"1469\" data-end=\"1529\">Patas de goma antideslizantes, para mayor estabilidad.<\/p>\n<\/li>\n<li data-start=\"1530\" data-end=\"1572\">\n<p data-start=\"1532\" data-end=\"1572\">Funciona con 2 pilas AAA, incluidas.<\/p>\n<\/li>\n<\/ul>\n<p><div class=\"accordion\"><div class=\"mfn-acc accordion_wrapper  toggle\"><div class=\"question\"><div class=\"title\"><i class=\"icon-plus acc-icon-plus\" aria-hidden=\"true\"><\/i><i class=\"icon-minus acc-icon-minus\" aria-hidden=\"true\"><\/i>Produktdaten<\/div><div class=\"answer\">EAN 8425160343224<\/p>\n<p>K\u00dcKEN BLUETOOTH SCHWARZ K\u00dcCHENWAAGE 5KG<\/p>\n<p>Packeinheit 1<br \/>\nFarbe Schwarz<br \/>\nVerpackung Box Farbe<br \/>\nMaterial Geh\u00e4rtetes Glas.<br \/>\nRutschfeste F\u00fc\u00dfe Ja<br \/>\nStromversorgung durch 2 AAA-Batterien (im Lieferumfang enthalten)<br \/>\nGewicht 0,37 kg.<\/div><\/div>\n<\/div><\/div>\n<br \/>\n<div class=\"accordion\"><div class=\"mfn-acc accordion_wrapper  toggle\"><div class=\"question\"><div class=\"title\"><i class=\"icon-plus acc-icon-plus\" aria-hidden=\"true\"><\/i><i class=\"icon-minus acc-icon-minus\" aria-hidden=\"true\"><\/i>Zubeh\u00f6r<\/div><div class=\"answer\"><\/div><\/div>\n<\/div><\/div>\n<\/p>\n<div class=\"descargas-producto\"><a href=\"https:\/\/kuken.alfadyser.dev\/wp-content\/uploads\/34322.pdf\" target=\"_blank\" rel=\"noopener noreferrer\"><br \/>\n<img loading=\"lazy\" decoding=\"async\" src=\"\/wp-content\/uploads\/2019\/12\/picto-descarrega.png\" alt=\"Datenblatt herunterladen\" width=\"23\" height=\"16\" \/>Blatt herunterladen<\/a><a href=\"https:\/\/kuken.alfadyser.dev\/wp-content\/uploads\/34322_instructiones.pdf\" target=\"_blank\" rel=\"noopener noreferrer\"><br \/>\n<img loading=\"lazy\" decoding=\"async\" src=\"\/wp-content\/uploads\/2019\/12\/picto-descarrega.png\" alt=\"Gebrauchsanweisung herunterladen\" width=\"23\" height=\"16\" \/>Handbuch herunterladen<\/a><\/div>\n<div><\/div>\n<div><span style=\"color: #bf2121\">Folgen Sie uns auf den sozialen Medien!<\/span><\/div>\n<div><a href=\"https:\/\/www.instagram.com\/kuken_appliances\/\">https:\/\/www.instagram.com\/kuken_appliances\/<\/a><\/div>","protected":false},"excerpt":{"rendered":"<p data-start=\"485\" data-end=\"636\">La aliada perfecta para tu cocina saludable. Con Bluetooth y app m\u00f3vil, analiza el peso y la nutrici\u00f3n de tus alimentos. Precisa, elegante y funcional.<\/p>\n<p data-start=\"638\" data-end=\"733\">","protected":false},"featured_media":3367,"template":"","meta":[],"product_brand":[],"product_cat":[233],"product_tag":[],"class_list":{"0":"post-3366","1":"product","2":"type-product","3":"status-publish","4":"has-post-thumbnail","6":"product_cat-balanzas-cocina","8":"first","9":"instock","10":"product-type-simple"},"yoast_head":"<!-- This site is optimized with the Yoast SEO Premium plugin v24.0 (Yoast SEO v26.5) - https:\/\/yoast.com\/wordpress\/plugins\/seo\/ -->\n<title>BALANZA COCINA NEGRA BLUETOOTH 5KG K\u00dcKEN - K\u00fcken<\/title>\n<meta name=\"description\" content=\"Nueva y exclusiva balanza de cocina negra k\u00fcken con bluetooth. Pesa con exactitud hasta 5kg de manera r\u00e1pida y f\u00e1cil, desc\u00fabrela ahora.\" \/>\n<meta name=\"robots\" content=\"noindex, follow, max-snippet:-1, max-image-preview:large, max-video-preview:-1\" \/>\n<meta property=\"og:locale\" content=\"de_DE\" \/>\n<meta property=\"og:type\" content=\"article\" \/>\n<meta property=\"og:title\" content=\"BALANZA COCINA NEGRA BLUETOOTH 5KG K\u00dcKEN\" \/>\n<meta property=\"og:description\" content=\"Nueva y exclusiva balanza de cocina negra k\u00fcken con bluetooth. Pesa con exactitud hasta 5kg de manera r\u00e1pida y f\u00e1cil, desc\u00fabrela ahora.\" \/>\n<meta property=\"og:url\" content=\"https:\/\/kuken.alfadyser.dev\/de\/produkt\/kuche-schwarz-bluetooth-5kg-kuken-waage\/\" \/>\n<meta property=\"og:site_name\" content=\"K\u00fcken\" \/>\n<meta property=\"article:publisher\" content=\"https:\/\/es-es.facebook.com\/alfadyser\/\" \/>\n<meta property=\"article:modified_time\" content=\"2025-07-28T09:42:46+00:00\" \/>\n<meta property=\"og:image\" content=\"https:\/\/kuken.alfadyser.dev\/wp-content\/uploads\/2020\/03\/Balanzas-cocina-ELECTR\u00d3NICA-BLUETOOTH-5KG-KUKEN.jpg\" \/>\n\t<meta property=\"og:image:width\" content=\"853\" \/>\n\t<meta property=\"og:image:height\" content=\"853\" \/>\n\t<meta property=\"og:image:type\" content=\"image\/jpeg\" \/>\n<meta name=\"twitter:card\" content=\"summary_large_image\" \/>\n<meta name=\"twitter:label1\" content=\"Preis\" \/>\n\t<meta name=\"twitter:data1\" content=\"\" \/>\n\t<meta name=\"twitter:label2\" content=\"Verf\u00fcgbarkeit\" \/>\n\t<meta name=\"twitter:data2\" content=\"Auf Lager\" \/>\n<script type=\"application\/ld+json\" class=\"yoast-schema-graph\">{\"@context\":\"https:\/\/schema.org\",\"@graph\":[{\"@type\":\"WebPage\",\"@id\":\"https:\/\/kuken.alfadyser.dev\/producto\/balanza-cocina-negra-bluetooth-5kg-kuken\/\",\"url\":\"https:\/\/kuken.alfadyser.dev\/producto\/balanza-cocina-negra-bluetooth-5kg-kuken\/\",\"name\":\"BALANZA COCINA NEGRA BLUETOOTH 5KG K\u00dcKEN - K\u00fcken\",\"isPartOf\":{\"@id\":\"https:\/\/kuken.alfadyser.dev\/#website\"},\"primaryImageOfPage\":{\"@id\":\"https:\/\/kuken.alfadyser.dev\/producto\/balanza-cocina-negra-bluetooth-5kg-kuken\/#primaryimage\"},\"image\":{\"@id\":\"https:\/\/kuken.alfadyser.dev\/producto\/balanza-cocina-negra-bluetooth-5kg-kuken\/#primaryimage\"},\"thumbnailUrl\":\"https:\/\/kuken.alfadyser.dev\/wp-content\/uploads\/2020\/03\/Balanzas-cocina-ELECTR\u00d3NICA-BLUETOOTH-5KG-KUKEN.jpg\",\"datePublished\":\"2020-03-02T09:16:10+00:00\",\"dateModified\":\"2025-07-28T09:42:46+00:00\",\"description\":\"Nueva y exclusiva balanza de cocina negra k\u00fcken con bluetooth. Pesa con exactitud hasta 5kg de manera r\u00e1pida y f\u00e1cil, desc\u00fabrela ahora.\",\"breadcrumb\":{\"@id\":\"https:\/\/kuken.alfadyser.dev\/producto\/balanza-cocina-negra-bluetooth-5kg-kuken\/#breadcrumb\"},\"inLanguage\":\"de\",\"potentialAction\":[{\"@type\":\"ReadAction\",\"target\":[\"https:\/\/kuken.alfadyser.dev\/producto\/balanza-cocina-negra-bluetooth-5kg-kuken\/\"]}]},{\"@type\":\"ImageObject\",\"inLanguage\":\"de\",\"@id\":\"https:\/\/kuken.alfadyser.dev\/producto\/balanza-cocina-negra-bluetooth-5kg-kuken\/#primaryimage\",\"url\":\"https:\/\/kuken.alfadyser.dev\/wp-content\/uploads\/2020\/03\/Balanzas-cocina-ELECTR\u00d3NICA-BLUETOOTH-5KG-KUKEN.jpg\",\"contentUrl\":\"https:\/\/kuken.alfadyser.dev\/wp-content\/uploads\/2020\/03\/Balanzas-cocina-ELECTR\u00d3NICA-BLUETOOTH-5KG-KUKEN.jpg\",\"width\":853,\"height\":853,\"caption\":\"Balanza de cocina con bluetooth k\u00fcken negra\"},{\"@type\":\"BreadcrumbList\",\"@id\":\"https:\/\/kuken.alfadyser.dev\/producto\/balanza-cocina-negra-bluetooth-5kg-kuken\/#breadcrumb\",\"itemListElement\":[{\"@type\":\"ListItem\",\"position\":1,\"name\":\"Portada\",\"item\":\"https:\/\/kuken.alfadyser.dev\/\"},{\"@type\":\"ListItem\",\"position\":2,\"name\":\"Productos\",\"item\":\"https:\/\/kuken.alfadyser.dev\/productos\/\"},{\"@type\":\"ListItem\",\"position\":3,\"name\":\"BALANZA COCINA NEGRA BLUETOOTH 5KG K\u00dcKEN\"}]},{\"@type\":\"WebSite\",\"@id\":\"https:\/\/kuken.alfadyser.dev\/#website\",\"url\":\"https:\/\/kuken.alfadyser.dev\/\",\"name\":\"K\u00fcken\",\"description\":\"Amplia gama de peque\u00f1o electrodom\u00e9stico k\u00fcken\",\"publisher\":{\"@id\":\"https:\/\/kuken.alfadyser.dev\/#organization\"},\"potentialAction\":[{\"@type\":\"SearchAction\",\"target\":{\"@type\":\"EntryPoint\",\"urlTemplate\":\"https:\/\/kuken.alfadyser.dev\/?s={search_term_string}\"},\"query-input\":{\"@type\":\"PropertyValueSpecification\",\"valueRequired\":true,\"valueName\":\"search_term_string\"}}],\"inLanguage\":\"de\"},{\"@type\":\"Organization\",\"@id\":\"https:\/\/kuken.alfadyser.dev\/#organization\",\"name\":\"Alfa Dyser\",\"url\":\"https:\/\/kuken.alfadyser.dev\/\",\"logo\":{\"@type\":\"ImageObject\",\"inLanguage\":\"de\",\"@id\":\"https:\/\/kuken.alfadyser.dev\/#\/schema\/logo\/image\/\",\"url\":\"https:\/\/kuken.alfadyser.dev\/wp-content\/uploads\/2019\/04\/kuken-logo.png\",\"contentUrl\":\"https:\/\/kuken.alfadyser.dev\/wp-content\/uploads\/2019\/04\/kuken-logo.png\",\"width\":500,\"height\":191,\"caption\":\"Alfa Dyser\"},\"image\":{\"@id\":\"https:\/\/kuken.alfadyser.dev\/#\/schema\/logo\/image\/\"},\"sameAs\":[\"https:\/\/es-es.facebook.com\/alfadyser\/\",\"https:\/\/www.instagram.com\/kuken_appliances\/\"]}]}<\/script>\n<meta property=\"product:price:currency\" content=\"EUR\" \/>\n<meta property=\"og:availability\" content=\"instock\" \/>\n<meta property=\"product:availability\" content=\"instock\" \/>\n<meta property=\"product:retailer_item_id\" content=\"34322\" \/>\n<meta property=\"product:condition\" content=\"new\" \/>\n<!-- \/ Yoast SEO Premium plugin. -->","yoast_head_json":{"title":"K\u00dcKEN BLACK BLUETOOTH 5KG K\u00dcCHENWAAGE - K\u00fcken","description":"Neue und exklusive schwarze k\u00fcken K\u00fcchenwaage mit Bluetooth. Wiegen Sie schnell und einfach bis zu 5 kg genau, entdecken Sie es jetzt.","robots":{"index":"noindex","follow":"follow","max-snippet":"max-snippet:-1","max-image-preview":"max-image-preview:large","max-video-preview":"max-video-preview:-1"},"og_locale":"de_DE","og_type":"article","og_title":"BALANZA COCINA NEGRA BLUETOOTH 5KG K\u00dcKEN","og_description":"Nueva y exclusiva balanza de cocina negra k\u00fcken con bluetooth. Pesa con exactitud hasta 5kg de manera r\u00e1pida y f\u00e1cil, desc\u00fabrela ahora.","og_url":"https:\/\/kuken.alfadyser.dev\/de\/produkt\/kuche-schwarz-bluetooth-5kg-kuken-waage\/","og_site_name":"K\u00fcken","article_publisher":"https:\/\/es-es.facebook.com\/alfadyser\/","article_modified_time":"2025-07-28T09:42:46+00:00","og_image":[{"width":853,"height":853,"url":"https:\/\/kuken.alfadyser.dev\/wp-content\/uploads\/2020\/03\/Balanzas-cocina-ELECTR\u00d3NICA-BLUETOOTH-5KG-KUKEN.jpg","type":"image\/jpeg"}],"twitter_card":"summary_large_image","twitter_misc":{"Preis":"","Verf\u00fcgbarkeit":"Auf Lager"},"schema":{"@context":"https:\/\/schema.org","@graph":[{"@type":"WebPage","@id":"https:\/\/kuken.alfadyser.dev\/producto\/balanza-cocina-negra-bluetooth-5kg-kuken\/","url":"https:\/\/kuken.alfadyser.dev\/producto\/balanza-cocina-negra-bluetooth-5kg-kuken\/","name":"K\u00dcKEN BLACK BLUETOOTH 5KG K\u00dcCHENWAAGE - K\u00fcken","isPartOf":{"@id":"https:\/\/kuken.alfadyser.dev\/#website"},"primaryImageOfPage":{"@id":"https:\/\/kuken.alfadyser.dev\/producto\/balanza-cocina-negra-bluetooth-5kg-kuken\/#primaryimage"},"image":{"@id":"https:\/\/kuken.alfadyser.dev\/producto\/balanza-cocina-negra-bluetooth-5kg-kuken\/#primaryimage"},"thumbnailUrl":"https:\/\/kuken.alfadyser.dev\/wp-content\/uploads\/2020\/03\/Balanzas-cocina-ELECTR\u00d3NICA-BLUETOOTH-5KG-KUKEN.jpg","datePublished":"2020-03-02T09:16:10+00:00","dateModified":"2025-07-28T09:42:46+00:00","description":"Neue und exklusive schwarze k\u00fcken K\u00fcchenwaage mit Bluetooth. Wiegen Sie schnell und einfach bis zu 5 kg genau, entdecken Sie es jetzt.","breadcrumb":{"@id":"https:\/\/kuken.alfadyser.dev\/producto\/balanza-cocina-negra-bluetooth-5kg-kuken\/#breadcrumb"},"inLanguage":"de","potentialAction":[{"@type":"ReadAction","target":["https:\/\/kuken.alfadyser.dev\/producto\/balanza-cocina-negra-bluetooth-5kg-kuken\/"]}]},{"@type":"ImageObject","inLanguage":"de","@id":"https:\/\/kuken.alfadyser.dev\/producto\/balanza-cocina-negra-bluetooth-5kg-kuken\/#primaryimage","url":"https:\/\/kuken.alfadyser.dev\/wp-content\/uploads\/2020\/03\/Balanzas-cocina-ELECTR\u00d3NICA-BLUETOOTH-5KG-KUKEN.jpg","contentUrl":"https:\/\/kuken.alfadyser.dev\/wp-content\/uploads\/2020\/03\/Balanzas-cocina-ELECTR\u00d3NICA-BLUETOOTH-5KG-KUKEN.jpg","width":853,"height":853,"caption":"Balanza de cocina con bluetooth k\u00fcken negra"},{"@type":"BreadcrumbList","@id":"https:\/\/kuken.alfadyser.dev\/producto\/balanza-cocina-negra-bluetooth-5kg-kuken\/#breadcrumb","itemListElement":[{"@type":"ListItem","position":1,"name":"Portada","item":"https:\/\/kuken.alfadyser.dev\/"},{"@type":"ListItem","position":2,"name":"Productos","item":"https:\/\/kuken.alfadyser.dev\/productos\/"},{"@type":"ListItem","position":3,"name":"BALANZA COCINA NEGRA BLUETOOTH 5KG K\u00dcKEN"}]},{"@type":"WebSite","@id":"https:\/\/kuken.alfadyser.dev\/#website","url":"https:\/\/kuken.alfadyser.dev\/","name":"K\u00fcken","description":"Gro\u00dfe Auswahl an k\u00fcken Haushaltskleinger\u00e4ten","publisher":{"@id":"https:\/\/kuken.alfadyser.dev\/#organization"},"potentialAction":[{"@type":"SearchAction","target":{"@type":"EntryPoint","urlTemplate":"https:\/\/kuken.alfadyser.dev\/?s={search_term_string}"},"query-input":{"@type":"PropertyValueSpecification","valueRequired":true,"valueName":"search_term_string"}}],"inLanguage":"de"},{"@type":"Organization","@id":"https:\/\/kuken.alfadyser.dev\/#organization","name":"Alpha Dyser","url":"https:\/\/kuken.alfadyser.dev\/","logo":{"@type":"ImageObject","inLanguage":"de","@id":"https:\/\/kuken.alfadyser.dev\/#\/schema\/logo\/image\/","url":"https:\/\/kuken.alfadyser.dev\/wp-content\/uploads\/2019\/04\/kuken-logo.png","contentUrl":"https:\/\/kuken.alfadyser.dev\/wp-content\/uploads\/2019\/04\/kuken-logo.png","width":500,"height":191,"caption":"Alfa Dyser"},"image":{"@id":"https:\/\/kuken.alfadyser.dev\/#\/schema\/logo\/image\/"},"sameAs":["https:\/\/es-es.facebook.com\/alfadyser\/","https:\/\/www.instagram.com\/kuken_appliances\/"]}]},"product_price_currency":"EUR","og_availability":"instock","product_availability":"instock","product_retailer_item_id":"34322","product_condition":"new"},"_links":{"self":[{"href":"https:\/\/kuken.alfadyser.dev\/de\/wp-json\/wp\/v2\/product\/3366","targetHints":{"allow":["GET"]}}],"collection":[{"href":"https:\/\/kuken.alfadyser.dev\/de\/wp-json\/wp\/v2\/product"}],"about":[{"href":"https:\/\/kuken.alfadyser.dev\/de\/wp-json\/wp\/v2\/types\/product"}],"wp:featuredmedia":[{"embeddable":true,"href":"https:\/\/kuken.alfadyser.dev\/de\/wp-json\/wp\/v2\/media\/3367"}],"wp:attachment":[{"href":"https:\/\/kuken.alfadyser.dev\/de\/wp-json\/wp\/v2\/media?parent=3366"}],"wp:term":[{"taxonomy":"product_brand","embeddable":true,"href":"https:\/\/kuken.alfadyser.dev\/de\/wp-json\/wp\/v2\/product_brand?post=3366"},{"taxonomy":"product_cat","embeddable":true,"href":"https:\/\/kuken.alfadyser.dev\/de\/wp-json\/wp\/v2\/product_cat?post=3366"},{"taxonomy":"product_tag","embeddable":true,"href":"https:\/\/kuken.alfadyser.dev\/de\/wp-json\/wp\/v2\/product_tag?post=3366"}],"curies":[{"name":"wp","href":"https:\/\/api.w.org\/{rel}","templated":true}]}}