{"id":3328,"date":"2020-03-02T10:14:43","date_gmt":"2020-03-02T09:14:43","guid":{"rendered":"https:\/\/kuken.alfadyser.dev\/producto\/raclette-grill-redonda-900w-kuken\/"},"modified":"2025-07-28T12:11:06","modified_gmt":"2025-07-28T10:11:06","slug":"raclette-grill-rund-900w-kuken","status":"publish","type":"product","link":"https:\/\/kuken.alfadyser.dev\/de\/produkt\/raclette-grill-rund-900w-kuken\/","title":{"rendered":"RACLETTE GRILL RUND 900W K\u00dcKEN"},"content":{"rendered":"<p>RACLETTE GRILL RUND 900W K\u00dcKEN<\/p>\n<ul>\n<li data-start=\"755\" data-end=\"827\">\n<p data-start=\"757\" data-end=\"827\">Plancha circular antiadherente tipo grill de 300 mm de di\u00e1metro.<\/p>\n<\/li>\n<li data-start=\"828\" data-end=\"897\">\n<p data-start=\"830\" data-end=\"897\">Incluye 6 palas raclette para derretir queso simult\u00e1neamente.<\/p>\n<\/li>\n<li data-start=\"898\" data-end=\"986\">\n<p data-start=\"900\" data-end=\"986\">Avisador luminoso de encendido, indica cu\u00e1ndo el aparato est\u00e1 en funcionamiento.<\/p>\n<\/li>\n<li data-start=\"987\" data-end=\"1060\">\n<p data-start=\"989\" data-end=\"1060\">Dise\u00f1o desmontable, facilita el acceso y la limpieza tras su uso.<\/p>\n<\/li>\n<li data-start=\"1061\" data-end=\"1139\">\n<p data-start=\"1063\" data-end=\"1139\">Ideal para preparar carnes, verduras, huevos y quesos al estilo suizo.<\/p>\n<\/li>\n<li data-start=\"1140\" data-end=\"1219\">\n<p data-start=\"1142\" data-end=\"1219\">Superficie de cocci\u00f3n antiadherente, evita que los alimentos se peguen.<\/p>\n<\/li>\n<li data-start=\"1220\" data-end=\"1286\">\n<p data-start=\"1222\" data-end=\"1286\">Potencia de 900 W, permite una cocci\u00f3n r\u00e1pida y homog\u00e9nea.<\/p>\n<\/li>\n<li data-start=\"1287\" data-end=\"1363\">\n<p data-start=\"1289\" data-end=\"1363\">Perfecta para compartir momentos especiales con familiares y amigos.<\/p>\n<\/li>\n<li data-start=\"1364\" data-end=\"1425\">\n<p data-start=\"1366\" data-end=\"1425\">Compacta y pr\u00e1ctica para almacenar cuando no est\u00e1 en uso.<\/p>\n<\/li>\n<li data-start=\"1426\" data-end=\"1498\">\n<p data-start=\"1428\" data-end=\"1498\">Combinaci\u00f3n ideal de convivencia, sabor y funcionalidad dom\u00e9stica.<\/p>\n<\/li>\n<\/ul>\n<p><div class=\"accordion\"><div class=\"mfn-acc accordion_wrapper  toggle\"><div class=\"question\"><div class=\"title\"><i class=\"icon-plus acc-icon-plus\" aria-hidden=\"true\"><\/i><i class=\"icon-minus acc-icon-minus\" aria-hidden=\"true\"><\/i>Produktdaten<\/div><div class=\"answer\">EAN 8425160340261<\/p>\n<p>RACLETTE GRILL RUND 900W K\u00dcKEN<\/p>\n<p>Packeinheit 1<br \/>\nFarbe Schwarz<br \/>\nVerpackung Box Farbe<br \/>\nLeistung 900 W<br \/>\nSpannung 230 V<br \/>\nAbmessungen (\u00d8xH): \u00d8 300\u00d7130 mm<br \/>\nAbnehmbar Ja<br \/>\nRutschfeste F\u00fc\u00dfe Ja<br \/>\nGewicht 1,75 kg.<\/div><\/div>\n<\/div><\/div>\n<br \/>\n<div class=\"accordion\"><div class=\"mfn-acc accordion_wrapper  toggle\"><div class=\"question\"><div class=\"title\"><i class=\"icon-plus acc-icon-plus\" aria-hidden=\"true\"><\/i><i class=\"icon-minus acc-icon-minus\" aria-hidden=\"true\"><\/i>Zubeh\u00f6r<\/div><div class=\"answer\"><\/div><\/div>\n<\/div><\/div>\n<\/p>\n<div class=\"descargas-producto\"><a href=\"\/wp-content\/uploads\/pdf\/8425160340261_ficha_tecnica.pdf\" target=\"_blank\" rel=\"noopener noreferrer\"><br \/>\n<img loading=\"lazy\" decoding=\"async\" src=\"\/wp-content\/uploads\/2019\/12\/picto-descarrega.png\" alt=\"Datenblatt herunterladen\" width=\"23\" height=\"16\" \/>Blatt herunterladen<\/a><a href=\"https:\/\/kuken.alfadyser.dev\/wp-content\/uploads\/pdf\/34026_intrucciones_new.pdf\" target=\"_blank\" rel=\"noopener noreferrer\"><br \/>\n<img loading=\"lazy\" decoding=\"async\" src=\"\/wp-content\/uploads\/2019\/12\/picto-descarrega.png\" alt=\"Gebrauchsanweisung herunterladen\" width=\"23\" height=\"16\" \/>Handbuch herunterladen<\/a><\/div>\n<div><\/div>\n<div><span style=\"color: #bf2121\">Folgen Sie uns auf den sozialen Medien!<\/span><\/div>\n<div><a href=\"https:\/\/www.instagram.com\/kuken_appliances\/\">https:\/\/www.instagram.com\/kuken_appliances\/<\/a><\/div>\n<div><\/div>\n<p><iframe loading=\"lazy\" title=\"Raclette grill redonda 900w k\u00fcken\" width=\"560\" height=\"315\" src=\"https:\/\/www.youtube.com\/embed\/7Oy3RL-aCS8?feature=oembed\" frameborder=\"0\" allow=\"accelerometer; autoplay; clipboard-write; encrypted-media; gyroscope; picture-in-picture; web-share\" referrerpolicy=\"strict-origin-when-cross-origin\" allowfullscreen><\/iframe><\/p>","protected":false},"excerpt":{"rendered":"<p data-start=\"450\" data-end=\"600\">Perfecta para reuniones y cenas en grupo. Raclette grill con plancha tipo grill, 6 palas para queso y estructura desmontable que facilita la limpieza.<\/p>\n<p data-start=\"602\" data-end=\"681\">","protected":false},"featured_media":3329,"template":"","meta":[],"product_brand":[],"product_cat":[238],"product_tag":[],"class_list":{"0":"post-3328","1":"product","2":"type-product","3":"status-publish","4":"has-post-thumbnail","6":"product_cat-fondue-raclette-palomiteros","8":"first","9":"instock","10":"product-type-simple"},"yoast_head":"<!-- This site is optimized with the Yoast SEO Premium plugin v24.0 (Yoast SEO v26.5) - https:\/\/yoast.com\/wordpress\/plugins\/seo\/ -->\n<title>RACLETTE GRILL REDONDA 900W K\u00dcKEN - K\u00fcken<\/title>\n<meta name=\"description\" content=\"Exclusiva raclette grill redonda k\u00fcken. Funde queso, cocina verduras y carne con tus amigos de manera m\u00e1s r\u00e1pida y f\u00e1cil, desc\u00fabrela ahora.\" \/>\n<meta name=\"robots\" content=\"noindex, follow, max-snippet:-1, max-image-preview:large, max-video-preview:-1\" \/>\n<meta property=\"og:locale\" content=\"de_DE\" \/>\n<meta property=\"og:type\" content=\"article\" \/>\n<meta property=\"og:title\" content=\"RACLETTE GRILL REDONDA 900W K\u00dcKEN\" \/>\n<meta property=\"og:description\" content=\"Exclusiva raclette grill redonda k\u00fcken. Funde queso, cocina verduras y carne con tus amigos de manera m\u00e1s r\u00e1pida y f\u00e1cil, desc\u00fabrela ahora.\" \/>\n<meta property=\"og:url\" content=\"https:\/\/kuken.alfadyser.dev\/de\/produkt\/raclette-grill-rund-900w-kuken\/\" \/>\n<meta property=\"og:site_name\" content=\"K\u00fcken\" \/>\n<meta property=\"article:publisher\" content=\"https:\/\/es-es.facebook.com\/alfadyser\/\" \/>\n<meta property=\"article:modified_time\" content=\"2025-07-28T10:11:06+00:00\" \/>\n<meta property=\"og:image\" content=\"https:\/\/kuken.alfadyser.dev\/wp-content\/uploads\/2020\/03\/RACLETTE-GRILL-REDONDA-900W-KUKEN.jpg\" \/>\n\t<meta property=\"og:image:width\" content=\"853\" \/>\n\t<meta property=\"og:image:height\" content=\"853\" \/>\n\t<meta property=\"og:image:type\" content=\"image\/jpeg\" \/>\n<meta name=\"twitter:card\" content=\"summary_large_image\" \/>\n<meta name=\"twitter:label1\" content=\"Preis\" \/>\n\t<meta name=\"twitter:data1\" content=\"\" \/>\n\t<meta name=\"twitter:label2\" content=\"Verf\u00fcgbarkeit\" \/>\n\t<meta name=\"twitter:data2\" content=\"Auf Lager\" \/>\n<script type=\"application\/ld+json\" class=\"yoast-schema-graph\">{\"@context\":\"https:\/\/schema.org\",\"@graph\":[{\"@type\":\"WebPage\",\"@id\":\"https:\/\/kuken.alfadyser.dev\/producto\/raclette-grill-redonda-900w-kuken\/\",\"url\":\"https:\/\/kuken.alfadyser.dev\/producto\/raclette-grill-redonda-900w-kuken\/\",\"name\":\"RACLETTE GRILL REDONDA 900W K\u00dcKEN - K\u00fcken\",\"isPartOf\":{\"@id\":\"https:\/\/kuken.alfadyser.dev\/#website\"},\"primaryImageOfPage\":{\"@id\":\"https:\/\/kuken.alfadyser.dev\/producto\/raclette-grill-redonda-900w-kuken\/#primaryimage\"},\"image\":{\"@id\":\"https:\/\/kuken.alfadyser.dev\/producto\/raclette-grill-redonda-900w-kuken\/#primaryimage\"},\"thumbnailUrl\":\"https:\/\/kuken.alfadyser.dev\/wp-content\/uploads\/2020\/03\/RACLETTE-GRILL-REDONDA-900W-KUKEN.jpg\",\"datePublished\":\"2020-03-02T09:14:43+00:00\",\"dateModified\":\"2025-07-28T10:11:06+00:00\",\"description\":\"Exclusiva raclette grill redonda k\u00fcken. Funde queso, cocina verduras y carne con tus amigos de manera m\u00e1s r\u00e1pida y f\u00e1cil, desc\u00fabrela ahora.\",\"breadcrumb\":{\"@id\":\"https:\/\/kuken.alfadyser.dev\/producto\/raclette-grill-redonda-900w-kuken\/#breadcrumb\"},\"inLanguage\":\"de\",\"potentialAction\":[{\"@type\":\"ReadAction\",\"target\":[\"https:\/\/kuken.alfadyser.dev\/producto\/raclette-grill-redonda-900w-kuken\/\"]}]},{\"@type\":\"ImageObject\",\"inLanguage\":\"de\",\"@id\":\"https:\/\/kuken.alfadyser.dev\/producto\/raclette-grill-redonda-900w-kuken\/#primaryimage\",\"url\":\"https:\/\/kuken.alfadyser.dev\/wp-content\/uploads\/2020\/03\/RACLETTE-GRILL-REDONDA-900W-KUKEN.jpg\",\"contentUrl\":\"https:\/\/kuken.alfadyser.dev\/wp-content\/uploads\/2020\/03\/RACLETTE-GRILL-REDONDA-900W-KUKEN.jpg\",\"width\":853,\"height\":853,\"caption\":\"Raclette grill redonda\"},{\"@type\":\"BreadcrumbList\",\"@id\":\"https:\/\/kuken.alfadyser.dev\/producto\/raclette-grill-redonda-900w-kuken\/#breadcrumb\",\"itemListElement\":[{\"@type\":\"ListItem\",\"position\":1,\"name\":\"Portada\",\"item\":\"https:\/\/kuken.alfadyser.dev\/\"},{\"@type\":\"ListItem\",\"position\":2,\"name\":\"Productos\",\"item\":\"https:\/\/kuken.alfadyser.dev\/productos\/\"},{\"@type\":\"ListItem\",\"position\":3,\"name\":\"RACLETTE GRILL REDONDA 900W K\u00dcKEN\"}]},{\"@type\":\"WebSite\",\"@id\":\"https:\/\/kuken.alfadyser.dev\/#website\",\"url\":\"https:\/\/kuken.alfadyser.dev\/\",\"name\":\"K\u00fcken\",\"description\":\"Amplia gama de peque\u00f1o electrodom\u00e9stico k\u00fcken\",\"publisher\":{\"@id\":\"https:\/\/kuken.alfadyser.dev\/#organization\"},\"potentialAction\":[{\"@type\":\"SearchAction\",\"target\":{\"@type\":\"EntryPoint\",\"urlTemplate\":\"https:\/\/kuken.alfadyser.dev\/?s={search_term_string}\"},\"query-input\":{\"@type\":\"PropertyValueSpecification\",\"valueRequired\":true,\"valueName\":\"search_term_string\"}}],\"inLanguage\":\"de\"},{\"@type\":\"Organization\",\"@id\":\"https:\/\/kuken.alfadyser.dev\/#organization\",\"name\":\"Alfa Dyser\",\"url\":\"https:\/\/kuken.alfadyser.dev\/\",\"logo\":{\"@type\":\"ImageObject\",\"inLanguage\":\"de\",\"@id\":\"https:\/\/kuken.alfadyser.dev\/#\/schema\/logo\/image\/\",\"url\":\"https:\/\/kuken.alfadyser.dev\/wp-content\/uploads\/2019\/04\/kuken-logo.png\",\"contentUrl\":\"https:\/\/kuken.alfadyser.dev\/wp-content\/uploads\/2019\/04\/kuken-logo.png\",\"width\":500,\"height\":191,\"caption\":\"Alfa Dyser\"},\"image\":{\"@id\":\"https:\/\/kuken.alfadyser.dev\/#\/schema\/logo\/image\/\"},\"sameAs\":[\"https:\/\/es-es.facebook.com\/alfadyser\/\",\"https:\/\/www.instagram.com\/kuken_appliances\/\"]}]}<\/script>\n<meta property=\"product:price:currency\" content=\"EUR\" \/>\n<meta property=\"og:availability\" content=\"instock\" \/>\n<meta property=\"product:availability\" content=\"instock\" \/>\n<meta property=\"product:retailer_item_id\" content=\"34026\" \/>\n<meta property=\"product:condition\" content=\"new\" \/>\n<!-- \/ Yoast SEO Premium plugin. -->","yoast_head_json":{"title":"K\u00dcKEN 900W RUNDES RACLETTE GRILL - K\u00fcken","description":"Exklusiver runder Raclette-Grill von k\u00fcken. Schmelzen Sie K\u00e4se, kochen Sie Gem\u00fcse und Fleisch mit Ihren Freunden schneller und einfacher, entdecken Sie es jetzt.","robots":{"index":"noindex","follow":"follow","max-snippet":"max-snippet:-1","max-image-preview":"max-image-preview:large","max-video-preview":"max-video-preview:-1"},"og_locale":"de_DE","og_type":"article","og_title":"RACLETTE GRILL REDONDA 900W K\u00dcKEN","og_description":"Exclusiva raclette grill redonda k\u00fcken. Funde queso, cocina verduras y carne con tus amigos de manera m\u00e1s r\u00e1pida y f\u00e1cil, desc\u00fabrela ahora.","og_url":"https:\/\/kuken.alfadyser.dev\/de\/produkt\/raclette-grill-rund-900w-kuken\/","og_site_name":"K\u00fcken","article_publisher":"https:\/\/es-es.facebook.com\/alfadyser\/","article_modified_time":"2025-07-28T10:11:06+00:00","og_image":[{"width":853,"height":853,"url":"https:\/\/kuken.alfadyser.dev\/wp-content\/uploads\/2020\/03\/RACLETTE-GRILL-REDONDA-900W-KUKEN.jpg","type":"image\/jpeg"}],"twitter_card":"summary_large_image","twitter_misc":{"Preis":"","Verf\u00fcgbarkeit":"Auf Lager"},"schema":{"@context":"https:\/\/schema.org","@graph":[{"@type":"WebPage","@id":"https:\/\/kuken.alfadyser.dev\/producto\/raclette-grill-redonda-900w-kuken\/","url":"https:\/\/kuken.alfadyser.dev\/producto\/raclette-grill-redonda-900w-kuken\/","name":"K\u00dcKEN 900W RUNDES RACLETTE GRILL - K\u00fcken","isPartOf":{"@id":"https:\/\/kuken.alfadyser.dev\/#website"},"primaryImageOfPage":{"@id":"https:\/\/kuken.alfadyser.dev\/producto\/raclette-grill-redonda-900w-kuken\/#primaryimage"},"image":{"@id":"https:\/\/kuken.alfadyser.dev\/producto\/raclette-grill-redonda-900w-kuken\/#primaryimage"},"thumbnailUrl":"https:\/\/kuken.alfadyser.dev\/wp-content\/uploads\/2020\/03\/RACLETTE-GRILL-REDONDA-900W-KUKEN.jpg","datePublished":"2020-03-02T09:14:43+00:00","dateModified":"2025-07-28T10:11:06+00:00","description":"Exklusiver runder Raclette-Grill von k\u00fcken. Schmelzen Sie K\u00e4se, kochen Sie Gem\u00fcse und Fleisch mit Ihren Freunden schneller und einfacher, entdecken Sie es jetzt.","breadcrumb":{"@id":"https:\/\/kuken.alfadyser.dev\/producto\/raclette-grill-redonda-900w-kuken\/#breadcrumb"},"inLanguage":"de","potentialAction":[{"@type":"ReadAction","target":["https:\/\/kuken.alfadyser.dev\/producto\/raclette-grill-redonda-900w-kuken\/"]}]},{"@type":"ImageObject","inLanguage":"de","@id":"https:\/\/kuken.alfadyser.dev\/producto\/raclette-grill-redonda-900w-kuken\/#primaryimage","url":"https:\/\/kuken.alfadyser.dev\/wp-content\/uploads\/2020\/03\/RACLETTE-GRILL-REDONDA-900W-KUKEN.jpg","contentUrl":"https:\/\/kuken.alfadyser.dev\/wp-content\/uploads\/2020\/03\/RACLETTE-GRILL-REDONDA-900W-KUKEN.jpg","width":853,"height":853,"caption":"Raclette grill redonda"},{"@type":"BreadcrumbList","@id":"https:\/\/kuken.alfadyser.dev\/producto\/raclette-grill-redonda-900w-kuken\/#breadcrumb","itemListElement":[{"@type":"ListItem","position":1,"name":"Portada","item":"https:\/\/kuken.alfadyser.dev\/"},{"@type":"ListItem","position":2,"name":"Productos","item":"https:\/\/kuken.alfadyser.dev\/productos\/"},{"@type":"ListItem","position":3,"name":"RACLETTE GRILL REDONDA 900W K\u00dcKEN"}]},{"@type":"WebSite","@id":"https:\/\/kuken.alfadyser.dev\/#website","url":"https:\/\/kuken.alfadyser.dev\/","name":"K\u00fcken","description":"Gro\u00dfe Auswahl an k\u00fcken Haushaltskleinger\u00e4ten","publisher":{"@id":"https:\/\/kuken.alfadyser.dev\/#organization"},"potentialAction":[{"@type":"SearchAction","target":{"@type":"EntryPoint","urlTemplate":"https:\/\/kuken.alfadyser.dev\/?s={search_term_string}"},"query-input":{"@type":"PropertyValueSpecification","valueRequired":true,"valueName":"search_term_string"}}],"inLanguage":"de"},{"@type":"Organization","@id":"https:\/\/kuken.alfadyser.dev\/#organization","name":"Alpha Dyser","url":"https:\/\/kuken.alfadyser.dev\/","logo":{"@type":"ImageObject","inLanguage":"de","@id":"https:\/\/kuken.alfadyser.dev\/#\/schema\/logo\/image\/","url":"https:\/\/kuken.alfadyser.dev\/wp-content\/uploads\/2019\/04\/kuken-logo.png","contentUrl":"https:\/\/kuken.alfadyser.dev\/wp-content\/uploads\/2019\/04\/kuken-logo.png","width":500,"height":191,"caption":"Alfa Dyser"},"image":{"@id":"https:\/\/kuken.alfadyser.dev\/#\/schema\/logo\/image\/"},"sameAs":["https:\/\/es-es.facebook.com\/alfadyser\/","https:\/\/www.instagram.com\/kuken_appliances\/"]}]},"product_price_currency":"EUR","og_availability":"instock","product_availability":"instock","product_retailer_item_id":"34026","product_condition":"new"},"_links":{"self":[{"href":"https:\/\/kuken.alfadyser.dev\/de\/wp-json\/wp\/v2\/product\/3328","targetHints":{"allow":["GET"]}}],"collection":[{"href":"https:\/\/kuken.alfadyser.dev\/de\/wp-json\/wp\/v2\/product"}],"about":[{"href":"https:\/\/kuken.alfadyser.dev\/de\/wp-json\/wp\/v2\/types\/product"}],"wp:featuredmedia":[{"embeddable":true,"href":"https:\/\/kuken.alfadyser.dev\/de\/wp-json\/wp\/v2\/media\/3329"}],"wp:attachment":[{"href":"https:\/\/kuken.alfadyser.dev\/de\/wp-json\/wp\/v2\/media?parent=3328"}],"wp:term":[{"taxonomy":"product_brand","embeddable":true,"href":"https:\/\/kuken.alfadyser.dev\/de\/wp-json\/wp\/v2\/product_brand?post=3328"},{"taxonomy":"product_cat","embeddable":true,"href":"https:\/\/kuken.alfadyser.dev\/de\/wp-json\/wp\/v2\/product_cat?post=3328"},{"taxonomy":"product_tag","embeddable":true,"href":"https:\/\/kuken.alfadyser.dev\/de\/wp-json\/wp\/v2\/product_tag?post=3328"}],"curies":[{"name":"wp","href":"https:\/\/api.w.org\/{rel}","templated":true}]}}