{"id":11607,"date":"2025-02-12T12:49:16","date_gmt":"2025-02-12T11:49:16","guid":{"rendered":"https:\/\/kuken.alfadyser.dev\/?post_type=product&#038;p=11607"},"modified":"2025-07-22T06:59:44","modified_gmt":"2025-07-22T04:59:44","slug":"hervidor-agua-kuken-1000w-inoxidable-1litro","status":"publish","type":"product","link":"https:\/\/kuken.alfadyser.dev\/de\/produkt\/hervidor-agua-kuken-1000w-inoxidable-1litro\/","title":{"rendered":"K\u00dcKEN WASSERKOCHER 1000W EDELSTAHL 1 LITER"},"content":{"rendered":"<p>K\u00dcKEN WASSERKOCHER 1000W EDELSTAHL 1 LITER<\/p>\n<ul>\n<li data-start=\"821\" data-end=\"887\">Potencia de 1000W para hervir agua de forma r\u00e1pida y segura.<\/li>\n<li data-start=\"890\" data-end=\"949\">Interior de acero inoxidable, higi\u00e9nico y resistente.<\/li>\n<li data-start=\"952\" data-end=\"1013\">Capacidad de 1 litro, ideal para uso personal o diario.<\/li>\n<li data-start=\"1016\" data-end=\"1074\">Tapa con pulsador, f\u00e1cil de abrir con una sola mano.<\/li>\n<li data-start=\"1077\" data-end=\"1127\">Asa ergon\u00f3mica para mejor control al verter.<\/li>\n<li data-start=\"1130\" data-end=\"1200\">Sistema de apagado autom\u00e1tico a 70\u00b0 \/ 100\u00b0 para mayor seguridad.<\/li>\n<li data-start=\"1203\" data-end=\"1263\">Base giratoria de 360\u00ba, c\u00f3moda para diestros y zurdos.<\/li>\n<li data-start=\"1266\" data-end=\"1302\">Luz LED indicadora de encendido.<\/li>\n<\/ul>\n<p><div class=\"accordion\"><div class=\"mfn-acc accordion_wrapper  toggle\"><div class=\"question\"><div class=\"title\"><i class=\"icon-plus acc-icon-plus\" aria-hidden=\"true\"><\/i><i class=\"icon-minus acc-icon-minus\" aria-hidden=\"true\"><\/i>Produktdaten<\/div><div class=\"answer\">EAN 8425160344520<\/p>\n<p>K\u00dcKEN WASSERKOCHER 1000W EDELSTAHL 1 LITER<\/p>\n<p>Packeinheit 1<br \/>\nFarbe Wei\u00df<br \/>\nVerpackung Box Farbe<br \/>\nLeistung 1000 W<br \/>\nSpannung 230 V<br \/>\nFassungsverm\u00f6gen 1,0 Liter<br \/>\nMaterial PC\/Acero inox<br \/>\n<\/div><\/div>\n<\/div><\/div>\n<br \/>\n<div class=\"accordion\"><div class=\"mfn-acc accordion_wrapper  toggle\"><div class=\"question\"><div class=\"title\"><i class=\"icon-plus acc-icon-plus\" aria-hidden=\"true\"><\/i><i class=\"icon-minus acc-icon-minus\" aria-hidden=\"true\"><\/i>Zubeh\u00f6r<\/div><div class=\"answer\"><\/div><\/div>\n<\/div><\/div>\n<\/p>\n<div class=\"descargas-producto\"><a href=\"https:\/\/kuken.alfadyser.dev\/wp-content\/uploads\/8425160344520_ficha_tecnica.pdf\" target=\"_blank\" rel=\"noopener noreferrer\" data-wp-editing=\"1\"><br \/>\n<img loading=\"lazy\" decoding=\"async\" src=\"\/wp-content\/uploads\/2019\/12\/picto-descarrega.png\" alt=\"Datenblatt herunterladen\" width=\"23\" height=\"16\" \/>Blatt herunterladen<\/a><br \/>\n<a href=\"https:\/\/kuken.alfadyser.dev\/wp-content\/uploads\/34452_instrucciones_compressed.pdf\"><img loading=\"lazy\" decoding=\"async\" src=\"\/wp-content\/uploads\/2019\/12\/picto-descarrega.png\" alt=\"Gebrauchsanweisung herunterladen\" width=\"23\" height=\"16\" \/>Handbuch herunterladen<\/a><\/div>\n<div><\/div>\n<div><span style=\"color: #bf2121\">Folgen Sie uns auf den sozialen Medien!<\/span><\/div>\n<div><a href=\"https:\/\/www.instagram.com\/kuken_appliances\/\">https:\/\/www.instagram.com\/kuken_appliances\/<\/a><\/div>","protected":false},"excerpt":{"rendered":"<p class=\"\" data-start=\"479\" data-end=\"614\">Compacto, funcional y con un dise\u00f1o moderno. Este hervidor combina comodidad y eficiencia para facilitar tu rutina diaria en la cocina.<\/p>\n<p class=\"\" data-start=\"616\" data-end=\"743\">","protected":false},"featured_media":11608,"template":"","meta":[],"product_brand":[],"product_cat":[202],"product_tag":[],"class_list":{"0":"post-11607","1":"product","2":"type-product","3":"status-publish","4":"has-post-thumbnail","6":"product_cat-hervidores","8":"first","9":"instock","10":"product-type-simple"},"yoast_head":"<!-- This site is optimized with the Yoast SEO Premium plugin v24.0 (Yoast SEO v26.5) - https:\/\/yoast.com\/wordpress\/plugins\/seo\/ -->\n<title>HERVIDOR AGUA K\u00dcKEN 1000W INOXIDABLE 1 LITRO - K\u00fcken<\/title>\n<meta name=\"description\" content=\"Hervidor agua K\u00dcKEN 1000W inoxidable 1 litro, compacto, seguro y eficiente. Perfecto para calentar agua r\u00e1pida y c\u00f3modamente.\" \/>\n<meta name=\"robots\" content=\"noindex, follow, max-snippet:-1, max-image-preview:large, max-video-preview:-1\" \/>\n<meta property=\"og:locale\" content=\"de_DE\" \/>\n<meta property=\"og:type\" content=\"article\" \/>\n<meta property=\"og:title\" content=\"HERVIDOR AGUA K\u00dcKEN 1000W INOXIDABLE 1 LITRO\" \/>\n<meta property=\"og:description\" content=\"Hervidor agua K\u00dcKEN 1000W inoxidable 1 litro, compacto, seguro y eficiente. Perfecto para calentar agua r\u00e1pida y c\u00f3modamente.\" \/>\n<meta property=\"og:url\" content=\"https:\/\/kuken.alfadyser.dev\/de\/produkt\/hervidor-agua-kuken-1000w-inoxidable-1litro\/\" \/>\n<meta property=\"og:site_name\" content=\"K\u00fcken\" \/>\n<meta property=\"article:publisher\" content=\"https:\/\/es-es.facebook.com\/alfadyser\/\" \/>\n<meta property=\"article:modified_time\" content=\"2025-07-22T04:59:44+00:00\" \/>\n<meta property=\"og:image\" content=\"https:\/\/kuken.alfadyser.dev\/wp-content\/uploads\/8425160344528_01.jpg\" \/>\n\t<meta property=\"og:image:width\" content=\"2000\" \/>\n\t<meta property=\"og:image:height\" content=\"2000\" \/>\n\t<meta property=\"og:image:type\" content=\"image\/jpeg\" \/>\n<meta name=\"twitter:card\" content=\"summary_large_image\" \/>\n<meta name=\"twitter:label1\" content=\"Preis\" \/>\n\t<meta name=\"twitter:data1\" content=\"\" \/>\n\t<meta name=\"twitter:label2\" content=\"Verf\u00fcgbarkeit\" \/>\n\t<meta name=\"twitter:data2\" content=\"Auf Lager\" \/>\n<script type=\"application\/ld+json\" class=\"yoast-schema-graph\">{\"@context\":\"https:\/\/schema.org\",\"@graph\":[{\"@type\":\"WebPage\",\"@id\":\"https:\/\/kuken.alfadyser.dev\/producto\/hervidor-agua-kuken-1000w-inoxidable-1litro\/\",\"url\":\"https:\/\/kuken.alfadyser.dev\/producto\/hervidor-agua-kuken-1000w-inoxidable-1litro\/\",\"name\":\"HERVIDOR AGUA K\u00dcKEN 1000W INOXIDABLE 1 LITRO - K\u00fcken\",\"isPartOf\":{\"@id\":\"https:\/\/kuken.alfadyser.dev\/#website\"},\"primaryImageOfPage\":{\"@id\":\"https:\/\/kuken.alfadyser.dev\/producto\/hervidor-agua-kuken-1000w-inoxidable-1litro\/#primaryimage\"},\"image\":{\"@id\":\"https:\/\/kuken.alfadyser.dev\/producto\/hervidor-agua-kuken-1000w-inoxidable-1litro\/#primaryimage\"},\"thumbnailUrl\":\"https:\/\/kuken.alfadyser.dev\/wp-content\/uploads\/8425160344528_01.jpg\",\"datePublished\":\"2025-02-12T11:49:16+00:00\",\"dateModified\":\"2025-07-22T04:59:44+00:00\",\"description\":\"Hervidor agua K\u00dcKEN 1000W inoxidable 1 litro, compacto, seguro y eficiente. Perfecto para calentar agua r\u00e1pida y c\u00f3modamente.\",\"breadcrumb\":{\"@id\":\"https:\/\/kuken.alfadyser.dev\/producto\/hervidor-agua-kuken-1000w-inoxidable-1litro\/#breadcrumb\"},\"inLanguage\":\"de\",\"potentialAction\":[{\"@type\":\"ReadAction\",\"target\":[\"https:\/\/kuken.alfadyser.dev\/producto\/hervidor-agua-kuken-1000w-inoxidable-1litro\/\"]}]},{\"@type\":\"ImageObject\",\"inLanguage\":\"de\",\"@id\":\"https:\/\/kuken.alfadyser.dev\/producto\/hervidor-agua-kuken-1000w-inoxidable-1litro\/#primaryimage\",\"url\":\"https:\/\/kuken.alfadyser.dev\/wp-content\/uploads\/8425160344528_01.jpg\",\"contentUrl\":\"https:\/\/kuken.alfadyser.dev\/wp-content\/uploads\/8425160344528_01.jpg\",\"width\":2000,\"height\":2000},{\"@type\":\"BreadcrumbList\",\"@id\":\"https:\/\/kuken.alfadyser.dev\/producto\/hervidor-agua-kuken-1000w-inoxidable-1litro\/#breadcrumb\",\"itemListElement\":[{\"@type\":\"ListItem\",\"position\":1,\"name\":\"Portada\",\"item\":\"https:\/\/kuken.alfadyser.dev\/\"},{\"@type\":\"ListItem\",\"position\":2,\"name\":\"Productos\",\"item\":\"https:\/\/kuken.alfadyser.dev\/productos\/\"},{\"@type\":\"ListItem\",\"position\":3,\"name\":\"HERVIDOR AGUA K\u00dcKEN 1000W INOXIDABLE 1 LITRO\"}]},{\"@type\":\"WebSite\",\"@id\":\"https:\/\/kuken.alfadyser.dev\/#website\",\"url\":\"https:\/\/kuken.alfadyser.dev\/\",\"name\":\"K\u00fcken\",\"description\":\"Amplia gama de peque\u00f1o electrodom\u00e9stico k\u00fcken\",\"publisher\":{\"@id\":\"https:\/\/kuken.alfadyser.dev\/#organization\"},\"potentialAction\":[{\"@type\":\"SearchAction\",\"target\":{\"@type\":\"EntryPoint\",\"urlTemplate\":\"https:\/\/kuken.alfadyser.dev\/?s={search_term_string}\"},\"query-input\":{\"@type\":\"PropertyValueSpecification\",\"valueRequired\":true,\"valueName\":\"search_term_string\"}}],\"inLanguage\":\"de\"},{\"@type\":\"Organization\",\"@id\":\"https:\/\/kuken.alfadyser.dev\/#organization\",\"name\":\"Alfa Dyser\",\"url\":\"https:\/\/kuken.alfadyser.dev\/\",\"logo\":{\"@type\":\"ImageObject\",\"inLanguage\":\"de\",\"@id\":\"https:\/\/kuken.alfadyser.dev\/#\/schema\/logo\/image\/\",\"url\":\"https:\/\/kuken.alfadyser.dev\/wp-content\/uploads\/2019\/04\/kuken-logo.png\",\"contentUrl\":\"https:\/\/kuken.alfadyser.dev\/wp-content\/uploads\/2019\/04\/kuken-logo.png\",\"width\":500,\"height\":191,\"caption\":\"Alfa Dyser\"},\"image\":{\"@id\":\"https:\/\/kuken.alfadyser.dev\/#\/schema\/logo\/image\/\"},\"sameAs\":[\"https:\/\/es-es.facebook.com\/alfadyser\/\",\"https:\/\/www.instagram.com\/kuken_appliances\/\"]}]}<\/script>\n<meta property=\"product:price:currency\" content=\"EUR\" \/>\n<meta property=\"og:availability\" content=\"instock\" \/>\n<meta property=\"product:availability\" content=\"instock\" \/>\n<meta property=\"product:retailer_item_id\" content=\"34452\" \/>\n<meta property=\"product:condition\" content=\"new\" \/>\n<!-- \/ Yoast SEO Premium plugin. -->","yoast_head_json":{"title":"HERVIDOR AGUA K\u00dcKEN 1000W INOXIDABLE 1 LITRO - K\u00fcken","description":"Hervidor agua K\u00dcKEN 1000W inoxidable 1 litro, compacto, seguro y eficiente. Perfecto para calentar agua r\u00e1pida y c\u00f3modamente.","robots":{"index":"noindex","follow":"follow","max-snippet":"max-snippet:-1","max-image-preview":"max-image-preview:large","max-video-preview":"max-video-preview:-1"},"og_locale":"de_DE","og_type":"article","og_title":"HERVIDOR AGUA K\u00dcKEN 1000W INOXIDABLE 1 LITRO","og_description":"Hervidor agua K\u00dcKEN 1000W inoxidable 1 litro, compacto, seguro y eficiente. Perfecto para calentar agua r\u00e1pida y c\u00f3modamente.","og_url":"https:\/\/kuken.alfadyser.dev\/de\/produkt\/hervidor-agua-kuken-1000w-inoxidable-1litro\/","og_site_name":"K\u00fcken","article_publisher":"https:\/\/es-es.facebook.com\/alfadyser\/","article_modified_time":"2025-07-22T04:59:44+00:00","og_image":[{"width":2000,"height":2000,"url":"https:\/\/kuken.alfadyser.dev\/wp-content\/uploads\/8425160344528_01.jpg","type":"image\/jpeg"}],"twitter_card":"summary_large_image","twitter_misc":{"Preis":"","Verf\u00fcgbarkeit":"Auf Lager"},"schema":{"@context":"https:\/\/schema.org","@graph":[{"@type":"WebPage","@id":"https:\/\/kuken.alfadyser.dev\/producto\/hervidor-agua-kuken-1000w-inoxidable-1litro\/","url":"https:\/\/kuken.alfadyser.dev\/producto\/hervidor-agua-kuken-1000w-inoxidable-1litro\/","name":"HERVIDOR AGUA K\u00dcKEN 1000W INOXIDABLE 1 LITRO - K\u00fcken","isPartOf":{"@id":"https:\/\/kuken.alfadyser.dev\/#website"},"primaryImageOfPage":{"@id":"https:\/\/kuken.alfadyser.dev\/producto\/hervidor-agua-kuken-1000w-inoxidable-1litro\/#primaryimage"},"image":{"@id":"https:\/\/kuken.alfadyser.dev\/producto\/hervidor-agua-kuken-1000w-inoxidable-1litro\/#primaryimage"},"thumbnailUrl":"https:\/\/kuken.alfadyser.dev\/wp-content\/uploads\/8425160344528_01.jpg","datePublished":"2025-02-12T11:49:16+00:00","dateModified":"2025-07-22T04:59:44+00:00","description":"Hervidor agua K\u00dcKEN 1000W inoxidable 1 litro, compacto, seguro y eficiente. Perfecto para calentar agua r\u00e1pida y c\u00f3modamente.","breadcrumb":{"@id":"https:\/\/kuken.alfadyser.dev\/producto\/hervidor-agua-kuken-1000w-inoxidable-1litro\/#breadcrumb"},"inLanguage":"de","potentialAction":[{"@type":"ReadAction","target":["https:\/\/kuken.alfadyser.dev\/producto\/hervidor-agua-kuken-1000w-inoxidable-1litro\/"]}]},{"@type":"ImageObject","inLanguage":"de","@id":"https:\/\/kuken.alfadyser.dev\/producto\/hervidor-agua-kuken-1000w-inoxidable-1litro\/#primaryimage","url":"https:\/\/kuken.alfadyser.dev\/wp-content\/uploads\/8425160344528_01.jpg","contentUrl":"https:\/\/kuken.alfadyser.dev\/wp-content\/uploads\/8425160344528_01.jpg","width":2000,"height":2000},{"@type":"BreadcrumbList","@id":"https:\/\/kuken.alfadyser.dev\/producto\/hervidor-agua-kuken-1000w-inoxidable-1litro\/#breadcrumb","itemListElement":[{"@type":"ListItem","position":1,"name":"Portada","item":"https:\/\/kuken.alfadyser.dev\/"},{"@type":"ListItem","position":2,"name":"Productos","item":"https:\/\/kuken.alfadyser.dev\/productos\/"},{"@type":"ListItem","position":3,"name":"HERVIDOR AGUA K\u00dcKEN 1000W INOXIDABLE 1 LITRO"}]},{"@type":"WebSite","@id":"https:\/\/kuken.alfadyser.dev\/#website","url":"https:\/\/kuken.alfadyser.dev\/","name":"K\u00fcken","description":"Gro\u00dfe Auswahl an k\u00fcken Haushaltskleinger\u00e4ten","publisher":{"@id":"https:\/\/kuken.alfadyser.dev\/#organization"},"potentialAction":[{"@type":"SearchAction","target":{"@type":"EntryPoint","urlTemplate":"https:\/\/kuken.alfadyser.dev\/?s={search_term_string}"},"query-input":{"@type":"PropertyValueSpecification","valueRequired":true,"valueName":"search_term_string"}}],"inLanguage":"de"},{"@type":"Organization","@id":"https:\/\/kuken.alfadyser.dev\/#organization","name":"Alpha Dyser","url":"https:\/\/kuken.alfadyser.dev\/","logo":{"@type":"ImageObject","inLanguage":"de","@id":"https:\/\/kuken.alfadyser.dev\/#\/schema\/logo\/image\/","url":"https:\/\/kuken.alfadyser.dev\/wp-content\/uploads\/2019\/04\/kuken-logo.png","contentUrl":"https:\/\/kuken.alfadyser.dev\/wp-content\/uploads\/2019\/04\/kuken-logo.png","width":500,"height":191,"caption":"Alfa Dyser"},"image":{"@id":"https:\/\/kuken.alfadyser.dev\/#\/schema\/logo\/image\/"},"sameAs":["https:\/\/es-es.facebook.com\/alfadyser\/","https:\/\/www.instagram.com\/kuken_appliances\/"]}]},"product_price_currency":"EUR","og_availability":"instock","product_availability":"instock","product_retailer_item_id":"34452","product_condition":"new"},"_links":{"self":[{"href":"https:\/\/kuken.alfadyser.dev\/de\/wp-json\/wp\/v2\/product\/11607","targetHints":{"allow":["GET"]}}],"collection":[{"href":"https:\/\/kuken.alfadyser.dev\/de\/wp-json\/wp\/v2\/product"}],"about":[{"href":"https:\/\/kuken.alfadyser.dev\/de\/wp-json\/wp\/v2\/types\/product"}],"wp:featuredmedia":[{"embeddable":true,"href":"https:\/\/kuken.alfadyser.dev\/de\/wp-json\/wp\/v2\/media\/11608"}],"wp:attachment":[{"href":"https:\/\/kuken.alfadyser.dev\/de\/wp-json\/wp\/v2\/media?parent=11607"}],"wp:term":[{"taxonomy":"product_brand","embeddable":true,"href":"https:\/\/kuken.alfadyser.dev\/de\/wp-json\/wp\/v2\/product_brand?post=11607"},{"taxonomy":"product_cat","embeddable":true,"href":"https:\/\/kuken.alfadyser.dev\/de\/wp-json\/wp\/v2\/product_cat?post=11607"},{"taxonomy":"product_tag","embeddable":true,"href":"https:\/\/kuken.alfadyser.dev\/de\/wp-json\/wp\/v2\/product_tag?post=11607"}],"curies":[{"name":"wp","href":"https:\/\/api.w.org\/{rel}","templated":true}]}}