{"id":11592,"date":"2025-02-12T10:35:42","date_gmt":"2025-02-12T09:35:42","guid":{"rendered":"https:\/\/kuken.alfadyser.dev\/?post_type=product&#038;p=11592"},"modified":"2025-07-22T07:10:18","modified_gmt":"2025-07-22T05:10:18","slug":"auriculares-sport-kuken-bluetooth","status":"publish","type":"product","link":"https:\/\/kuken.alfadyser.dev\/de\/produkt\/auriculares-sport-kuken-bluetooth\/","title":{"rendered":"K\u00dcKEN BLUETOOTH SPORT KOPFH\u00d6RER"},"content":{"rendered":"<p>K\u00dcKEN BLUETOOTH SPORT KOPFH\u00d6RER<\/p>\n<ul>\n<li class=\"\" data-start=\"829\" data-end=\"892\">\n<p class=\"\" data-start=\"831\" data-end=\"892\">Dise\u00f1o ligero de solo 20g, ideal para actividad f\u00edsica.<\/p>\n<\/li>\n<li class=\"\" data-start=\"893\" data-end=\"965\">\n<p class=\"\" data-start=\"895\" data-end=\"965\">Secure-fit para una sujeci\u00f3n perfecta durante el movimiento.<\/p>\n<\/li>\n<li class=\"\" data-start=\"966\" data-end=\"1039\">\n<p class=\"\" data-start=\"968\" data-end=\"1039\">Auriculares de 10 mm con bajos potentes y agudos n\u00edtidos.<\/p>\n<\/li>\n<li class=\"\" data-start=\"1040\" data-end=\"1106\">\n<p class=\"\" data-start=\"1042\" data-end=\"1106\">Conectividad Bluetooth con dispositivos iOS y Android.<\/p>\n<\/li>\n<li class=\"\" data-start=\"1107\" data-end=\"1182\">\n<p class=\"\" data-start=\"1109\" data-end=\"1182\">Funci\u00f3n manos libres y control de volumen y llamadas integrado.<\/p>\n<\/li>\n<li class=\"\" data-start=\"1183\" data-end=\"1255\">\n<p class=\"\" data-start=\"1185\" data-end=\"1255\">Reducci\u00f3n de resonancias para un sonido limpio y sin ruidos.<\/p>\n<\/li>\n<li class=\"\" data-start=\"1256\" data-end=\"1322\">\n<p class=\"\" data-start=\"1258\" data-end=\"1322\">Sensibilidad de 96 \u00b1 3 dB y frecuencia de 20\u201316000 Hz.<\/p>\n<\/li>\n<li class=\"\" data-start=\"1323\" data-end=\"1367\">\n<p class=\"\" data-start=\"1325\" data-end=\"1367\">Amperaje de 160A, eficiente y estable.<\/p>\n<\/li>\n<\/ul>\n<p><div class=\"accordion\"><div class=\"mfn-acc accordion_wrapper  toggle\"><div class=\"question\"><div class=\"title\"><i class=\"icon-plus acc-icon-plus\" aria-hidden=\"true\"><\/i><i class=\"icon-minus acc-icon-minus\" aria-hidden=\"true\"><\/i>Produktdaten<\/div><div class=\"answer\">EAN: 8425160238445<\/p>\n<p>K\u00dcKEN BLUETOOTH SPORT KOPFH\u00d6RER<\/p>\n<p>Einheiten: 1<br \/>\nFarbe: Schwarz<br \/>\nVerpackung: Farbige Schachtel<br \/>\nVerbindung: Bluetooth<br \/>\nPeso: 20 g<br \/>\nWiederaufladbar: Ja<\/div><\/div>\n<\/div><\/div>\n<br \/>\n<div class=\"accordion\"><div class=\"mfn-acc accordion_wrapper  toggle\"><div class=\"question\"><div class=\"title\"><i class=\"icon-plus acc-icon-plus\" aria-hidden=\"true\"><\/i><i class=\"icon-minus acc-icon-minus\" aria-hidden=\"true\"><\/i>Zubeh\u00f6r<\/div><div class=\"answer\"><\/div><\/div>\n<\/div><\/div>\n<\/p>\n<div class=\"descargas-producto\"><a href=\"https:\/\/kuken.alfadyser.dev\/wp-content\/uploads\/8425160238445_ficha_tecnica.pdf\" target=\"_blank\" rel=\"noopener noreferrer\"><br \/>\n<img loading=\"lazy\" decoding=\"async\" src=\"\/wp-content\/uploads\/2019\/12\/picto-descarrega.png\" alt=\"Datenblatt herunterladen\" width=\"23\" height=\"16\" \/>Blatt herunterladen<\/a><a href=\"https:\/\/kuken.alfadyser.dev\/wp-content\/uploads\/23844_instrucciones_compressed.pdf\" target=\"_blank\" rel=\"noopener noreferrer\"><br \/>\n<img loading=\"lazy\" decoding=\"async\" src=\"\/wp-content\/uploads\/2019\/12\/picto-descarrega.png\" alt=\"Gebrauchsanweisung herunterladen\" width=\"23\" height=\"16\" \/>Handbuch herunterladen<\/a><\/div>\n<div><\/div>\n<div><span style=\"color: #bf2121\">Folgen Sie uns auf den sozialen Medien!<\/span><\/div>\n<div><a href=\"https:\/\/www.instagram.com\/kuken_appliances\/\">https:\/\/www.instagram.com\/kuken_appliances\/<\/a><\/div>","protected":false},"excerpt":{"rendered":"<p class=\"\" data-start=\"499\" data-end=\"640\">Perfectos para entrenar con libertad. Su dise\u00f1o ergon\u00f3mico y sonido limpio te acompa\u00f1an con comodidad, potencia y control en cada movimiento.<\/p>\n<p class=\"\" data-start=\"642\" data-end=\"753\">","protected":false},"featured_media":11593,"template":"","meta":[],"product_brand":[],"product_cat":[229],"product_tag":[],"class_list":{"0":"post-11592","1":"product","2":"type-product","3":"status-publish","4":"has-post-thumbnail","6":"product_cat-auriculares","8":"first","9":"instock","10":"product-type-simple"},"yoast_head":"<!-- This site is optimized with the Yoast SEO Premium plugin v24.0 (Yoast SEO v26.5) - https:\/\/yoast.com\/wordpress\/plugins\/seo\/ -->\n<title>AURICULARES SPORT K\u00dcKEN BLUETOOTH - K\u00fcken<\/title>\n<meta name=\"description\" content=\"Auriculares Sport K\u00dcKEN Bluetooth, ligeros y potentes. Escucha m\u00fasica sin cables mientras entrenas con comodidad y excelente sonido.\" \/>\n<meta name=\"robots\" content=\"noindex, follow, max-snippet:-1, max-image-preview:large, max-video-preview:-1\" \/>\n<meta property=\"og:locale\" content=\"de_DE\" \/>\n<meta property=\"og:type\" content=\"article\" \/>\n<meta property=\"og:title\" content=\"AURICULARES SPORT K\u00dcKEN BLUETOOTH\" \/>\n<meta property=\"og:description\" content=\"Auriculares Sport K\u00dcKEN Bluetooth, ligeros y potentes. Escucha m\u00fasica sin cables mientras entrenas con comodidad y excelente sonido.\" \/>\n<meta property=\"og:url\" content=\"https:\/\/kuken.alfadyser.dev\/de\/produkt\/auriculares-sport-kuken-bluetooth\/\" \/>\n<meta property=\"og:site_name\" content=\"K\u00fcken\" \/>\n<meta property=\"article:publisher\" content=\"https:\/\/es-es.facebook.com\/alfadyser\/\" \/>\n<meta property=\"article:modified_time\" content=\"2025-07-22T05:10:18+00:00\" \/>\n<meta property=\"og:image\" content=\"https:\/\/kuken.alfadyser.dev\/wp-content\/uploads\/8425160238445_01.jpg\" \/>\n\t<meta property=\"og:image:width\" content=\"2000\" \/>\n\t<meta property=\"og:image:height\" content=\"2000\" \/>\n\t<meta property=\"og:image:type\" content=\"image\/jpeg\" \/>\n<meta name=\"twitter:card\" content=\"summary_large_image\" \/>\n<meta name=\"twitter:label1\" content=\"Preis\" \/>\n\t<meta name=\"twitter:data1\" content=\"\" \/>\n\t<meta name=\"twitter:label2\" content=\"Verf\u00fcgbarkeit\" \/>\n\t<meta name=\"twitter:data2\" content=\"Auf Lager\" \/>\n<script type=\"application\/ld+json\" class=\"yoast-schema-graph\">{\"@context\":\"https:\/\/schema.org\",\"@graph\":[{\"@type\":\"WebPage\",\"@id\":\"https:\/\/kuken.alfadyser.dev\/producto\/auriculares-sport-kuken-bluetooth\/\",\"url\":\"https:\/\/kuken.alfadyser.dev\/producto\/auriculares-sport-kuken-bluetooth\/\",\"name\":\"AURICULARES SPORT K\u00dcKEN BLUETOOTH - K\u00fcken\",\"isPartOf\":{\"@id\":\"https:\/\/kuken.alfadyser.dev\/#website\"},\"primaryImageOfPage\":{\"@id\":\"https:\/\/kuken.alfadyser.dev\/producto\/auriculares-sport-kuken-bluetooth\/#primaryimage\"},\"image\":{\"@id\":\"https:\/\/kuken.alfadyser.dev\/producto\/auriculares-sport-kuken-bluetooth\/#primaryimage\"},\"thumbnailUrl\":\"https:\/\/kuken.alfadyser.dev\/wp-content\/uploads\/8425160238445_01.jpg\",\"datePublished\":\"2025-02-12T09:35:42+00:00\",\"dateModified\":\"2025-07-22T05:10:18+00:00\",\"description\":\"Auriculares Sport K\u00dcKEN Bluetooth, ligeros y potentes. Escucha m\u00fasica sin cables mientras entrenas con comodidad y excelente sonido.\",\"breadcrumb\":{\"@id\":\"https:\/\/kuken.alfadyser.dev\/producto\/auriculares-sport-kuken-bluetooth\/#breadcrumb\"},\"inLanguage\":\"de\",\"potentialAction\":[{\"@type\":\"ReadAction\",\"target\":[\"https:\/\/kuken.alfadyser.dev\/producto\/auriculares-sport-kuken-bluetooth\/\"]}]},{\"@type\":\"ImageObject\",\"inLanguage\":\"de\",\"@id\":\"https:\/\/kuken.alfadyser.dev\/producto\/auriculares-sport-kuken-bluetooth\/#primaryimage\",\"url\":\"https:\/\/kuken.alfadyser.dev\/wp-content\/uploads\/8425160238445_01.jpg\",\"contentUrl\":\"https:\/\/kuken.alfadyser.dev\/wp-content\/uploads\/8425160238445_01.jpg\",\"width\":2000,\"height\":2000},{\"@type\":\"BreadcrumbList\",\"@id\":\"https:\/\/kuken.alfadyser.dev\/producto\/auriculares-sport-kuken-bluetooth\/#breadcrumb\",\"itemListElement\":[{\"@type\":\"ListItem\",\"position\":1,\"name\":\"Portada\",\"item\":\"https:\/\/kuken.alfadyser.dev\/\"},{\"@type\":\"ListItem\",\"position\":2,\"name\":\"Productos\",\"item\":\"https:\/\/kuken.alfadyser.dev\/productos\/\"},{\"@type\":\"ListItem\",\"position\":3,\"name\":\"AURICULARES SPORT K\u00dcKEN BLUETOOTH\"}]},{\"@type\":\"WebSite\",\"@id\":\"https:\/\/kuken.alfadyser.dev\/#website\",\"url\":\"https:\/\/kuken.alfadyser.dev\/\",\"name\":\"K\u00fcken\",\"description\":\"Amplia gama de peque\u00f1o electrodom\u00e9stico k\u00fcken\",\"publisher\":{\"@id\":\"https:\/\/kuken.alfadyser.dev\/#organization\"},\"potentialAction\":[{\"@type\":\"SearchAction\",\"target\":{\"@type\":\"EntryPoint\",\"urlTemplate\":\"https:\/\/kuken.alfadyser.dev\/?s={search_term_string}\"},\"query-input\":{\"@type\":\"PropertyValueSpecification\",\"valueRequired\":true,\"valueName\":\"search_term_string\"}}],\"inLanguage\":\"de\"},{\"@type\":\"Organization\",\"@id\":\"https:\/\/kuken.alfadyser.dev\/#organization\",\"name\":\"Alfa Dyser\",\"url\":\"https:\/\/kuken.alfadyser.dev\/\",\"logo\":{\"@type\":\"ImageObject\",\"inLanguage\":\"de\",\"@id\":\"https:\/\/kuken.alfadyser.dev\/#\/schema\/logo\/image\/\",\"url\":\"https:\/\/kuken.alfadyser.dev\/wp-content\/uploads\/2019\/04\/kuken-logo.png\",\"contentUrl\":\"https:\/\/kuken.alfadyser.dev\/wp-content\/uploads\/2019\/04\/kuken-logo.png\",\"width\":500,\"height\":191,\"caption\":\"Alfa Dyser\"},\"image\":{\"@id\":\"https:\/\/kuken.alfadyser.dev\/#\/schema\/logo\/image\/\"},\"sameAs\":[\"https:\/\/es-es.facebook.com\/alfadyser\/\",\"https:\/\/www.instagram.com\/kuken_appliances\/\"]}]}<\/script>\n<meta property=\"product:price:currency\" content=\"EUR\" \/>\n<meta property=\"og:availability\" content=\"instock\" \/>\n<meta property=\"product:availability\" content=\"instock\" \/>\n<meta property=\"product:retailer_item_id\" content=\"23844\" \/>\n<meta property=\"product:condition\" content=\"new\" \/>\n<!-- \/ Yoast SEO Premium plugin. -->","yoast_head_json":{"title":"AURICULARES SPORT K\u00dcKEN BLUETOOTH - K\u00fcken","description":"Auriculares Sport K\u00dcKEN Bluetooth, ligeros y potentes. Escucha m\u00fasica sin cables mientras entrenas con comodidad y excelente sonido.","robots":{"index":"noindex","follow":"follow","max-snippet":"max-snippet:-1","max-image-preview":"max-image-preview:large","max-video-preview":"max-video-preview:-1"},"og_locale":"de_DE","og_type":"article","og_title":"AURICULARES SPORT K\u00dcKEN BLUETOOTH","og_description":"Auriculares Sport K\u00dcKEN Bluetooth, ligeros y potentes. Escucha m\u00fasica sin cables mientras entrenas con comodidad y excelente sonido.","og_url":"https:\/\/kuken.alfadyser.dev\/de\/produkt\/auriculares-sport-kuken-bluetooth\/","og_site_name":"K\u00fcken","article_publisher":"https:\/\/es-es.facebook.com\/alfadyser\/","article_modified_time":"2025-07-22T05:10:18+00:00","og_image":[{"width":2000,"height":2000,"url":"https:\/\/kuken.alfadyser.dev\/wp-content\/uploads\/8425160238445_01.jpg","type":"image\/jpeg"}],"twitter_card":"summary_large_image","twitter_misc":{"Preis":"","Verf\u00fcgbarkeit":"Auf Lager"},"schema":{"@context":"https:\/\/schema.org","@graph":[{"@type":"WebPage","@id":"https:\/\/kuken.alfadyser.dev\/producto\/auriculares-sport-kuken-bluetooth\/","url":"https:\/\/kuken.alfadyser.dev\/producto\/auriculares-sport-kuken-bluetooth\/","name":"AURICULARES SPORT K\u00dcKEN BLUETOOTH - K\u00fcken","isPartOf":{"@id":"https:\/\/kuken.alfadyser.dev\/#website"},"primaryImageOfPage":{"@id":"https:\/\/kuken.alfadyser.dev\/producto\/auriculares-sport-kuken-bluetooth\/#primaryimage"},"image":{"@id":"https:\/\/kuken.alfadyser.dev\/producto\/auriculares-sport-kuken-bluetooth\/#primaryimage"},"thumbnailUrl":"https:\/\/kuken.alfadyser.dev\/wp-content\/uploads\/8425160238445_01.jpg","datePublished":"2025-02-12T09:35:42+00:00","dateModified":"2025-07-22T05:10:18+00:00","description":"Auriculares Sport K\u00dcKEN Bluetooth, ligeros y potentes. Escucha m\u00fasica sin cables mientras entrenas con comodidad y excelente sonido.","breadcrumb":{"@id":"https:\/\/kuken.alfadyser.dev\/producto\/auriculares-sport-kuken-bluetooth\/#breadcrumb"},"inLanguage":"de","potentialAction":[{"@type":"ReadAction","target":["https:\/\/kuken.alfadyser.dev\/producto\/auriculares-sport-kuken-bluetooth\/"]}]},{"@type":"ImageObject","inLanguage":"de","@id":"https:\/\/kuken.alfadyser.dev\/producto\/auriculares-sport-kuken-bluetooth\/#primaryimage","url":"https:\/\/kuken.alfadyser.dev\/wp-content\/uploads\/8425160238445_01.jpg","contentUrl":"https:\/\/kuken.alfadyser.dev\/wp-content\/uploads\/8425160238445_01.jpg","width":2000,"height":2000},{"@type":"BreadcrumbList","@id":"https:\/\/kuken.alfadyser.dev\/producto\/auriculares-sport-kuken-bluetooth\/#breadcrumb","itemListElement":[{"@type":"ListItem","position":1,"name":"Portada","item":"https:\/\/kuken.alfadyser.dev\/"},{"@type":"ListItem","position":2,"name":"Productos","item":"https:\/\/kuken.alfadyser.dev\/productos\/"},{"@type":"ListItem","position":3,"name":"AURICULARES SPORT K\u00dcKEN BLUETOOTH"}]},{"@type":"WebSite","@id":"https:\/\/kuken.alfadyser.dev\/#website","url":"https:\/\/kuken.alfadyser.dev\/","name":"K\u00fcken","description":"Gro\u00dfe Auswahl an k\u00fcken Haushaltskleinger\u00e4ten","publisher":{"@id":"https:\/\/kuken.alfadyser.dev\/#organization"},"potentialAction":[{"@type":"SearchAction","target":{"@type":"EntryPoint","urlTemplate":"https:\/\/kuken.alfadyser.dev\/?s={search_term_string}"},"query-input":{"@type":"PropertyValueSpecification","valueRequired":true,"valueName":"search_term_string"}}],"inLanguage":"de"},{"@type":"Organization","@id":"https:\/\/kuken.alfadyser.dev\/#organization","name":"Alpha Dyser","url":"https:\/\/kuken.alfadyser.dev\/","logo":{"@type":"ImageObject","inLanguage":"de","@id":"https:\/\/kuken.alfadyser.dev\/#\/schema\/logo\/image\/","url":"https:\/\/kuken.alfadyser.dev\/wp-content\/uploads\/2019\/04\/kuken-logo.png","contentUrl":"https:\/\/kuken.alfadyser.dev\/wp-content\/uploads\/2019\/04\/kuken-logo.png","width":500,"height":191,"caption":"Alfa Dyser"},"image":{"@id":"https:\/\/kuken.alfadyser.dev\/#\/schema\/logo\/image\/"},"sameAs":["https:\/\/es-es.facebook.com\/alfadyser\/","https:\/\/www.instagram.com\/kuken_appliances\/"]}]},"product_price_currency":"EUR","og_availability":"instock","product_availability":"instock","product_retailer_item_id":"23844","product_condition":"new"},"_links":{"self":[{"href":"https:\/\/kuken.alfadyser.dev\/de\/wp-json\/wp\/v2\/product\/11592","targetHints":{"allow":["GET"]}}],"collection":[{"href":"https:\/\/kuken.alfadyser.dev\/de\/wp-json\/wp\/v2\/product"}],"about":[{"href":"https:\/\/kuken.alfadyser.dev\/de\/wp-json\/wp\/v2\/types\/product"}],"wp:featuredmedia":[{"embeddable":true,"href":"https:\/\/kuken.alfadyser.dev\/de\/wp-json\/wp\/v2\/media\/11593"}],"wp:attachment":[{"href":"https:\/\/kuken.alfadyser.dev\/de\/wp-json\/wp\/v2\/media?parent=11592"}],"wp:term":[{"taxonomy":"product_brand","embeddable":true,"href":"https:\/\/kuken.alfadyser.dev\/de\/wp-json\/wp\/v2\/product_brand?post=11592"},{"taxonomy":"product_cat","embeddable":true,"href":"https:\/\/kuken.alfadyser.dev\/de\/wp-json\/wp\/v2\/product_cat?post=11592"},{"taxonomy":"product_tag","embeddable":true,"href":"https:\/\/kuken.alfadyser.dev\/de\/wp-json\/wp\/v2\/product_tag?post=11592"}],"curies":[{"name":"wp","href":"https:\/\/api.w.org\/{rel}","templated":true}]}}