{"id":10721,"date":"2023-10-19T12:34:40","date_gmt":"2023-10-19T10:34:40","guid":{"rendered":"https:\/\/kuken.alfadyser.dev\/?post_type=product&#038;p=10721"},"modified":"2025-07-22T09:14:16","modified_gmt":"2025-07-22T07:14:16","slug":"kapsel-kaffee-maschine-3-in-1-20-bar-kuken-gold-2","status":"publish","type":"product","link":"https:\/\/kuken.alfadyser.dev\/de\/produkt\/kapsel-kaffee-maschine-3-in-1-20-bar-kuken-gold-2\/","title":{"rendered":"KUKEN 4-IN-1 KAPSEL-KAFFEEMASCHINE 20 BAR"},"content":{"rendered":"<p>KUKEN 4-IN-1 KAPSEL-KAFFEEMASCHINE 20 BAR<\/p>\n<ul data-start=\"249\" data-end=\"1052\">\n<li class=\"\" data-start=\"249\" data-end=\"335\">\n<p class=\"\" data-start=\"251\" data-end=\"335\">Presi\u00f3n de 20 BAR y 1500W de potencia para una extracci\u00f3n \u00f3ptima del caf\u00e9.<\/p>\n<\/li>\n<li class=\"\" data-start=\"336\" data-end=\"452\">\n<p class=\"\" data-start=\"338\" data-end=\"452\">Sistema 4 en 1, compatible con c\u00e1psulas Nespresso, Dolce Gusto, monodosis ESE y caf\u00e9 molido.<\/p>\n<\/li>\n<li class=\"\" data-start=\"453\" data-end=\"536\">\n<p class=\"\" data-start=\"455\" data-end=\"536\">Memoria programable para seleccionar caf\u00e9 corto o largo seg\u00fan preferencias.<\/p>\n<\/li>\n<li class=\"\" data-start=\"537\" data-end=\"606\">\n<p class=\"\" data-start=\"539\" data-end=\"606\">Compartimento extra\u00edble, facilita el cambio entre accesorios.<\/p>\n<\/li>\n<li class=\"\" data-start=\"607\" data-end=\"682\">\n<p class=\"\" data-start=\"609\" data-end=\"682\">Dep\u00f3sito de agua extra\u00edble de 800 ml, pr\u00e1ctico y f\u00e1cil de rellenar.<\/p>\n<\/li>\n<li class=\"\" data-start=\"683\" data-end=\"744\">\n<p class=\"\" data-start=\"685\" data-end=\"744\">Plataforma movible para tazas peque\u00f1as o vasos altos.<\/p>\n<\/li>\n<li class=\"\" data-start=\"745\" data-end=\"838\">\n<p class=\"\" data-start=\"747\" data-end=\"838\">Dise\u00f1o compacto (240 x 310 x 110 mm), elegante acabado en acero inoxidable negro.<\/p>\n<\/li>\n<li class=\"\" data-start=\"839\" data-end=\"889\">\n<p class=\"\" data-start=\"841\" data-end=\"889\">Apagado autom\u00e1tico para ahorro energ\u00e9tico.<\/p>\n<\/li>\n<li class=\"\" data-start=\"890\" data-end=\"964\">\n<p class=\"\" data-start=\"892\" data-end=\"964\">Rejilla recoge gotas y partes desmontables, limpieza sencilla.<\/p>\n<\/li>\n<li class=\"\" data-start=\"890\" data-end=\"964\">\n<p class=\"\" data-start=\"892\" data-end=\"964\">Disfruta de un espresso con crema o un cappuccino espumoso con un solo bot\u00f3n.<\/p>\n<\/li>\n<\/ul>\n<p><div class=\"accordion\"><div class=\"mfn-acc accordion_wrapper  toggle\"><div class=\"question\"><div class=\"title\"><i class=\"icon-plus acc-icon-plus\" aria-hidden=\"true\"><\/i><i class=\"icon-minus acc-icon-minus\" aria-hidden=\"true\"><\/i>Produktdaten<\/div><div class=\"answer\"><\/p>\n<p>KUKEN 4-IN-1 KAPSEL-KAFFEEMASCHINE 20 BAR<\/p>\n<p>EAN 8425160343552<br \/>\nPackeinheit 1<br \/>\nFarbe Grau und Schwarz<br \/>\nVerpackung Farbige Schachtel<br \/>\nLeistung 1500 W<br \/>\nSpannung 230 V<br \/>\nTankinhalt 0,8 Liter<br \/>\nWerkstoff Polycarbonat<br \/>\nRutschfeste F\u00fc\u00dfe Ja<br \/>\nAbnehmbar Ja<br \/>\nL\u00e4nge 31 cm<br \/>\nBreite 11 cm<br \/>\nH\u00f6he 24 cm<br \/>\nGewicht 2,2 kg<\/div><\/div>\n<\/div><\/div>\n<br \/>\n<div class=\"accordion\"><div class=\"mfn-acc accordion_wrapper  toggle\"><div class=\"question\"><div class=\"title\"><i class=\"icon-plus acc-icon-plus\" aria-hidden=\"true\"><\/i><i class=\"icon-minus acc-icon-minus\" aria-hidden=\"true\"><\/i>Zubeh\u00f6r<\/div><div class=\"answer\"><\/div><\/div>\n<\/div><\/div>\n<\/p>\n<p>&nbsp;<\/p>\n<div class=\"descargas-producto\"><a href=\"https:\/\/kuken.alfadyser.dev\/wp-content\/uploads\/pdf\/8425160341909_ficha_tecnica.pdf\" target=\"_blank\" rel=\"noopener noreferrer\"><br \/>\n<img loading=\"lazy\" decoding=\"async\" src=\"\/wp-content\/uploads\/2019\/12\/picto-descarrega.png\" alt=\"Datenblatt herunterladen\" width=\"23\" height=\"16\" \/>Blatt herunterladen<\/a><br \/>\n<a href=\"https:\/\/kuken.alfadyser.dev\/wp-content\/uploads\/34355_instrucciones_compressed-2.pdf\"><img loading=\"lazy\" decoding=\"async\" src=\"\/wp-content\/uploads\/2019\/12\/picto-descarrega.png\" alt=\"Gebrauchsanweisung herunterladen\" width=\"23\" height=\"16\" \/>Handbuch herunterladen<\/a><\/div>\n<div><\/div>\n<div><\/div>\n<div>Entdecken Sie unser komplettes Angebot an Kaffeemaschinen und Kaffeem\u00fchlen\u00a0<a href=\"https:\/\/www.alfadyser.com\/\">hier<\/a><\/div>\n<div><\/div>\n<div><\/div>\n<div><span style=\"color: #bf2121\">Folgen Sie uns auf den sozialen Medien!<\/span><\/div>\n<div><a href=\"https:\/\/www.instagram.com\/kuken_appliances\/\">https:\/\/www.instagram.com\/kuken_appliances\/<\/a><\/div>\n<div><\/div>\n<p><iframe loading=\"lazy\" title=\"k\u00fcken 4-in-1 Kaffeemaschine\" width=\"560\" height=\"315\" src=\"https:\/\/www.youtube.com\/embed\/plF4ddvQsPw?feature=oembed\" frameborder=\"0\" allow=\"accelerometer; autoplay; clipboard-write; encrypted-media; gyroscope; picture-in-picture; web-share\" referrerpolicy=\"strict-origin-when-cross-origin\" allowfullscreen><\/iframe><\/p>","protected":false},"excerpt":{"rendered":"<p class=\"\" data-start=\"511\" data-end=\"657\">Ideal f\u00fcr alle, die Vielfalt und Qualit\u00e4t in jeder Tasse suchen. Genie\u00dfen Sie kurzen oder langen Kaffee mit perfektem Schaum. Kompaktes, elegantes und funktionelles Design.<\/p>\n<p class=\"\" data-start=\"659\" data-end=\"776\">","protected":false},"featured_media":10722,"template":"","meta":[],"product_brand":[],"product_cat":[200],"product_tag":[],"class_list":{"0":"post-10721","1":"product","2":"type-product","3":"status-publish","4":"has-post-thumbnail","6":"product_cat-cafeteras-molinillos","8":"first","9":"instock","10":"product-type-simple"},"yoast_head":"<!-- This site is optimized with the Yoast SEO Premium plugin v24.0 (Yoast SEO v26.5) - https:\/\/yoast.com\/wordpress\/plugins\/seo\/ -->\n<title>CAFETERA C\u00c1PSULAS 4 EN 1 KUKEN -K\u00fcken<\/title>\n<meta name=\"description\" content=\"Exclusiva cafetera 4 en 1 de c\u00e1psulas k\u00fcken. Prepara caf\u00e9 con cualquier tipo de c\u00e1psulas o si lo prefieres con caf\u00e9 molido. Desc\u00fabrela en www.kuken.es\" \/>\n<meta name=\"robots\" content=\"noindex, follow, max-snippet:-1, max-image-preview:large, max-video-preview:-1\" \/>\n<meta property=\"og:locale\" content=\"de_DE\" \/>\n<meta property=\"og:type\" content=\"article\" \/>\n<meta property=\"og:title\" content=\"CAFETERA C\u00c1PSULAS 4 EN 1 20 BAR KUKEN\" \/>\n<meta property=\"og:description\" content=\"Exclusiva cafetera 4 en 1 de c\u00e1psulas k\u00fcken. Prepara caf\u00e9 con cualquier tipo de c\u00e1psulas o si lo prefieres con caf\u00e9 molido. Desc\u00fabrela en www.kuken.es\" \/>\n<meta property=\"og:url\" content=\"https:\/\/kuken.alfadyser.dev\/de\/produkt\/kapsel-kaffee-maschine-3-in-1-20-bar-kuken-gold-2\/\" \/>\n<meta property=\"og:site_name\" content=\"K\u00fcken\" \/>\n<meta property=\"article:publisher\" content=\"https:\/\/es-es.facebook.com\/alfadyser\/\" \/>\n<meta property=\"article:modified_time\" content=\"2025-07-22T07:14:16+00:00\" \/>\n<meta property=\"og:image\" content=\"https:\/\/kuken.alfadyser.dev\/wp-content\/uploads\/8425160343552_01.jpg\" \/>\n\t<meta property=\"og:image:width\" content=\"2000\" \/>\n\t<meta property=\"og:image:height\" content=\"2000\" \/>\n\t<meta property=\"og:image:type\" content=\"image\/jpeg\" \/>\n<meta name=\"twitter:card\" content=\"summary_large_image\" \/>\n<meta name=\"twitter:label1\" content=\"Preis\" \/>\n\t<meta name=\"twitter:data1\" content=\"\" \/>\n\t<meta name=\"twitter:label2\" content=\"Verf\u00fcgbarkeit\" \/>\n\t<meta name=\"twitter:data2\" content=\"Auf Lager\" \/>\n<script type=\"application\/ld+json\" class=\"yoast-schema-graph\">{\"@context\":\"https:\/\/schema.org\",\"@graph\":[{\"@type\":\"WebPage\",\"@id\":\"https:\/\/kuken.alfadyser.dev\/producto\/cafetera-capsulas-4-en-1-20-bar-kuken\/\",\"url\":\"https:\/\/kuken.alfadyser.dev\/producto\/cafetera-capsulas-4-en-1-20-bar-kuken\/\",\"name\":\"CAFETERA C\u00c1PSULAS 4 EN 1 KUKEN -K\u00fcken\",\"isPartOf\":{\"@id\":\"https:\/\/kuken.alfadyser.dev\/#website\"},\"primaryImageOfPage\":{\"@id\":\"https:\/\/kuken.alfadyser.dev\/producto\/cafetera-capsulas-4-en-1-20-bar-kuken\/#primaryimage\"},\"image\":{\"@id\":\"https:\/\/kuken.alfadyser.dev\/producto\/cafetera-capsulas-4-en-1-20-bar-kuken\/#primaryimage\"},\"thumbnailUrl\":\"https:\/\/kuken.alfadyser.dev\/wp-content\/uploads\/8425160343552_01.jpg\",\"datePublished\":\"2023-10-19T10:34:40+00:00\",\"dateModified\":\"2025-07-22T07:14:16+00:00\",\"description\":\"Exclusiva cafetera 4 en 1 de c\u00e1psulas k\u00fcken. Prepara caf\u00e9 con cualquier tipo de c\u00e1psulas o si lo prefieres con caf\u00e9 molido. Desc\u00fabrela en www.kuken.es\",\"breadcrumb\":{\"@id\":\"https:\/\/kuken.alfadyser.dev\/producto\/cafetera-capsulas-4-en-1-20-bar-kuken\/#breadcrumb\"},\"inLanguage\":\"de\",\"potentialAction\":[{\"@type\":\"ReadAction\",\"target\":[\"https:\/\/kuken.alfadyser.dev\/producto\/cafetera-capsulas-4-en-1-20-bar-kuken\/\"]}]},{\"@type\":\"ImageObject\",\"inLanguage\":\"de\",\"@id\":\"https:\/\/kuken.alfadyser.dev\/producto\/cafetera-capsulas-4-en-1-20-bar-kuken\/#primaryimage\",\"url\":\"https:\/\/kuken.alfadyser.dev\/wp-content\/uploads\/8425160343552_01.jpg\",\"contentUrl\":\"https:\/\/kuken.alfadyser.dev\/wp-content\/uploads\/8425160343552_01.jpg\",\"width\":2000,\"height\":2000,\"caption\":\"Cafetera de c\u00e1psulas 4 en 1\"},{\"@type\":\"BreadcrumbList\",\"@id\":\"https:\/\/kuken.alfadyser.dev\/producto\/cafetera-capsulas-4-en-1-20-bar-kuken\/#breadcrumb\",\"itemListElement\":[{\"@type\":\"ListItem\",\"position\":1,\"name\":\"Portada\",\"item\":\"https:\/\/kuken.alfadyser.dev\/\"},{\"@type\":\"ListItem\",\"position\":2,\"name\":\"Productos\",\"item\":\"https:\/\/kuken.alfadyser.dev\/productos\/\"},{\"@type\":\"ListItem\",\"position\":3,\"name\":\"CAFETERA C\u00c1PSULAS 4 EN 1 20 BAR KUKEN\"}]},{\"@type\":\"WebSite\",\"@id\":\"https:\/\/kuken.alfadyser.dev\/#website\",\"url\":\"https:\/\/kuken.alfadyser.dev\/\",\"name\":\"K\u00fcken\",\"description\":\"Amplia gama de peque\u00f1o electrodom\u00e9stico k\u00fcken\",\"publisher\":{\"@id\":\"https:\/\/kuken.alfadyser.dev\/#organization\"},\"potentialAction\":[{\"@type\":\"SearchAction\",\"target\":{\"@type\":\"EntryPoint\",\"urlTemplate\":\"https:\/\/kuken.alfadyser.dev\/?s={search_term_string}\"},\"query-input\":{\"@type\":\"PropertyValueSpecification\",\"valueRequired\":true,\"valueName\":\"search_term_string\"}}],\"inLanguage\":\"de\"},{\"@type\":\"Organization\",\"@id\":\"https:\/\/kuken.alfadyser.dev\/#organization\",\"name\":\"Alfa Dyser\",\"url\":\"https:\/\/kuken.alfadyser.dev\/\",\"logo\":{\"@type\":\"ImageObject\",\"inLanguage\":\"de\",\"@id\":\"https:\/\/kuken.alfadyser.dev\/#\/schema\/logo\/image\/\",\"url\":\"https:\/\/kuken.alfadyser.dev\/wp-content\/uploads\/2019\/04\/kuken-logo.png\",\"contentUrl\":\"https:\/\/kuken.alfadyser.dev\/wp-content\/uploads\/2019\/04\/kuken-logo.png\",\"width\":500,\"height\":191,\"caption\":\"Alfa Dyser\"},\"image\":{\"@id\":\"https:\/\/kuken.alfadyser.dev\/#\/schema\/logo\/image\/\"},\"sameAs\":[\"https:\/\/es-es.facebook.com\/alfadyser\/\",\"https:\/\/www.instagram.com\/kuken_appliances\/\"]}]}<\/script>\n<meta property=\"product:price:currency\" content=\"EUR\" \/>\n<meta property=\"og:availability\" content=\"instock\" \/>\n<meta property=\"product:availability\" content=\"instock\" \/>\n<meta property=\"product:retailer_item_id\" content=\"34355\" \/>\n<meta property=\"product:condition\" content=\"new\" \/>\n<!-- \/ Yoast SEO Premium plugin. -->","yoast_head_json":{"title":"4-IN-1 KAPSEL KAFFEEMASCHINE KUKEN -K\u00fcken","description":"Exklusive k\u00fcken 4-in-1 Kapsel-Kaffeemaschine. Bereiten Sie Kaffee mit jeder Art von Kapseln oder, wenn Sie es bevorzugen, mit gemahlenem Kaffee zu. Entdecken Sie sie unter www.kuken.es","robots":{"index":"noindex","follow":"follow","max-snippet":"max-snippet:-1","max-image-preview":"max-image-preview:large","max-video-preview":"max-video-preview:-1"},"og_locale":"de_DE","og_type":"article","og_title":"CAFETERA C\u00c1PSULAS 4 EN 1 20 BAR KUKEN","og_description":"Exclusiva cafetera 4 en 1 de c\u00e1psulas k\u00fcken. Prepara caf\u00e9 con cualquier tipo de c\u00e1psulas o si lo prefieres con caf\u00e9 molido. Desc\u00fabrela en www.kuken.es","og_url":"https:\/\/kuken.alfadyser.dev\/de\/produkt\/kapsel-kaffee-maschine-3-in-1-20-bar-kuken-gold-2\/","og_site_name":"K\u00fcken","article_publisher":"https:\/\/es-es.facebook.com\/alfadyser\/","article_modified_time":"2025-07-22T07:14:16+00:00","og_image":[{"width":2000,"height":2000,"url":"https:\/\/kuken.alfadyser.dev\/wp-content\/uploads\/8425160343552_01.jpg","type":"image\/jpeg"}],"twitter_card":"summary_large_image","twitter_misc":{"Preis":"","Verf\u00fcgbarkeit":"Auf Lager"},"schema":{"@context":"https:\/\/schema.org","@graph":[{"@type":"WebPage","@id":"https:\/\/kuken.alfadyser.dev\/producto\/cafetera-capsulas-4-en-1-20-bar-kuken\/","url":"https:\/\/kuken.alfadyser.dev\/producto\/cafetera-capsulas-4-en-1-20-bar-kuken\/","name":"4-IN-1 KAPSEL KAFFEEMASCHINE KUKEN -K\u00fcken","isPartOf":{"@id":"https:\/\/kuken.alfadyser.dev\/#website"},"primaryImageOfPage":{"@id":"https:\/\/kuken.alfadyser.dev\/producto\/cafetera-capsulas-4-en-1-20-bar-kuken\/#primaryimage"},"image":{"@id":"https:\/\/kuken.alfadyser.dev\/producto\/cafetera-capsulas-4-en-1-20-bar-kuken\/#primaryimage"},"thumbnailUrl":"https:\/\/kuken.alfadyser.dev\/wp-content\/uploads\/8425160343552_01.jpg","datePublished":"2023-10-19T10:34:40+00:00","dateModified":"2025-07-22T07:14:16+00:00","description":"Exklusive k\u00fcken 4-in-1 Kapsel-Kaffeemaschine. Bereiten Sie Kaffee mit jeder Art von Kapseln oder, wenn Sie es bevorzugen, mit gemahlenem Kaffee zu. Entdecken Sie sie unter www.kuken.es","breadcrumb":{"@id":"https:\/\/kuken.alfadyser.dev\/producto\/cafetera-capsulas-4-en-1-20-bar-kuken\/#breadcrumb"},"inLanguage":"de","potentialAction":[{"@type":"ReadAction","target":["https:\/\/kuken.alfadyser.dev\/producto\/cafetera-capsulas-4-en-1-20-bar-kuken\/"]}]},{"@type":"ImageObject","inLanguage":"de","@id":"https:\/\/kuken.alfadyser.dev\/producto\/cafetera-capsulas-4-en-1-20-bar-kuken\/#primaryimage","url":"https:\/\/kuken.alfadyser.dev\/wp-content\/uploads\/8425160343552_01.jpg","contentUrl":"https:\/\/kuken.alfadyser.dev\/wp-content\/uploads\/8425160343552_01.jpg","width":2000,"height":2000,"caption":"Cafetera de c\u00e1psulas 4 en 1"},{"@type":"BreadcrumbList","@id":"https:\/\/kuken.alfadyser.dev\/producto\/cafetera-capsulas-4-en-1-20-bar-kuken\/#breadcrumb","itemListElement":[{"@type":"ListItem","position":1,"name":"Portada","item":"https:\/\/kuken.alfadyser.dev\/"},{"@type":"ListItem","position":2,"name":"Productos","item":"https:\/\/kuken.alfadyser.dev\/productos\/"},{"@type":"ListItem","position":3,"name":"CAFETERA C\u00c1PSULAS 4 EN 1 20 BAR KUKEN"}]},{"@type":"WebSite","@id":"https:\/\/kuken.alfadyser.dev\/#website","url":"https:\/\/kuken.alfadyser.dev\/","name":"K\u00fcken","description":"Gro\u00dfe Auswahl an k\u00fcken Haushaltskleinger\u00e4ten","publisher":{"@id":"https:\/\/kuken.alfadyser.dev\/#organization"},"potentialAction":[{"@type":"SearchAction","target":{"@type":"EntryPoint","urlTemplate":"https:\/\/kuken.alfadyser.dev\/?s={search_term_string}"},"query-input":{"@type":"PropertyValueSpecification","valueRequired":true,"valueName":"search_term_string"}}],"inLanguage":"de"},{"@type":"Organization","@id":"https:\/\/kuken.alfadyser.dev\/#organization","name":"Alpha Dyser","url":"https:\/\/kuken.alfadyser.dev\/","logo":{"@type":"ImageObject","inLanguage":"de","@id":"https:\/\/kuken.alfadyser.dev\/#\/schema\/logo\/image\/","url":"https:\/\/kuken.alfadyser.dev\/wp-content\/uploads\/2019\/04\/kuken-logo.png","contentUrl":"https:\/\/kuken.alfadyser.dev\/wp-content\/uploads\/2019\/04\/kuken-logo.png","width":500,"height":191,"caption":"Alfa Dyser"},"image":{"@id":"https:\/\/kuken.alfadyser.dev\/#\/schema\/logo\/image\/"},"sameAs":["https:\/\/es-es.facebook.com\/alfadyser\/","https:\/\/www.instagram.com\/kuken_appliances\/"]}]},"product_price_currency":"EUR","og_availability":"instock","product_availability":"instock","product_retailer_item_id":"34355","product_condition":"new"},"_links":{"self":[{"href":"https:\/\/kuken.alfadyser.dev\/de\/wp-json\/wp\/v2\/product\/10721","targetHints":{"allow":["GET"]}}],"collection":[{"href":"https:\/\/kuken.alfadyser.dev\/de\/wp-json\/wp\/v2\/product"}],"about":[{"href":"https:\/\/kuken.alfadyser.dev\/de\/wp-json\/wp\/v2\/types\/product"}],"wp:featuredmedia":[{"embeddable":true,"href":"https:\/\/kuken.alfadyser.dev\/de\/wp-json\/wp\/v2\/media\/10722"}],"wp:attachment":[{"href":"https:\/\/kuken.alfadyser.dev\/de\/wp-json\/wp\/v2\/media?parent=10721"}],"wp:term":[{"taxonomy":"product_brand","embeddable":true,"href":"https:\/\/kuken.alfadyser.dev\/de\/wp-json\/wp\/v2\/product_brand?post=10721"},{"taxonomy":"product_cat","embeddable":true,"href":"https:\/\/kuken.alfadyser.dev\/de\/wp-json\/wp\/v2\/product_cat?post=10721"},{"taxonomy":"product_tag","embeddable":true,"href":"https:\/\/kuken.alfadyser.dev\/de\/wp-json\/wp\/v2\/product_tag?post=10721"}],"curies":[{"name":"wp","href":"https:\/\/api.w.org\/{rel}","templated":true}]}}