{"id":10687,"date":"2023-09-22T13:15:07","date_gmt":"2023-09-22T11:15:07","guid":{"rendered":"https:\/\/kuken.alfadyser.dev\/?post_type=product&#038;p=10687"},"modified":"2025-07-22T09:15:29","modified_gmt":"2025-07-22T07:15:29","slug":"weis-weis-digital-plastik-kuken-plastik-bankwaage-2","status":"publish","type":"product","link":"https:\/\/kuken.alfadyser.dev\/de\/produkt\/weis-weis-digital-plastik-kuken-plastik-bankwaage-2\/","title":{"rendered":"K\u00dcKEN KUNSTSTOFF DIGITAL SCHWARZ BADEZIMMERWAAGE"},"content":{"rendered":"<p>K\u00dcKEN KUNSTSTOFF DIGITAL SCHWARZ BADEZIMMERWAAGE<\/p>\n<ul data-start=\"861\" data-end=\"1517\">\n<li class=\"\" data-start=\"861\" data-end=\"921\">\n<p class=\"\" data-start=\"863\" data-end=\"921\">Dise\u00f1o fino y moderno, con solo 25 mm de grosor.<\/p>\n<\/li>\n<li class=\"\" data-start=\"922\" data-end=\"990\">\n<p class=\"\" data-start=\"924\" data-end=\"990\">Base fabricada en policarbonato (PC), resistente y duradera.<\/p>\n<\/li>\n<li class=\"\" data-start=\"991\" data-end=\"1058\">\n<p class=\"\" data-start=\"993\" data-end=\"1058\">Encendido autom\u00e1tico, se activa al subirte a la plataforma.<\/p>\n<\/li>\n<li class=\"\" data-start=\"1059\" data-end=\"1128\">\n<p class=\"\" data-start=\"1061\" data-end=\"1128\">Tama\u00f1o de la base de 280 \u00d7 280 mm, ideal para cualquier ba\u00f1o.<\/p>\n<\/li>\n<li class=\"\" data-start=\"1129\" data-end=\"1200\">\n<p class=\"\" data-start=\"1131\" data-end=\"1200\">Cuatro sensores de pesaje, precisi\u00f3n y fiabilidad garantizadas.<\/p>\n<\/li>\n<li class=\"\" data-start=\"1201\" data-end=\"1281\">\n<p class=\"\" data-start=\"1203\" data-end=\"1281\">Display LCD retroiluminado de 60 \u00d7 42 mm, lectura clara en todo momento.<\/p>\n<\/li>\n<li class=\"\" data-start=\"1282\" data-end=\"1346\">\n<p class=\"\" data-start=\"1284\" data-end=\"1346\">Selector UNIT, permite elegir entre Kg \/ lb \/ st:lb.<\/p>\n<\/li>\n<li class=\"\" data-start=\"1347\" data-end=\"1385\">\n<p class=\"\" data-start=\"1349\" data-end=\"1385\">Peso m\u00e1ximo soportado: 180 kg.<\/p>\n<\/li>\n<li class=\"\" data-start=\"1386\" data-end=\"1456\">\n<p class=\"\" data-start=\"1388\" data-end=\"1456\">Patas de goma antideslizantes, mayor seguridad durante el uso.<\/p>\n<\/li>\n<li class=\"\" data-start=\"1457\" data-end=\"1517\">\n<p class=\"\" data-start=\"1459\" data-end=\"1517\">Funciona con 2 pilas AAA (incluidas en el producto).<\/p>\n<\/li>\n<\/ul>\n<p><div class=\"accordion\"><div class=\"mfn-acc accordion_wrapper  toggle\"><br \/>\n<div class=\"question\"><div class=\"title\"><i class=\"icon-plus acc-icon-plus\" aria-hidden=\"true\"><\/i><i class=\"icon-minus acc-icon-minus\" aria-hidden=\"true\"><\/i>Produktdaten<\/div><div class=\"answer\"><\/p>\n<p>K\u00dcKEN KUNSTSTOFF DIGITAL SCHWARZ BADEZIMMERWAAGE<\/p>\n<p>EAN 8425160343507<br \/>\nPackeinheit 1<br \/>\nFarbe Schwarz<br \/>\nVerpackung Box Farbe<br \/>\nSpannung 1,5 V<br \/>\nMaterial Kunststoff<br \/>\nAbmessungen 280mm (L\u00e4nge), 280mm (Breite), 25mm (H\u00f6he)<br \/>\nDigitale Klasse<br \/>\nRutschfeste F\u00fc\u00dfe Ja<br \/>\nGewicht 0,75 kg.<br \/>\nStromversorgung durch 2 AAA-Batterien (im Lieferumfang enthalten)<\/div><\/div>\n<\/div><\/div>\n<br \/>\n<div class=\"accordion\"><div class=\"mfn-acc accordion_wrapper  toggle\"><div class=\"question\"><div class=\"title\"><i class=\"icon-plus acc-icon-plus\" aria-hidden=\"true\"><\/i><i class=\"icon-minus acc-icon-minus\" aria-hidden=\"true\"><\/i>Zubeh\u00f6r<\/div><div class=\"answer\"><\/div><\/div>\n<\/div><\/div>\n<\/p>\n<div class=\"descargas-producto\"><a href=\"\/wp-content\/uploads\/pdf\/8425160343507_ficha_tecnica.pdf\" target=\"_blank\" rel=\"noopener noreferrer\"><br \/>\n<img loading=\"lazy\" decoding=\"async\" src=\"\/wp-content\/uploads\/2019\/12\/picto-descarrega.png\" alt=\"Datenblatt herunterladen\" width=\"23\" height=\"16\" \/>Blatt herunterladen<\/a><a href=\"https:\/\/kuken.alfadyser.dev\/wp-content\/uploads\/34350_34340_instrucciones.pdf\" target=\"_blank\" rel=\"noopener noreferrer\"><br \/>\n<img loading=\"lazy\" decoding=\"async\" src=\"\/wp-content\/uploads\/2019\/12\/picto-descarrega.png\" alt=\"Gebrauchsanweisung herunterladen\" width=\"23\" height=\"16\" \/>Handbuch herunterladen<\/a><\/div>\n<div><\/div>\n<div><span style=\"color: #bf2121\">Folgen Sie uns auf den sozialen Medien!<\/span><\/div>\n<div><a href=\"https:\/\/www.instagram.com\/kuken_appliances\/\">https:\/\/www.instagram.com\/kuken_appliances\/<\/a><\/div>\n<div><\/div>\n<p><iframe loading=\"lazy\" title=\"B\u00e1scula ba\u00f1o digital pl\u00e1stico negra K\u00fcken\" width=\"560\" height=\"315\" src=\"https:\/\/www.youtube.com\/embed\/LUXhy5Kn1Kc?feature=oembed\" frameborder=\"0\" allow=\"accelerometer; autoplay; clipboard-write; encrypted-media; gyroscope; picture-in-picture; web-share\" referrerpolicy=\"strict-origin-when-cross-origin\" allowfullscreen><\/iframe><\/p>","protected":false},"excerpt":{"rendered":"<p class=\"\" data-start=\"627\" data-end=\"790\">Dise\u00f1o elegante y funcional. Con sensores de alta precisi\u00f3n, pantalla retroiluminada y patas antideslizantes, esta b\u00e1scula ofrece control total y facilidad de uso.<\/p>","protected":false},"featured_media":10688,"template":"","meta":[],"product_brand":[],"product_cat":[209],"product_tag":[],"class_list":{"0":"post-10687","1":"product","2":"type-product","3":"status-publish","4":"has-post-thumbnail","6":"product_cat-basculas-romanas","8":"first","9":"instock","10":"product-type-simple"},"yoast_head":"<!-- This site is optimized with the Yoast SEO Premium plugin v24.0 (Yoast SEO v26.5) - https:\/\/yoast.com\/wordpress\/plugins\/seo\/ -->\n<title>B\u00c1SCULA BA\u00d1O NEGRA DIGITAL PL\u00c1STICO K\u00dcKEN - K\u00fcken<\/title>\n<meta name=\"description\" content=\"B\u00e1scula ba\u00f1o negra digital K\u00dcKEN, con 4 sensores, pantalla LCD retroiluminada y peso m\u00e1x. 180\u202fkg. Dise\u00f1o fino, resistente y con unidades seleccionables.\" \/>\n<meta name=\"robots\" content=\"noindex, follow, max-snippet:-1, max-image-preview:large, max-video-preview:-1\" \/>\n<meta property=\"og:locale\" content=\"de_DE\" \/>\n<meta property=\"og:type\" content=\"article\" \/>\n<meta property=\"og:title\" content=\"B\u00c1SCULA BA\u00d1O NEGRA DIGITAL PL\u00c1STICO K\u00dcKEN\" \/>\n<meta property=\"og:description\" content=\"B\u00e1scula ba\u00f1o negra digital K\u00dcKEN, con 4 sensores, pantalla LCD retroiluminada y peso m\u00e1x. 180\u202fkg. Dise\u00f1o fino, resistente y con unidades seleccionables.\" \/>\n<meta property=\"og:url\" content=\"https:\/\/kuken.alfadyser.dev\/de\/produkt\/weis-weis-digital-plastik-kuken-plastik-bankwaage-2\/\" \/>\n<meta property=\"og:site_name\" content=\"K\u00fcken\" \/>\n<meta property=\"article:publisher\" content=\"https:\/\/es-es.facebook.com\/alfadyser\/\" \/>\n<meta property=\"article:modified_time\" content=\"2025-07-22T07:15:29+00:00\" \/>\n<meta property=\"og:image\" content=\"https:\/\/kuken.alfadyser.dev\/wp-content\/uploads\/8425160343408_01_3.jpg\" \/>\n\t<meta property=\"og:image:width\" content=\"2000\" \/>\n\t<meta property=\"og:image:height\" content=\"2000\" \/>\n\t<meta property=\"og:image:type\" content=\"image\/jpeg\" \/>\n<meta name=\"twitter:card\" content=\"summary_large_image\" \/>\n<meta name=\"twitter:label1\" content=\"Preis\" \/>\n\t<meta name=\"twitter:data1\" content=\"\" \/>\n\t<meta name=\"twitter:label2\" content=\"Verf\u00fcgbarkeit\" \/>\n\t<meta name=\"twitter:data2\" content=\"Auf Lager\" \/>\n<script type=\"application\/ld+json\" class=\"yoast-schema-graph\">{\"@context\":\"https:\/\/schema.org\",\"@graph\":[{\"@type\":\"WebPage\",\"@id\":\"https:\/\/kuken.alfadyser.dev\/producto\/bascula-bano-negra-digital-plastico-kuken\/\",\"url\":\"https:\/\/kuken.alfadyser.dev\/producto\/bascula-bano-negra-digital-plastico-kuken\/\",\"name\":\"B\u00c1SCULA BA\u00d1O NEGRA DIGITAL PL\u00c1STICO K\u00dcKEN - K\u00fcken\",\"isPartOf\":{\"@id\":\"https:\/\/kuken.alfadyser.dev\/#website\"},\"primaryImageOfPage\":{\"@id\":\"https:\/\/kuken.alfadyser.dev\/producto\/bascula-bano-negra-digital-plastico-kuken\/#primaryimage\"},\"image\":{\"@id\":\"https:\/\/kuken.alfadyser.dev\/producto\/bascula-bano-negra-digital-plastico-kuken\/#primaryimage\"},\"thumbnailUrl\":\"https:\/\/kuken.alfadyser.dev\/wp-content\/uploads\/8425160343408_01_3.jpg\",\"datePublished\":\"2023-09-22T11:15:07+00:00\",\"dateModified\":\"2025-07-22T07:15:29+00:00\",\"description\":\"B\u00e1scula ba\u00f1o negra digital K\u00dcKEN, con 4 sensores, pantalla LCD retroiluminada y peso m\u00e1x. 180\u202fkg. Dise\u00f1o fino, resistente y con unidades seleccionables.\",\"breadcrumb\":{\"@id\":\"https:\/\/kuken.alfadyser.dev\/producto\/bascula-bano-negra-digital-plastico-kuken\/#breadcrumb\"},\"inLanguage\":\"de\",\"potentialAction\":[{\"@type\":\"ReadAction\",\"target\":[\"https:\/\/kuken.alfadyser.dev\/producto\/bascula-bano-negra-digital-plastico-kuken\/\"]}]},{\"@type\":\"ImageObject\",\"inLanguage\":\"de\",\"@id\":\"https:\/\/kuken.alfadyser.dev\/producto\/bascula-bano-negra-digital-plastico-kuken\/#primaryimage\",\"url\":\"https:\/\/kuken.alfadyser.dev\/wp-content\/uploads\/8425160343408_01_3.jpg\",\"contentUrl\":\"https:\/\/kuken.alfadyser.dev\/wp-content\/uploads\/8425160343408_01_3.jpg\",\"width\":2000,\"height\":2000},{\"@type\":\"BreadcrumbList\",\"@id\":\"https:\/\/kuken.alfadyser.dev\/producto\/bascula-bano-negra-digital-plastico-kuken\/#breadcrumb\",\"itemListElement\":[{\"@type\":\"ListItem\",\"position\":1,\"name\":\"Portada\",\"item\":\"https:\/\/kuken.alfadyser.dev\/\"},{\"@type\":\"ListItem\",\"position\":2,\"name\":\"Productos\",\"item\":\"https:\/\/kuken.alfadyser.dev\/productos\/\"},{\"@type\":\"ListItem\",\"position\":3,\"name\":\"B\u00c1SCULA BA\u00d1O NEGRA DIGITAL PL\u00c1STICO K\u00dcKEN\"}]},{\"@type\":\"WebSite\",\"@id\":\"https:\/\/kuken.alfadyser.dev\/#website\",\"url\":\"https:\/\/kuken.alfadyser.dev\/\",\"name\":\"K\u00fcken\",\"description\":\"Amplia gama de peque\u00f1o electrodom\u00e9stico k\u00fcken\",\"publisher\":{\"@id\":\"https:\/\/kuken.alfadyser.dev\/#organization\"},\"potentialAction\":[{\"@type\":\"SearchAction\",\"target\":{\"@type\":\"EntryPoint\",\"urlTemplate\":\"https:\/\/kuken.alfadyser.dev\/?s={search_term_string}\"},\"query-input\":{\"@type\":\"PropertyValueSpecification\",\"valueRequired\":true,\"valueName\":\"search_term_string\"}}],\"inLanguage\":\"de\"},{\"@type\":\"Organization\",\"@id\":\"https:\/\/kuken.alfadyser.dev\/#organization\",\"name\":\"Alfa Dyser\",\"url\":\"https:\/\/kuken.alfadyser.dev\/\",\"logo\":{\"@type\":\"ImageObject\",\"inLanguage\":\"de\",\"@id\":\"https:\/\/kuken.alfadyser.dev\/#\/schema\/logo\/image\/\",\"url\":\"https:\/\/kuken.alfadyser.dev\/wp-content\/uploads\/2019\/04\/kuken-logo.png\",\"contentUrl\":\"https:\/\/kuken.alfadyser.dev\/wp-content\/uploads\/2019\/04\/kuken-logo.png\",\"width\":500,\"height\":191,\"caption\":\"Alfa Dyser\"},\"image\":{\"@id\":\"https:\/\/kuken.alfadyser.dev\/#\/schema\/logo\/image\/\"},\"sameAs\":[\"https:\/\/es-es.facebook.com\/alfadyser\/\",\"https:\/\/www.instagram.com\/kuken_appliances\/\"]}]}<\/script>\n<meta property=\"product:price:currency\" content=\"EUR\" \/>\n<meta property=\"og:availability\" content=\"instock\" \/>\n<meta property=\"product:availability\" content=\"instock\" \/>\n<meta property=\"product:retailer_item_id\" content=\"34340\" \/>\n<meta property=\"product:condition\" content=\"new\" \/>\n<!-- \/ Yoast SEO Premium plugin. -->","yoast_head_json":{"title":"K\u00dcKEN BLACK DIGITAL PLASTIC BATHROOM SCALE - K\u00fcken","description":"B\u00e1scula ba\u00f1o negra digital K\u00dcKEN, con 4 sensores, pantalla LCD retroiluminada y peso m\u00e1x. 180\u202fkg. Dise\u00f1o fino, resistente y con unidades seleccionables.","robots":{"index":"noindex","follow":"follow","max-snippet":"max-snippet:-1","max-image-preview":"max-image-preview:large","max-video-preview":"max-video-preview:-1"},"og_locale":"de_DE","og_type":"article","og_title":"B\u00c1SCULA BA\u00d1O NEGRA DIGITAL PL\u00c1STICO K\u00dcKEN","og_description":"B\u00e1scula ba\u00f1o negra digital K\u00dcKEN, con 4 sensores, pantalla LCD retroiluminada y peso m\u00e1x. 180\u202fkg. Dise\u00f1o fino, resistente y con unidades seleccionables.","og_url":"https:\/\/kuken.alfadyser.dev\/de\/produkt\/weis-weis-digital-plastik-kuken-plastik-bankwaage-2\/","og_site_name":"K\u00fcken","article_publisher":"https:\/\/es-es.facebook.com\/alfadyser\/","article_modified_time":"2025-07-22T07:15:29+00:00","og_image":[{"width":2000,"height":2000,"url":"https:\/\/kuken.alfadyser.dev\/wp-content\/uploads\/8425160343408_01_3.jpg","type":"image\/jpeg"}],"twitter_card":"summary_large_image","twitter_misc":{"Preis":"","Verf\u00fcgbarkeit":"Auf Lager"},"schema":{"@context":"https:\/\/schema.org","@graph":[{"@type":"WebPage","@id":"https:\/\/kuken.alfadyser.dev\/producto\/bascula-bano-negra-digital-plastico-kuken\/","url":"https:\/\/kuken.alfadyser.dev\/producto\/bascula-bano-negra-digital-plastico-kuken\/","name":"K\u00dcKEN BLACK DIGITAL PLASTIC BATHROOM SCALE - K\u00fcken","isPartOf":{"@id":"https:\/\/kuken.alfadyser.dev\/#website"},"primaryImageOfPage":{"@id":"https:\/\/kuken.alfadyser.dev\/producto\/bascula-bano-negra-digital-plastico-kuken\/#primaryimage"},"image":{"@id":"https:\/\/kuken.alfadyser.dev\/producto\/bascula-bano-negra-digital-plastico-kuken\/#primaryimage"},"thumbnailUrl":"https:\/\/kuken.alfadyser.dev\/wp-content\/uploads\/8425160343408_01_3.jpg","datePublished":"2023-09-22T11:15:07+00:00","dateModified":"2025-07-22T07:15:29+00:00","description":"B\u00e1scula ba\u00f1o negra digital K\u00dcKEN, con 4 sensores, pantalla LCD retroiluminada y peso m\u00e1x. 180\u202fkg. Dise\u00f1o fino, resistente y con unidades seleccionables.","breadcrumb":{"@id":"https:\/\/kuken.alfadyser.dev\/producto\/bascula-bano-negra-digital-plastico-kuken\/#breadcrumb"},"inLanguage":"de","potentialAction":[{"@type":"ReadAction","target":["https:\/\/kuken.alfadyser.dev\/producto\/bascula-bano-negra-digital-plastico-kuken\/"]}]},{"@type":"ImageObject","inLanguage":"de","@id":"https:\/\/kuken.alfadyser.dev\/producto\/bascula-bano-negra-digital-plastico-kuken\/#primaryimage","url":"https:\/\/kuken.alfadyser.dev\/wp-content\/uploads\/8425160343408_01_3.jpg","contentUrl":"https:\/\/kuken.alfadyser.dev\/wp-content\/uploads\/8425160343408_01_3.jpg","width":2000,"height":2000},{"@type":"BreadcrumbList","@id":"https:\/\/kuken.alfadyser.dev\/producto\/bascula-bano-negra-digital-plastico-kuken\/#breadcrumb","itemListElement":[{"@type":"ListItem","position":1,"name":"Portada","item":"https:\/\/kuken.alfadyser.dev\/"},{"@type":"ListItem","position":2,"name":"Productos","item":"https:\/\/kuken.alfadyser.dev\/productos\/"},{"@type":"ListItem","position":3,"name":"B\u00c1SCULA BA\u00d1O NEGRA DIGITAL PL\u00c1STICO K\u00dcKEN"}]},{"@type":"WebSite","@id":"https:\/\/kuken.alfadyser.dev\/#website","url":"https:\/\/kuken.alfadyser.dev\/","name":"K\u00fcken","description":"Gro\u00dfe Auswahl an k\u00fcken Haushaltskleinger\u00e4ten","publisher":{"@id":"https:\/\/kuken.alfadyser.dev\/#organization"},"potentialAction":[{"@type":"SearchAction","target":{"@type":"EntryPoint","urlTemplate":"https:\/\/kuken.alfadyser.dev\/?s={search_term_string}"},"query-input":{"@type":"PropertyValueSpecification","valueRequired":true,"valueName":"search_term_string"}}],"inLanguage":"de"},{"@type":"Organization","@id":"https:\/\/kuken.alfadyser.dev\/#organization","name":"Alpha Dyser","url":"https:\/\/kuken.alfadyser.dev\/","logo":{"@type":"ImageObject","inLanguage":"de","@id":"https:\/\/kuken.alfadyser.dev\/#\/schema\/logo\/image\/","url":"https:\/\/kuken.alfadyser.dev\/wp-content\/uploads\/2019\/04\/kuken-logo.png","contentUrl":"https:\/\/kuken.alfadyser.dev\/wp-content\/uploads\/2019\/04\/kuken-logo.png","width":500,"height":191,"caption":"Alfa Dyser"},"image":{"@id":"https:\/\/kuken.alfadyser.dev\/#\/schema\/logo\/image\/"},"sameAs":["https:\/\/es-es.facebook.com\/alfadyser\/","https:\/\/www.instagram.com\/kuken_appliances\/"]}]},"product_price_currency":"EUR","og_availability":"instock","product_availability":"instock","product_retailer_item_id":"34340","product_condition":"new"},"_links":{"self":[{"href":"https:\/\/kuken.alfadyser.dev\/de\/wp-json\/wp\/v2\/product\/10687","targetHints":{"allow":["GET"]}}],"collection":[{"href":"https:\/\/kuken.alfadyser.dev\/de\/wp-json\/wp\/v2\/product"}],"about":[{"href":"https:\/\/kuken.alfadyser.dev\/de\/wp-json\/wp\/v2\/types\/product"}],"wp:featuredmedia":[{"embeddable":true,"href":"https:\/\/kuken.alfadyser.dev\/de\/wp-json\/wp\/v2\/media\/10688"}],"wp:attachment":[{"href":"https:\/\/kuken.alfadyser.dev\/de\/wp-json\/wp\/v2\/media?parent=10687"}],"wp:term":[{"taxonomy":"product_brand","embeddable":true,"href":"https:\/\/kuken.alfadyser.dev\/de\/wp-json\/wp\/v2\/product_brand?post=10687"},{"taxonomy":"product_cat","embeddable":true,"href":"https:\/\/kuken.alfadyser.dev\/de\/wp-json\/wp\/v2\/product_cat?post=10687"},{"taxonomy":"product_tag","embeddable":true,"href":"https:\/\/kuken.alfadyser.dev\/de\/wp-json\/wp\/v2\/product_tag?post=10687"}],"curies":[{"name":"wp","href":"https:\/\/api.w.org\/{rel}","templated":true}]}}