{"id":10567,"date":"2023-09-12T11:31:04","date_gmt":"2023-09-12T09:31:04","guid":{"rendered":"https:\/\/kuken.alfadyser.dev\/?post_type=product&#038;p=10567"},"modified":"2025-07-22T09:49:43","modified_gmt":"2025-07-22T07:49:43","slug":"calefactor-horizontal-1000-2000w-blanco-kuken-2","status":"publish","type":"product","link":"https:\/\/kuken.alfadyser.dev\/de\/produkt\/calefactor-horizontal-1000-2000w-blanco-kuken-2\/","title":{"rendered":"HORIZONTALE HEIZUNG K\u00dcKEN WEISS 2000W"},"content":{"rendered":"<p>HORIZONTALE HEIZUNG K\u00dcKEN WEISS 2000W<\/p>\n<ul>\n<li class=\"\" data-start=\"853\" data-end=\"938\">\n<p class=\"\" data-start=\"855\" data-end=\"938\"><strong data-start=\"855\" data-end=\"890\">Potencia ajustable en 2 niveles<\/strong>: 1000W y 2000W, m\u00e1s funci\u00f3n de <strong data-start=\"922\" data-end=\"935\">kalte Luft<\/strong>.<\/p>\n<\/li>\n<li class=\"\" data-start=\"939\" data-end=\"1012\">\n<p class=\"\" data-start=\"941\" data-end=\"1012\"><strong data-start=\"941\" data-end=\"967\">Termostato incorporado<\/strong>, regula la temperatura de forma eficiente.<\/p>\n<\/li>\n<li class=\"\" data-start=\"1013\" data-end=\"1080\">\n<p class=\"\" data-start=\"1015\" data-end=\"1080\"><strong data-start=\"1015\" data-end=\"1037\">Automatische Abschaltung<\/strong> al alcanzar la temperatura seleccionada.<\/p>\n<\/li>\n<li class=\"\" data-start=\"1081\" data-end=\"1163\">\n<p class=\"\" data-start=\"1083\" data-end=\"1163\"><strong data-start=\"1083\" data-end=\"1102\">Tama\u00f1o reducido<\/strong>, perfecto para espacios peque\u00f1os como ba\u00f1os o dormitorios.<\/p>\n<\/li>\n<li class=\"\" data-start=\"1164\" data-end=\"1233\">\n<p class=\"\" data-start=\"1166\" data-end=\"1233\"><strong data-start=\"1166\" data-end=\"1196\">Dise\u00f1o horizontal compacto<\/strong>, f\u00e1cil de almacenar y transportar.<\/p>\n<\/li>\n<li class=\"\" data-start=\"1234\" data-end=\"1307\">\n<p class=\"\" data-start=\"1236\" data-end=\"1307\"><strong data-start=\"1236\" data-end=\"1269\">Piloto luminoso en color rojo<\/strong>, indica encendido y funcionamiento.<\/p>\n<\/li>\n<li class=\"\" data-start=\"1308\" data-end=\"1394\">\n<p class=\"\" data-start=\"1310\" data-end=\"1394\"><strong data-start=\"1310\" data-end=\"1334\">Sicherheitsgitter<\/strong>, protege del contacto directo con el elemento calefactor.<\/p>\n<\/li>\n<li class=\"\" data-start=\"1395\" data-end=\"1448\">\n<p class=\"\" data-start=\"1397\" data-end=\"1448\"><strong data-start=\"1397\" data-end=\"1427\">Alta eficiencia energ\u00e9tica<\/strong>, con bajo consumo.<\/p>\n<\/li>\n<li class=\"\" data-start=\"1449\" data-end=\"1526\">\n<p class=\"\" data-start=\"1451\" data-end=\"1526\"><strong data-start=\"1451\" data-end=\"1501\">Cable de conexi\u00f3n con enchufe europeo 220\u2013240V<\/strong>, instalaci\u00f3n est\u00e1ndar.<\/p>\n<\/li>\n<li class=\"\" data-start=\"1527\" data-end=\"1591\">\n<p class=\"\" data-start=\"1529\" data-end=\"1591\">Ideal para un uso pr\u00e1ctico y seguro durante los meses fr\u00edos.<\/p>\n<\/li>\n<\/ul>\n<div class=\"accordion\"><div class=\"mfn-acc accordion_wrapper  toggle\"><br \/>\n<div class=\"question\"><div class=\"title\"><i class=\"icon-plus acc-icon-plus\" aria-hidden=\"true\"><\/i><i class=\"icon-minus acc-icon-minus\" aria-hidden=\"true\"><\/i>Produktdaten<\/div><div class=\"answer\"><\/p>\n<p><span class=\"label\">HORIZONTALE HEIZUNG K\u00dcKEN WEISS 2000W<\/span><\/p>\n<p><span class=\"label\">EAN<\/span> <span class=\"data\">8425160360115<\/span><br \/>\n<span class=\"label\">Unidad del envase<\/span> <span class=\"data\">1<\/span><br \/>\n<span class=\"label\">Color<\/span> <span class=\"data\">Blanco<\/span><br \/>\n<span class=\"label\">Embalaje<\/span> <span class=\"data\">Caja Color<\/span><br \/>\n<span class=\"label\">Strom<\/span> <span class=\"data\">1000-2000 W<\/span><br \/>\n<span class=\"label\">Voltaje<\/span> <span class=\"data\">230 V<\/span><br \/>\n<span class=\"label\">Gr\u00f6\u00dfe<\/span> <span class=\"data\">Peque\u00f1o<\/span><br \/>\n<span class=\"label\">Material<\/span> <span class=\"data\">Pl\u00e1stico<\/span><br \/>\n<\/div><\/div>\n<br \/>\n<\/div><\/div>\n\n<div class=\"accordion\"><div class=\"mfn-acc accordion_wrapper  toggle\"><br \/>\n<div class=\"question\"><div class=\"title\"><i class=\"icon-plus acc-icon-plus\" aria-hidden=\"true\"><\/i><i class=\"icon-minus acc-icon-minus\" aria-hidden=\"true\"><\/i>Zubeh\u00f6r<\/div><div class=\"answer\"><br \/>\n<\/div><\/div>\n<br \/>\n<\/div><\/div>\n\n<div class=\"descargas-producto\"><img loading=\"lazy\" decoding=\"async\" src=\"\/wp-content\/uploads\/2019\/12\/picto-descarrega.png\" alt=\"Datenblatt herunterladen\" width=\"23\" height=\"16\" \/><a href=\"https:\/\/kuken.alfadyser.dev\/wp-content\/uploads\/8425160360115_ficha_tecnica.pdf\">Blatt herunterladen<\/a><br \/>\n<img loading=\"lazy\" decoding=\"async\" src=\"\/wp-content\/uploads\/2019\/12\/picto-descarrega.png\" alt=\"Gebrauchsanweisung herunterladen\" width=\"23\" height=\"16\" \/><a href=\"https:\/\/kuken.alfadyser.dev\/wp-content\/uploads\/36011_instrucciones_compressed.pdf\">Handbuch herunterladen<\/a><\/div>\n<div><\/div>\n<div><span style=\"color: #bf2121\">Folgen Sie uns auf den sozialen Medien!<\/span><\/div>\n<div><a href=\"https:\/\/www.instagram.com\/kuken_appliances\/\">https:\/\/www.instagram.com\/kuken_appliances\/<\/a><\/div>\n<p><iframe loading=\"lazy\" title=\"Calefactor horizontal k\u00fcken white 2000w\" width=\"560\" height=\"315\" src=\"https:\/\/www.youtube.com\/embed\/8YViXKtSrQM?feature=oembed\" frameborder=\"0\" allow=\"accelerometer; autoplay; clipboard-write; encrypted-media; gyroscope; picture-in-picture; web-share\" referrerpolicy=\"strict-origin-when-cross-origin\" allowfullscreen><\/iframe><\/p>","protected":false},"excerpt":{"rendered":"<p class=\"\" data-start=\"625\" data-end=\"782\">Compacto, potente y seguro. Ideal para habitaciones peque\u00f1as, este calefactor ofrece calor inmediato, control total de temperatura y bajo consumo energ\u00e9tico.<\/p>","protected":false},"featured_media":10568,"template":"","meta":[],"product_brand":[],"product_cat":[226],"product_tag":[],"class_list":{"0":"post-10567","1":"product","2":"type-product","3":"status-publish","4":"has-post-thumbnail","6":"product_cat-calefactores","8":"first","9":"instock","10":"product-type-simple"},"yoast_head":"<!-- This site is optimized with the Yoast SEO Premium plugin v24.0 (Yoast SEO v26.5) - https:\/\/yoast.com\/wordpress\/plugins\/seo\/ -->\n<title>CALEFACTOR HORIZONTAL K\u00dcKEN WHITE 2000W - K\u00fcken<\/title>\n<meta name=\"description\" content=\"Nuevo y exclusivo calefactor horizontal k\u00fcken White de 2000W. Calienta tu lavabo y peque\u00f1as estancias de manera m\u00e1s r\u00e1pida, desc\u00fabrela ahora.\" \/>\n<meta name=\"robots\" content=\"noindex, follow, max-snippet:-1, max-image-preview:large, max-video-preview:-1\" \/>\n<meta property=\"og:locale\" content=\"de_DE\" \/>\n<meta property=\"og:type\" content=\"article\" \/>\n<meta property=\"og:title\" content=\"CALEFACTOR HORIZONTAL K\u00dcKEN WHITE 2000W\" \/>\n<meta property=\"og:description\" content=\"Nuevo y exclusivo calefactor horizontal k\u00fcken White de 2000W. Calienta tu lavabo y peque\u00f1as estancias de manera m\u00e1s r\u00e1pida, desc\u00fabrela ahora.\" \/>\n<meta property=\"og:url\" content=\"https:\/\/kuken.alfadyser.dev\/de\/produkt\/calefactor-horizontal-1000-2000w-blanco-kuken-2\/\" \/>\n<meta property=\"og:site_name\" content=\"K\u00fcken\" \/>\n<meta property=\"article:publisher\" content=\"https:\/\/es-es.facebook.com\/alfadyser\/\" \/>\n<meta property=\"article:modified_time\" content=\"2025-07-22T07:49:43+00:00\" \/>\n<meta property=\"og:image\" content=\"https:\/\/kuken.alfadyser.dev\/wp-content\/uploads\/8425160360115_01.jpg\" \/>\n\t<meta property=\"og:image:width\" content=\"2000\" \/>\n\t<meta property=\"og:image:height\" content=\"2000\" \/>\n\t<meta property=\"og:image:type\" content=\"image\/jpeg\" \/>\n<meta name=\"twitter:card\" content=\"summary_large_image\" \/>\n<meta name=\"twitter:label1\" content=\"Preis\" \/>\n\t<meta name=\"twitter:data1\" content=\"\" \/>\n\t<meta name=\"twitter:label2\" content=\"Verf\u00fcgbarkeit\" \/>\n\t<meta name=\"twitter:data2\" content=\"Auf Lager\" \/>\n<script type=\"application\/ld+json\" class=\"yoast-schema-graph\">{\"@context\":\"https:\/\/schema.org\",\"@graph\":[{\"@type\":\"WebPage\",\"@id\":\"https:\/\/kuken.alfadyser.dev\/producto\/calefactor-horizontal-kuken-white-2000w\/\",\"url\":\"https:\/\/kuken.alfadyser.dev\/producto\/calefactor-horizontal-kuken-white-2000w\/\",\"name\":\"CALEFACTOR HORIZONTAL K\u00dcKEN WHITE 2000W - K\u00fcken\",\"isPartOf\":{\"@id\":\"https:\/\/kuken.alfadyser.dev\/#website\"},\"primaryImageOfPage\":{\"@id\":\"https:\/\/kuken.alfadyser.dev\/producto\/calefactor-horizontal-kuken-white-2000w\/#primaryimage\"},\"image\":{\"@id\":\"https:\/\/kuken.alfadyser.dev\/producto\/calefactor-horizontal-kuken-white-2000w\/#primaryimage\"},\"thumbnailUrl\":\"https:\/\/kuken.alfadyser.dev\/wp-content\/uploads\/8425160360115_01.jpg\",\"datePublished\":\"2023-09-12T09:31:04+00:00\",\"dateModified\":\"2025-07-22T07:49:43+00:00\",\"description\":\"Nuevo y exclusivo calefactor horizontal k\u00fcken White de 2000W. Calienta tu lavabo y peque\u00f1as estancias de manera m\u00e1s r\u00e1pida, desc\u00fabrela ahora.\",\"breadcrumb\":{\"@id\":\"https:\/\/kuken.alfadyser.dev\/producto\/calefactor-horizontal-kuken-white-2000w\/#breadcrumb\"},\"inLanguage\":\"de\",\"potentialAction\":[{\"@type\":\"ReadAction\",\"target\":[\"https:\/\/kuken.alfadyser.dev\/producto\/calefactor-horizontal-kuken-white-2000w\/\"]}]},{\"@type\":\"ImageObject\",\"inLanguage\":\"de\",\"@id\":\"https:\/\/kuken.alfadyser.dev\/producto\/calefactor-horizontal-kuken-white-2000w\/#primaryimage\",\"url\":\"https:\/\/kuken.alfadyser.dev\/wp-content\/uploads\/8425160360115_01.jpg\",\"contentUrl\":\"https:\/\/kuken.alfadyser.dev\/wp-content\/uploads\/8425160360115_01.jpg\",\"width\":2000,\"height\":2000},{\"@type\":\"BreadcrumbList\",\"@id\":\"https:\/\/kuken.alfadyser.dev\/producto\/calefactor-horizontal-kuken-white-2000w\/#breadcrumb\",\"itemListElement\":[{\"@type\":\"ListItem\",\"position\":1,\"name\":\"Portada\",\"item\":\"https:\/\/kuken.alfadyser.dev\/\"},{\"@type\":\"ListItem\",\"position\":2,\"name\":\"Productos\",\"item\":\"https:\/\/kuken.alfadyser.dev\/productos\/\"},{\"@type\":\"ListItem\",\"position\":3,\"name\":\"CALEFACTOR HORIZONTAL K\u00dcKEN WHITE 2000W\"}]},{\"@type\":\"WebSite\",\"@id\":\"https:\/\/kuken.alfadyser.dev\/#website\",\"url\":\"https:\/\/kuken.alfadyser.dev\/\",\"name\":\"K\u00fcken\",\"description\":\"Amplia gama de peque\u00f1o electrodom\u00e9stico k\u00fcken\",\"publisher\":{\"@id\":\"https:\/\/kuken.alfadyser.dev\/#organization\"},\"potentialAction\":[{\"@type\":\"SearchAction\",\"target\":{\"@type\":\"EntryPoint\",\"urlTemplate\":\"https:\/\/kuken.alfadyser.dev\/?s={search_term_string}\"},\"query-input\":{\"@type\":\"PropertyValueSpecification\",\"valueRequired\":true,\"valueName\":\"search_term_string\"}}],\"inLanguage\":\"de\"},{\"@type\":\"Organization\",\"@id\":\"https:\/\/kuken.alfadyser.dev\/#organization\",\"name\":\"Alfa Dyser\",\"url\":\"https:\/\/kuken.alfadyser.dev\/\",\"logo\":{\"@type\":\"ImageObject\",\"inLanguage\":\"de\",\"@id\":\"https:\/\/kuken.alfadyser.dev\/#\/schema\/logo\/image\/\",\"url\":\"https:\/\/kuken.alfadyser.dev\/wp-content\/uploads\/2019\/04\/kuken-logo.png\",\"contentUrl\":\"https:\/\/kuken.alfadyser.dev\/wp-content\/uploads\/2019\/04\/kuken-logo.png\",\"width\":500,\"height\":191,\"caption\":\"Alfa Dyser\"},\"image\":{\"@id\":\"https:\/\/kuken.alfadyser.dev\/#\/schema\/logo\/image\/\"},\"sameAs\":[\"https:\/\/es-es.facebook.com\/alfadyser\/\",\"https:\/\/www.instagram.com\/kuken_appliances\/\"]}]}<\/script>\n<meta property=\"product:price:currency\" content=\"EUR\" \/>\n<meta property=\"og:availability\" content=\"instock\" \/>\n<meta property=\"product:availability\" content=\"instock\" \/>\n<meta property=\"product:retailer_item_id\" content=\"36011\" \/>\n<meta property=\"product:condition\" content=\"new\" \/>\n<!-- \/ Yoast SEO Premium plugin. -->","yoast_head_json":{"title":"CALEFACTOR HORIZONTAL K\u00dcKEN WHITE 2000W - K\u00fcken","description":"Nuevo y exclusivo calefactor horizontal k\u00fcken White de 2000W. Calienta tu lavabo y peque\u00f1as estancias de manera m\u00e1s r\u00e1pida, desc\u00fabrela ahora.","robots":{"index":"noindex","follow":"follow","max-snippet":"max-snippet:-1","max-image-preview":"max-image-preview:large","max-video-preview":"max-video-preview:-1"},"og_locale":"de_DE","og_type":"article","og_title":"CALEFACTOR HORIZONTAL K\u00dcKEN WHITE 2000W","og_description":"Nuevo y exclusivo calefactor horizontal k\u00fcken White de 2000W. Calienta tu lavabo y peque\u00f1as estancias de manera m\u00e1s r\u00e1pida, desc\u00fabrela ahora.","og_url":"https:\/\/kuken.alfadyser.dev\/de\/produkt\/calefactor-horizontal-1000-2000w-blanco-kuken-2\/","og_site_name":"K\u00fcken","article_publisher":"https:\/\/es-es.facebook.com\/alfadyser\/","article_modified_time":"2025-07-22T07:49:43+00:00","og_image":[{"width":2000,"height":2000,"url":"https:\/\/kuken.alfadyser.dev\/wp-content\/uploads\/8425160360115_01.jpg","type":"image\/jpeg"}],"twitter_card":"summary_large_image","twitter_misc":{"Preis":"","Verf\u00fcgbarkeit":"Auf Lager"},"schema":{"@context":"https:\/\/schema.org","@graph":[{"@type":"WebPage","@id":"https:\/\/kuken.alfadyser.dev\/producto\/calefactor-horizontal-kuken-white-2000w\/","url":"https:\/\/kuken.alfadyser.dev\/producto\/calefactor-horizontal-kuken-white-2000w\/","name":"CALEFACTOR HORIZONTAL K\u00dcKEN WHITE 2000W - K\u00fcken","isPartOf":{"@id":"https:\/\/kuken.alfadyser.dev\/#website"},"primaryImageOfPage":{"@id":"https:\/\/kuken.alfadyser.dev\/producto\/calefactor-horizontal-kuken-white-2000w\/#primaryimage"},"image":{"@id":"https:\/\/kuken.alfadyser.dev\/producto\/calefactor-horizontal-kuken-white-2000w\/#primaryimage"},"thumbnailUrl":"https:\/\/kuken.alfadyser.dev\/wp-content\/uploads\/8425160360115_01.jpg","datePublished":"2023-09-12T09:31:04+00:00","dateModified":"2025-07-22T07:49:43+00:00","description":"Nuevo y exclusivo calefactor horizontal k\u00fcken White de 2000W. Calienta tu lavabo y peque\u00f1as estancias de manera m\u00e1s r\u00e1pida, desc\u00fabrela ahora.","breadcrumb":{"@id":"https:\/\/kuken.alfadyser.dev\/producto\/calefactor-horizontal-kuken-white-2000w\/#breadcrumb"},"inLanguage":"de","potentialAction":[{"@type":"ReadAction","target":["https:\/\/kuken.alfadyser.dev\/producto\/calefactor-horizontal-kuken-white-2000w\/"]}]},{"@type":"ImageObject","inLanguage":"de","@id":"https:\/\/kuken.alfadyser.dev\/producto\/calefactor-horizontal-kuken-white-2000w\/#primaryimage","url":"https:\/\/kuken.alfadyser.dev\/wp-content\/uploads\/8425160360115_01.jpg","contentUrl":"https:\/\/kuken.alfadyser.dev\/wp-content\/uploads\/8425160360115_01.jpg","width":2000,"height":2000},{"@type":"BreadcrumbList","@id":"https:\/\/kuken.alfadyser.dev\/producto\/calefactor-horizontal-kuken-white-2000w\/#breadcrumb","itemListElement":[{"@type":"ListItem","position":1,"name":"Portada","item":"https:\/\/kuken.alfadyser.dev\/"},{"@type":"ListItem","position":2,"name":"Productos","item":"https:\/\/kuken.alfadyser.dev\/productos\/"},{"@type":"ListItem","position":3,"name":"CALEFACTOR HORIZONTAL K\u00dcKEN WHITE 2000W"}]},{"@type":"WebSite","@id":"https:\/\/kuken.alfadyser.dev\/#website","url":"https:\/\/kuken.alfadyser.dev\/","name":"K\u00fcken","description":"Gro\u00dfe Auswahl an k\u00fcken Haushaltskleinger\u00e4ten","publisher":{"@id":"https:\/\/kuken.alfadyser.dev\/#organization"},"potentialAction":[{"@type":"SearchAction","target":{"@type":"EntryPoint","urlTemplate":"https:\/\/kuken.alfadyser.dev\/?s={search_term_string}"},"query-input":{"@type":"PropertyValueSpecification","valueRequired":true,"valueName":"search_term_string"}}],"inLanguage":"de"},{"@type":"Organization","@id":"https:\/\/kuken.alfadyser.dev\/#organization","name":"Alpha Dyser","url":"https:\/\/kuken.alfadyser.dev\/","logo":{"@type":"ImageObject","inLanguage":"de","@id":"https:\/\/kuken.alfadyser.dev\/#\/schema\/logo\/image\/","url":"https:\/\/kuken.alfadyser.dev\/wp-content\/uploads\/2019\/04\/kuken-logo.png","contentUrl":"https:\/\/kuken.alfadyser.dev\/wp-content\/uploads\/2019\/04\/kuken-logo.png","width":500,"height":191,"caption":"Alfa Dyser"},"image":{"@id":"https:\/\/kuken.alfadyser.dev\/#\/schema\/logo\/image\/"},"sameAs":["https:\/\/es-es.facebook.com\/alfadyser\/","https:\/\/www.instagram.com\/kuken_appliances\/"]}]},"product_price_currency":"EUR","og_availability":"instock","product_availability":"instock","product_retailer_item_id":"36011","product_condition":"new"},"_links":{"self":[{"href":"https:\/\/kuken.alfadyser.dev\/de\/wp-json\/wp\/v2\/product\/10567","targetHints":{"allow":["GET"]}}],"collection":[{"href":"https:\/\/kuken.alfadyser.dev\/de\/wp-json\/wp\/v2\/product"}],"about":[{"href":"https:\/\/kuken.alfadyser.dev\/de\/wp-json\/wp\/v2\/types\/product"}],"wp:featuredmedia":[{"embeddable":true,"href":"https:\/\/kuken.alfadyser.dev\/de\/wp-json\/wp\/v2\/media\/10568"}],"wp:attachment":[{"href":"https:\/\/kuken.alfadyser.dev\/de\/wp-json\/wp\/v2\/media?parent=10567"}],"wp:term":[{"taxonomy":"product_brand","embeddable":true,"href":"https:\/\/kuken.alfadyser.dev\/de\/wp-json\/wp\/v2\/product_brand?post=10567"},{"taxonomy":"product_cat","embeddable":true,"href":"https:\/\/kuken.alfadyser.dev\/de\/wp-json\/wp\/v2\/product_cat?post=10567"},{"taxonomy":"product_tag","embeddable":true,"href":"https:\/\/kuken.alfadyser.dev\/de\/wp-json\/wp\/v2\/product_tag?post=10567"}],"curies":[{"name":"wp","href":"https:\/\/api.w.org\/{rel}","templated":true}]}}