{"id":10458,"date":"2023-08-07T09:54:56","date_gmt":"2023-08-07T07:54:56","guid":{"rendered":"https:\/\/kuken.alfadyser.dev\/?post_type=product&#038;p=10458"},"modified":"2025-07-22T10:30:33","modified_gmt":"2025-07-22T08:30:33","slug":"raclette-grill-und-stein-1200w-kuken-7","status":"publish","type":"product","link":"https:\/\/kuken.alfadyser.dev\/de\/produkt\/raclette-grill-und-stein-1200w-kuken-7\/","title":{"rendered":"KUKEN 46x26CM 2500W ELEKTRISCHER BRATENGRILL 46x26CM 2500W KUKEN"},"content":{"rendered":"<p>KUKEN 46x26CM 2500W ELEKTRISCHER BRATENGRILL 46x26CM 2500W KUKEN<\/p>\n<ul>\n<li data-start=\"870\" data-end=\"938\">\n<p data-start=\"872\" data-end=\"938\">Potencia de 2500W, para un calentamiento r\u00e1pido y eficiente.<\/p>\n<\/li>\n<li data-start=\"939\" data-end=\"1014\">\n<p data-start=\"941\" data-end=\"1014\">Superficie de cocci\u00f3n de 46 x 26 cm, ideal para espacios reducidos.<\/p>\n<\/li>\n<li data-start=\"1015\" data-end=\"1086\">\n<p data-start=\"1017\" data-end=\"1086\">Revestimiento antiadherente, evita que los alimentos se peguen.<\/p>\n<\/li>\n<li data-start=\"1087\" data-end=\"1157\">\n<p data-start=\"1089\" data-end=\"1157\">Plancha de superficie lisa, pensada para una cocci\u00f3n uniforme.<\/p>\n<\/li>\n<li data-start=\"1158\" data-end=\"1227\">\n<p data-start=\"1160\" data-end=\"1227\">Asas con mango de tacto fr\u00edo, permiten moverla con seguridad.<\/p>\n<\/li>\n<li data-start=\"1228\" data-end=\"1302\">\n<p data-start=\"1230\" data-end=\"1302\">Bandeja recoge jugos, para una experiencia de cocinado m\u00e1s limpia.<\/p>\n<\/li>\n<li data-start=\"1303\" data-end=\"1359\">\n<p data-start=\"1305\" data-end=\"1359\">Dise\u00f1o compacto, f\u00e1cil de guardar y transportar.<\/p>\n<\/li>\n<li data-start=\"1360\" data-end=\"1436\">\n<p data-start=\"1362\" data-end=\"1436\">Apta para carne, pescado, verduras y m\u00e1s, con resultados saludables.<\/p>\n<\/li>\n<li data-start=\"1437\" data-end=\"1498\">\n<p data-start=\"1439\" data-end=\"1498\">Eficiente y segura, ideal para uso diario en la cocina.<\/p>\n<\/li>\n<\/ul>\n<div class=\"accordion\"><div class=\"mfn-acc accordion_wrapper  toggle\"><br \/>\n<div class=\"question\"><div class=\"title\"><i class=\"icon-plus acc-icon-plus\" aria-hidden=\"true\"><\/i><i class=\"icon-minus acc-icon-minus\" aria-hidden=\"true\"><\/i>Produktdaten<\/div><div class=\"answer\"><\/p>\n<p>KUKEN 46x26CM 2500W ELEKTRISCHER BRATENGRILL 46x26CM 2500W KUKEN<\/p>\n<p>EAN 8425160352127<br \/>\nPackeinheit 1<br \/>\nFarbe Schwarz<br \/>\nVerpackung Box Farbe<br \/>\nPotencia 2500 W<br \/>\nSpannung 230 V<br \/>\nDimensiones (LxAxH): 460&#215;260 mm.<br \/>\nAbnehmbar Ja<br \/>\nRutschfeste F\u00fc\u00dfe Ja<br \/>\n<\/div><\/div>\n<br \/>\n<\/div><\/div>\n\n<div class=\"accordion\"><div class=\"mfn-acc accordion_wrapper  toggle\"><br \/>\n<div class=\"question\"><div class=\"title\"><i class=\"icon-plus acc-icon-plus\" aria-hidden=\"true\"><\/i><i class=\"icon-minus acc-icon-minus\" aria-hidden=\"true\"><\/i>Zubeh\u00f6r<\/div><div class=\"answer\"><br \/>\n<\/div><\/div>\n<br \/>\n<\/div><\/div>\n\n<div class=\"descargas-producto\"><a href=\"https:\/\/kuken.alfadyser.dev\/wp-content\/uploads\/8425160352127_ficha_tecnica.pdf\" target=\"_blank\" rel=\"noopener noreferrer\"><br \/>\n<img loading=\"lazy\" decoding=\"async\" src=\"\/wp-content\/uploads\/2019\/12\/picto-descarrega.png\" alt=\"Datenblatt herunterladen\" width=\"23\" height=\"16\" \/>Blatt herunterladen<\/a><br \/>\n<img loading=\"lazy\" decoding=\"async\" src=\"\/wp-content\/uploads\/2019\/12\/picto-descarrega.png\" alt=\"Gebrauchsanweisung herunterladen\" width=\"23\" height=\"16\" \/><a href=\"https:\/\/kuken.alfadyser.dev\/wp-content\/uploads\/35212_instrucciones_compressed.pdf\">Handbuch herunterladen<\/a><\/div>\n<div><\/div>\n<div><span style=\"color: #bf2121\">Folgen Sie uns auf den sozialen Medien!<\/span><\/div>\n<div><a href=\"https:\/\/www.instagram.com\/kuken_appliances\/\">https:\/\/www.instagram.com\/kuken_appliances\/<\/a><\/div>","protected":false},"excerpt":{"rendered":"<p data-start=\"529\" data-end=\"684\">Compacta y potente. Esta plancha ofrece cocci\u00f3n uniforme, sistema antigoteo y asas fr\u00edas, perfecta para preparar carnes, verduras o desayunos sin esfuerzo.<\/p>\n<blockquote data-start=\"686\" data-end=\"802\">\n<p data-start=\"688\" data-end=\"802\">\n<\/blockquote>","protected":false},"featured_media":10459,"template":"","meta":[],"product_brand":[],"product_cat":[195],"product_tag":[],"class_list":{"0":"post-10458","1":"product","2":"type-product","3":"status-publish","4":"has-post-thumbnail","6":"product_cat-planchas-cocina","8":"first","9":"instock","10":"product-type-simple"},"yoast_head":"<!-- This site is optimized with the Yoast SEO Premium plugin v24.0 (Yoast SEO v26.5) - https:\/\/yoast.com\/wordpress\/plugins\/seo\/ -->\n<title>PLANCHA DE ASAR EL\u00c9CTRICA 46x26CM 2500W KUKEN - K\u00fcken<\/title>\n<meta name=\"description\" content=\"Nueva plancha de asar el\u00e9ctrica k\u00fcken con la que podr\u00e1s asar carnes, verduras y pescados con tus amigos de manera m\u00e1s r\u00e1pida y sencilla.\" \/>\n<meta name=\"robots\" content=\"noindex, follow, max-snippet:-1, max-image-preview:large, max-video-preview:-1\" \/>\n<meta property=\"og:locale\" content=\"de_DE\" \/>\n<meta property=\"og:type\" content=\"article\" \/>\n<meta property=\"og:title\" content=\"PLANCHA DE ASAR EL\u00c9CTRICA 46x26CM 2500W KUKEN\" \/>\n<meta property=\"og:description\" content=\"Nueva plancha de asar el\u00e9ctrica k\u00fcken con la que podr\u00e1s asar carnes, verduras y pescados con tus amigos de manera m\u00e1s r\u00e1pida y sencilla.\" \/>\n<meta property=\"og:url\" content=\"https:\/\/kuken.alfadyser.dev\/de\/produkt\/raclette-grill-und-stein-1200w-kuken-7\/\" \/>\n<meta property=\"og:site_name\" content=\"K\u00fcken\" \/>\n<meta property=\"article:publisher\" content=\"https:\/\/es-es.facebook.com\/alfadyser\/\" \/>\n<meta property=\"article:modified_time\" content=\"2025-07-22T08:30:33+00:00\" \/>\n<meta property=\"og:image\" content=\"https:\/\/kuken.alfadyser.dev\/wp-content\/uploads\/8425160352127.jpg\" \/>\n\t<meta property=\"og:image:width\" content=\"2000\" \/>\n\t<meta property=\"og:image:height\" content=\"2000\" \/>\n\t<meta property=\"og:image:type\" content=\"image\/jpeg\" \/>\n<meta name=\"twitter:card\" content=\"summary_large_image\" \/>\n<meta name=\"twitter:label1\" content=\"Preis\" \/>\n\t<meta name=\"twitter:data1\" content=\"\" \/>\n\t<meta name=\"twitter:label2\" content=\"Verf\u00fcgbarkeit\" \/>\n\t<meta name=\"twitter:data2\" content=\"Auf Lager\" \/>\n<script type=\"application\/ld+json\" class=\"yoast-schema-graph\">{\"@context\":\"https:\/\/schema.org\",\"@graph\":[{\"@type\":\"WebPage\",\"@id\":\"https:\/\/kuken.alfadyser.dev\/producto\/plancha-de-asar-electrica-46x26cm-2500w-kuken-copia\/\",\"url\":\"https:\/\/kuken.alfadyser.dev\/producto\/plancha-de-asar-electrica-46x26cm-2500w-kuken-copia\/\",\"name\":\"PLANCHA DE ASAR EL\u00c9CTRICA 46x26CM 2500W KUKEN - K\u00fcken\",\"isPartOf\":{\"@id\":\"https:\/\/kuken.alfadyser.dev\/#website\"},\"primaryImageOfPage\":{\"@id\":\"https:\/\/kuken.alfadyser.dev\/producto\/plancha-de-asar-electrica-46x26cm-2500w-kuken-copia\/#primaryimage\"},\"image\":{\"@id\":\"https:\/\/kuken.alfadyser.dev\/producto\/plancha-de-asar-electrica-46x26cm-2500w-kuken-copia\/#primaryimage\"},\"thumbnailUrl\":\"https:\/\/kuken.alfadyser.dev\/wp-content\/uploads\/8425160352127.jpg\",\"datePublished\":\"2023-08-07T07:54:56+00:00\",\"dateModified\":\"2025-07-22T08:30:33+00:00\",\"description\":\"Nueva plancha de asar el\u00e9ctrica k\u00fcken con la que podr\u00e1s asar carnes, verduras y pescados con tus amigos de manera m\u00e1s r\u00e1pida y sencilla.\",\"breadcrumb\":{\"@id\":\"https:\/\/kuken.alfadyser.dev\/producto\/plancha-de-asar-electrica-46x26cm-2500w-kuken-copia\/#breadcrumb\"},\"inLanguage\":\"de\",\"potentialAction\":[{\"@type\":\"ReadAction\",\"target\":[\"https:\/\/kuken.alfadyser.dev\/producto\/plancha-de-asar-electrica-46x26cm-2500w-kuken-copia\/\"]}]},{\"@type\":\"ImageObject\",\"inLanguage\":\"de\",\"@id\":\"https:\/\/kuken.alfadyser.dev\/producto\/plancha-de-asar-electrica-46x26cm-2500w-kuken-copia\/#primaryimage\",\"url\":\"https:\/\/kuken.alfadyser.dev\/wp-content\/uploads\/8425160352127.jpg\",\"contentUrl\":\"https:\/\/kuken.alfadyser.dev\/wp-content\/uploads\/8425160352127.jpg\",\"width\":2000,\"height\":2000},{\"@type\":\"BreadcrumbList\",\"@id\":\"https:\/\/kuken.alfadyser.dev\/producto\/plancha-de-asar-electrica-46x26cm-2500w-kuken-copia\/#breadcrumb\",\"itemListElement\":[{\"@type\":\"ListItem\",\"position\":1,\"name\":\"Portada\",\"item\":\"https:\/\/kuken.alfadyser.dev\/\"},{\"@type\":\"ListItem\",\"position\":2,\"name\":\"Productos\",\"item\":\"https:\/\/kuken.alfadyser.dev\/productos\/\"},{\"@type\":\"ListItem\",\"position\":3,\"name\":\"PLANCHA DE ASAR EL\u00c9CTRICA 46x26CM 2500W KUKEN\"}]},{\"@type\":\"WebSite\",\"@id\":\"https:\/\/kuken.alfadyser.dev\/#website\",\"url\":\"https:\/\/kuken.alfadyser.dev\/\",\"name\":\"K\u00fcken\",\"description\":\"Amplia gama de peque\u00f1o electrodom\u00e9stico k\u00fcken\",\"publisher\":{\"@id\":\"https:\/\/kuken.alfadyser.dev\/#organization\"},\"potentialAction\":[{\"@type\":\"SearchAction\",\"target\":{\"@type\":\"EntryPoint\",\"urlTemplate\":\"https:\/\/kuken.alfadyser.dev\/?s={search_term_string}\"},\"query-input\":{\"@type\":\"PropertyValueSpecification\",\"valueRequired\":true,\"valueName\":\"search_term_string\"}}],\"inLanguage\":\"de\"},{\"@type\":\"Organization\",\"@id\":\"https:\/\/kuken.alfadyser.dev\/#organization\",\"name\":\"Alfa Dyser\",\"url\":\"https:\/\/kuken.alfadyser.dev\/\",\"logo\":{\"@type\":\"ImageObject\",\"inLanguage\":\"de\",\"@id\":\"https:\/\/kuken.alfadyser.dev\/#\/schema\/logo\/image\/\",\"url\":\"https:\/\/kuken.alfadyser.dev\/wp-content\/uploads\/2019\/04\/kuken-logo.png\",\"contentUrl\":\"https:\/\/kuken.alfadyser.dev\/wp-content\/uploads\/2019\/04\/kuken-logo.png\",\"width\":500,\"height\":191,\"caption\":\"Alfa Dyser\"},\"image\":{\"@id\":\"https:\/\/kuken.alfadyser.dev\/#\/schema\/logo\/image\/\"},\"sameAs\":[\"https:\/\/es-es.facebook.com\/alfadyser\/\",\"https:\/\/www.instagram.com\/kuken_appliances\/\"]}]}<\/script>\n<meta property=\"product:price:currency\" content=\"EUR\" \/>\n<meta property=\"og:availability\" content=\"instock\" \/>\n<meta property=\"product:availability\" content=\"instock\" \/>\n<meta property=\"product:retailer_item_id\" content=\"35212\" \/>\n<meta property=\"product:condition\" content=\"new\" \/>\n<!-- \/ Yoast SEO Premium plugin. -->","yoast_head_json":{"title":"PLANCHA DE ASAR EL\u00c9CTRICA 46x26CM 2500W KUKEN - K\u00fcken","description":"Nueva plancha de asar el\u00e9ctrica k\u00fcken con la que podr\u00e1s asar carnes, verduras y pescados con tus amigos de manera m\u00e1s r\u00e1pida y sencilla.","robots":{"index":"noindex","follow":"follow","max-snippet":"max-snippet:-1","max-image-preview":"max-image-preview:large","max-video-preview":"max-video-preview:-1"},"og_locale":"de_DE","og_type":"article","og_title":"PLANCHA DE ASAR EL\u00c9CTRICA 46x26CM 2500W KUKEN","og_description":"Nueva plancha de asar el\u00e9ctrica k\u00fcken con la que podr\u00e1s asar carnes, verduras y pescados con tus amigos de manera m\u00e1s r\u00e1pida y sencilla.","og_url":"https:\/\/kuken.alfadyser.dev\/de\/produkt\/raclette-grill-und-stein-1200w-kuken-7\/","og_site_name":"K\u00fcken","article_publisher":"https:\/\/es-es.facebook.com\/alfadyser\/","article_modified_time":"2025-07-22T08:30:33+00:00","og_image":[{"width":2000,"height":2000,"url":"https:\/\/kuken.alfadyser.dev\/wp-content\/uploads\/8425160352127.jpg","type":"image\/jpeg"}],"twitter_card":"summary_large_image","twitter_misc":{"Preis":"","Verf\u00fcgbarkeit":"Auf Lager"},"schema":{"@context":"https:\/\/schema.org","@graph":[{"@type":"WebPage","@id":"https:\/\/kuken.alfadyser.dev\/producto\/plancha-de-asar-electrica-46x26cm-2500w-kuken-copia\/","url":"https:\/\/kuken.alfadyser.dev\/producto\/plancha-de-asar-electrica-46x26cm-2500w-kuken-copia\/","name":"PLANCHA DE ASAR EL\u00c9CTRICA 46x26CM 2500W KUKEN - K\u00fcken","isPartOf":{"@id":"https:\/\/kuken.alfadyser.dev\/#website"},"primaryImageOfPage":{"@id":"https:\/\/kuken.alfadyser.dev\/producto\/plancha-de-asar-electrica-46x26cm-2500w-kuken-copia\/#primaryimage"},"image":{"@id":"https:\/\/kuken.alfadyser.dev\/producto\/plancha-de-asar-electrica-46x26cm-2500w-kuken-copia\/#primaryimage"},"thumbnailUrl":"https:\/\/kuken.alfadyser.dev\/wp-content\/uploads\/8425160352127.jpg","datePublished":"2023-08-07T07:54:56+00:00","dateModified":"2025-07-22T08:30:33+00:00","description":"Nueva plancha de asar el\u00e9ctrica k\u00fcken con la que podr\u00e1s asar carnes, verduras y pescados con tus amigos de manera m\u00e1s r\u00e1pida y sencilla.","breadcrumb":{"@id":"https:\/\/kuken.alfadyser.dev\/producto\/plancha-de-asar-electrica-46x26cm-2500w-kuken-copia\/#breadcrumb"},"inLanguage":"de","potentialAction":[{"@type":"ReadAction","target":["https:\/\/kuken.alfadyser.dev\/producto\/plancha-de-asar-electrica-46x26cm-2500w-kuken-copia\/"]}]},{"@type":"ImageObject","inLanguage":"de","@id":"https:\/\/kuken.alfadyser.dev\/producto\/plancha-de-asar-electrica-46x26cm-2500w-kuken-copia\/#primaryimage","url":"https:\/\/kuken.alfadyser.dev\/wp-content\/uploads\/8425160352127.jpg","contentUrl":"https:\/\/kuken.alfadyser.dev\/wp-content\/uploads\/8425160352127.jpg","width":2000,"height":2000},{"@type":"BreadcrumbList","@id":"https:\/\/kuken.alfadyser.dev\/producto\/plancha-de-asar-electrica-46x26cm-2500w-kuken-copia\/#breadcrumb","itemListElement":[{"@type":"ListItem","position":1,"name":"Portada","item":"https:\/\/kuken.alfadyser.dev\/"},{"@type":"ListItem","position":2,"name":"Productos","item":"https:\/\/kuken.alfadyser.dev\/productos\/"},{"@type":"ListItem","position":3,"name":"PLANCHA DE ASAR EL\u00c9CTRICA 46x26CM 2500W KUKEN"}]},{"@type":"WebSite","@id":"https:\/\/kuken.alfadyser.dev\/#website","url":"https:\/\/kuken.alfadyser.dev\/","name":"K\u00fcken","description":"Gro\u00dfe Auswahl an k\u00fcken Haushaltskleinger\u00e4ten","publisher":{"@id":"https:\/\/kuken.alfadyser.dev\/#organization"},"potentialAction":[{"@type":"SearchAction","target":{"@type":"EntryPoint","urlTemplate":"https:\/\/kuken.alfadyser.dev\/?s={search_term_string}"},"query-input":{"@type":"PropertyValueSpecification","valueRequired":true,"valueName":"search_term_string"}}],"inLanguage":"de"},{"@type":"Organization","@id":"https:\/\/kuken.alfadyser.dev\/#organization","name":"Alpha Dyser","url":"https:\/\/kuken.alfadyser.dev\/","logo":{"@type":"ImageObject","inLanguage":"de","@id":"https:\/\/kuken.alfadyser.dev\/#\/schema\/logo\/image\/","url":"https:\/\/kuken.alfadyser.dev\/wp-content\/uploads\/2019\/04\/kuken-logo.png","contentUrl":"https:\/\/kuken.alfadyser.dev\/wp-content\/uploads\/2019\/04\/kuken-logo.png","width":500,"height":191,"caption":"Alfa Dyser"},"image":{"@id":"https:\/\/kuken.alfadyser.dev\/#\/schema\/logo\/image\/"},"sameAs":["https:\/\/es-es.facebook.com\/alfadyser\/","https:\/\/www.instagram.com\/kuken_appliances\/"]}]},"product_price_currency":"EUR","og_availability":"instock","product_availability":"instock","product_retailer_item_id":"35212","product_condition":"new"},"_links":{"self":[{"href":"https:\/\/kuken.alfadyser.dev\/de\/wp-json\/wp\/v2\/product\/10458","targetHints":{"allow":["GET"]}}],"collection":[{"href":"https:\/\/kuken.alfadyser.dev\/de\/wp-json\/wp\/v2\/product"}],"about":[{"href":"https:\/\/kuken.alfadyser.dev\/de\/wp-json\/wp\/v2\/types\/product"}],"wp:featuredmedia":[{"embeddable":true,"href":"https:\/\/kuken.alfadyser.dev\/de\/wp-json\/wp\/v2\/media\/10459"}],"wp:attachment":[{"href":"https:\/\/kuken.alfadyser.dev\/de\/wp-json\/wp\/v2\/media?parent=10458"}],"wp:term":[{"taxonomy":"product_brand","embeddable":true,"href":"https:\/\/kuken.alfadyser.dev\/de\/wp-json\/wp\/v2\/product_brand?post=10458"},{"taxonomy":"product_cat","embeddable":true,"href":"https:\/\/kuken.alfadyser.dev\/de\/wp-json\/wp\/v2\/product_cat?post=10458"},{"taxonomy":"product_tag","embeddable":true,"href":"https:\/\/kuken.alfadyser.dev\/de\/wp-json\/wp\/v2\/product_tag?post=10458"}],"curies":[{"name":"wp","href":"https:\/\/api.w.org\/{rel}","templated":true}]}}