{"id":10362,"date":"2023-06-15T14:19:51","date_gmt":"2023-06-15T12:19:51","guid":{"rendered":"https:\/\/kuken.alfadyser.dev\/?post_type=product&#038;p=10362"},"modified":"2025-07-22T10:42:49","modified_gmt":"2025-07-22T08:42:49","slug":"professional-ionic-hair-dryer-2200w-red-red-kuken-8","status":"publish","type":"product","link":"https:\/\/kuken.alfadyser.dev\/de\/produkt\/professional-ionic-hair-dryer-2200w-red-red-kuken-8\/","title":{"rendered":"PROFESSIONELLER IONEN-HAARTROCKNER 2100W FLIEDERFARBEN"},"content":{"rendered":"<p>PROFESSIONELLER IONEN-HAARTROCKNER 2100W FLIEDERFARBEN<\/p>\n<ul data-start=\"887\" data-end=\"1626\">\n<li data-start=\"887\" data-end=\"969\">\n<p data-start=\"889\" data-end=\"969\">Tecnolog\u00eda IONIC, reduce el encrespamiento y mejora el brillo del cabello.<\/p>\n<\/li>\n<li data-start=\"970\" data-end=\"1036\">\n<p data-start=\"972\" data-end=\"1036\">Motor de 2100W, de alto rendimiento y bajo nivel de ruido.<\/p>\n<\/li>\n<li data-start=\"1037\" data-end=\"1123\">\n<p data-start=\"1039\" data-end=\"1123\">Tres niveles de potencia: alta, media y baja, para distintos tipos de cabello.<\/p>\n<\/li>\n<li data-start=\"1124\" data-end=\"1197\">\n<p data-start=\"1126\" data-end=\"1197\">Dos velocidades ajustables, mayor o menor caudal seg\u00fan necesidad.<\/p>\n<\/li>\n<li data-start=\"1198\" data-end=\"1273\">\n<p data-start=\"1200\" data-end=\"1273\">Funci\u00f3n de aire fr\u00edo, ideal para fijar el peinado sin da\u00f1o t\u00e9rmico.<\/p>\n<\/li>\n<li data-start=\"1274\" data-end=\"1372\">\n<p data-start=\"1276\" data-end=\"1372\">Incluye concentrador de aire para precisi\u00f3n y difusor de volumen para rizos definidos.<\/p>\n<\/li>\n<li data-start=\"1373\" data-end=\"1459\">\n<p data-start=\"1375\" data-end=\"1459\">Rejilla trasera antienredo, facilita el mantenimiento y prolonga la vida \u00fatil.<\/p>\n<\/li>\n<li data-start=\"1460\" data-end=\"1520\">\n<p data-start=\"1462\" data-end=\"1520\">Gancho de goma incorporado, para colgar c\u00f3modamente.<\/p>\n<\/li>\n<li data-start=\"1521\" data-end=\"1567\">\n<p data-start=\"1523\" data-end=\"1567\">Dise\u00f1o color lila, moderno y original.<\/p>\n<\/li>\n<li data-start=\"1568\" data-end=\"1626\">\n<p data-start=\"1570\" data-end=\"1626\">Menos vibraci\u00f3n, m\u00e1s confort, ideal para uso diario.<\/p>\n<\/li>\n<\/ul>\n<p><div class=\"accordion\"><div class=\"mfn-acc accordion_wrapper  toggle\"><div class=\"question\"><div class=\"title\"><i class=\"icon-plus acc-icon-plus\" aria-hidden=\"true\"><\/i><i class=\"icon-minus acc-icon-minus\" aria-hidden=\"true\"><\/i>Produktdaten<\/div><div class=\"answer\">EAN 8425160370718<\/p>\n<p>PROFESSIONELLER IONEN-HAARTROCKNER 2100W FLIEDERFARBEN<\/p>\n<p>Packeinheit 1<br \/>\nFliederfarbe<br \/>\nVerpackung Farbige Schachtel<br \/>\nLeistung 2100 W<br \/>\nSpannung 230 V<br \/>\nWerkstoff PC<br \/>\nGeschwindigkeiten 3 Temperaturen\/ 2 Leistungen<br \/>\nIonische Funktion Ja<br \/>\n<\/div><\/div>\n<\/div><\/div>\n<br \/>\n<div class=\"accordion\"><div class=\"mfn-acc accordion_wrapper  toggle\"><div class=\"question\"><div class=\"title\"><i class=\"icon-plus acc-icon-plus\" aria-hidden=\"true\"><\/i><i class=\"icon-minus acc-icon-minus\" aria-hidden=\"true\"><\/i>Zubeh\u00f6r<\/div><div class=\"answer\">1 Gl\u00e4ttungsd\u00fcse.<br \/>\n1 Professioneller Diffusor f\u00fcr lockiges Haar.<\/div><\/div>\n<\/div><\/div>\n<\/p>\n<div class=\"descargas-producto\"><a href=\"https:\/\/kuken.alfadyser.dev\/wp-content\/uploads\/8425160360429_ficha_tecnica.pdf\" target=\"_blank\" rel=\"noopener noreferrer\"><br \/>\n<img loading=\"lazy\" decoding=\"async\" src=\"\/wp-content\/uploads\/2019\/12\/picto-descarrega.png\" alt=\"Datenblatt herunterladen\" width=\"23\" height=\"16\" \/>Blatt herunterladen<\/a><a href=\"https:\/\/kuken.alfadyser.dev\/wp-content\/uploads\/37071_instrucciones_compressed.pdf\" target=\"_blank\" rel=\"noopener noreferrer\"><br \/>\n<img loading=\"lazy\" decoding=\"async\" src=\"\/wp-content\/uploads\/2019\/12\/picto-descarrega.png\" alt=\"Gebrauchsanweisung herunterladen\" width=\"23\" height=\"16\" \/>Handbuch herunterladen<\/a><\/div>\n<div><\/div>\n<div><span style=\"color: #bf2121\">Folgen Sie uns auf den sozialen Medien!<\/span><\/div>\n<div><a href=\"https:\/\/www.instagram.com\/kuken_appliances\/\">https:\/\/www.instagram.com\/kuken_appliances\/<\/a><\/div>","protected":false},"excerpt":{"rendered":"<p data-start=\"551\" data-end=\"706\">Secado potente y protecci\u00f3n total. Este secador i\u00f3nico cuida tu cabello, elimina el frizz y ofrece versatilidad con difusor, aire fr\u00edo y dise\u00f1o ergon\u00f3mico.<\/p>\n<blockquote data-start=\"708\" data-end=\"819\">\n<p data-start=\"710\" data-end=\"819\">\n<\/blockquote>","protected":false},"featured_media":10364,"template":"","meta":[],"product_brand":[],"product_cat":[213],"product_tag":[],"class_list":{"0":"post-10362","1":"product","2":"type-product","3":"status-publish","4":"has-post-thumbnail","6":"product_cat-secadores","8":"first","9":"instock","10":"product-type-simple"},"yoast_head":"<!-- This site is optimized with the Yoast SEO Premium plugin v24.0 (Yoast SEO v26.5) - https:\/\/yoast.com\/wordpress\/plugins\/seo\/ -->\n<title>SECADOR PROFESIONAL I\u00d3NICO 2100W LILA - K\u00fcken<\/title>\n<meta name=\"description\" content=\"Secador profesional i\u00f3nico 2100W lila con aire fr\u00edo, difusor, concentrador y motor silencioso. Protege, da brillo y reduce el encrespamiento.\" \/>\n<meta name=\"robots\" content=\"noindex, follow, max-snippet:-1, max-image-preview:large, max-video-preview:-1\" \/>\n<meta property=\"og:locale\" content=\"de_DE\" \/>\n<meta property=\"og:type\" content=\"article\" \/>\n<meta property=\"og:title\" content=\"SECADOR PROFESIONAL I\u00d3NICO 2100W LILA\" \/>\n<meta property=\"og:description\" content=\"Secador profesional i\u00f3nico 2100W lila con aire fr\u00edo, difusor, concentrador y motor silencioso. Protege, da brillo y reduce el encrespamiento.\" \/>\n<meta property=\"og:url\" content=\"https:\/\/kuken.alfadyser.dev\/de\/produkt\/professional-ionic-hair-dryer-2200w-red-red-kuken-8\/\" \/>\n<meta property=\"og:site_name\" content=\"K\u00fcken\" \/>\n<meta property=\"article:publisher\" content=\"https:\/\/es-es.facebook.com\/alfadyser\/\" \/>\n<meta property=\"article:modified_time\" content=\"2025-07-22T08:42:49+00:00\" \/>\n<meta property=\"og:image\" content=\"https:\/\/kuken.alfadyser.dev\/wp-content\/uploads\/8425160370718_01.jpg\" \/>\n\t<meta property=\"og:image:width\" content=\"2000\" \/>\n\t<meta property=\"og:image:height\" content=\"2000\" \/>\n\t<meta property=\"og:image:type\" content=\"image\/jpeg\" \/>\n<meta name=\"twitter:card\" content=\"summary_large_image\" \/>\n<meta name=\"twitter:label1\" content=\"Preis\" \/>\n\t<meta name=\"twitter:data1\" content=\"\" \/>\n\t<meta name=\"twitter:label2\" content=\"Verf\u00fcgbarkeit\" \/>\n\t<meta name=\"twitter:data2\" content=\"Auf Lager\" \/>\n<script type=\"application\/ld+json\" class=\"yoast-schema-graph\">{\"@context\":\"https:\/\/schema.org\",\"@graph\":[{\"@type\":\"WebPage\",\"@id\":\"https:\/\/kuken.alfadyser.dev\/producto\/secador-profesional-ionico-2100w-lila\/\",\"url\":\"https:\/\/kuken.alfadyser.dev\/producto\/secador-profesional-ionico-2100w-lila\/\",\"name\":\"SECADOR PROFESIONAL I\u00d3NICO 2100W LILA - K\u00fcken\",\"isPartOf\":{\"@id\":\"https:\/\/kuken.alfadyser.dev\/#website\"},\"primaryImageOfPage\":{\"@id\":\"https:\/\/kuken.alfadyser.dev\/producto\/secador-profesional-ionico-2100w-lila\/#primaryimage\"},\"image\":{\"@id\":\"https:\/\/kuken.alfadyser.dev\/producto\/secador-profesional-ionico-2100w-lila\/#primaryimage\"},\"thumbnailUrl\":\"https:\/\/kuken.alfadyser.dev\/wp-content\/uploads\/8425160370718_01.jpg\",\"datePublished\":\"2023-06-15T12:19:51+00:00\",\"dateModified\":\"2025-07-22T08:42:49+00:00\",\"description\":\"Secador profesional i\u00f3nico 2100W lila con aire fr\u00edo, difusor, concentrador y motor silencioso. Protege, da brillo y reduce el encrespamiento.\",\"breadcrumb\":{\"@id\":\"https:\/\/kuken.alfadyser.dev\/producto\/secador-profesional-ionico-2100w-lila\/#breadcrumb\"},\"inLanguage\":\"de\",\"potentialAction\":[{\"@type\":\"ReadAction\",\"target\":[\"https:\/\/kuken.alfadyser.dev\/producto\/secador-profesional-ionico-2100w-lila\/\"]}]},{\"@type\":\"ImageObject\",\"inLanguage\":\"de\",\"@id\":\"https:\/\/kuken.alfadyser.dev\/producto\/secador-profesional-ionico-2100w-lila\/#primaryimage\",\"url\":\"https:\/\/kuken.alfadyser.dev\/wp-content\/uploads\/8425160370718_01.jpg\",\"contentUrl\":\"https:\/\/kuken.alfadyser.dev\/wp-content\/uploads\/8425160370718_01.jpg\",\"width\":2000,\"height\":2000},{\"@type\":\"BreadcrumbList\",\"@id\":\"https:\/\/kuken.alfadyser.dev\/producto\/secador-profesional-ionico-2100w-lila\/#breadcrumb\",\"itemListElement\":[{\"@type\":\"ListItem\",\"position\":1,\"name\":\"Portada\",\"item\":\"https:\/\/kuken.alfadyser.dev\/\"},{\"@type\":\"ListItem\",\"position\":2,\"name\":\"Productos\",\"item\":\"https:\/\/kuken.alfadyser.dev\/productos\/\"},{\"@type\":\"ListItem\",\"position\":3,\"name\":\"SECADOR PROFESIONAL I\u00d3NICO 2100W LILA\"}]},{\"@type\":\"WebSite\",\"@id\":\"https:\/\/kuken.alfadyser.dev\/#website\",\"url\":\"https:\/\/kuken.alfadyser.dev\/\",\"name\":\"K\u00fcken\",\"description\":\"Amplia gama de peque\u00f1o electrodom\u00e9stico k\u00fcken\",\"publisher\":{\"@id\":\"https:\/\/kuken.alfadyser.dev\/#organization\"},\"potentialAction\":[{\"@type\":\"SearchAction\",\"target\":{\"@type\":\"EntryPoint\",\"urlTemplate\":\"https:\/\/kuken.alfadyser.dev\/?s={search_term_string}\"},\"query-input\":{\"@type\":\"PropertyValueSpecification\",\"valueRequired\":true,\"valueName\":\"search_term_string\"}}],\"inLanguage\":\"de\"},{\"@type\":\"Organization\",\"@id\":\"https:\/\/kuken.alfadyser.dev\/#organization\",\"name\":\"Alfa Dyser\",\"url\":\"https:\/\/kuken.alfadyser.dev\/\",\"logo\":{\"@type\":\"ImageObject\",\"inLanguage\":\"de\",\"@id\":\"https:\/\/kuken.alfadyser.dev\/#\/schema\/logo\/image\/\",\"url\":\"https:\/\/kuken.alfadyser.dev\/wp-content\/uploads\/2019\/04\/kuken-logo.png\",\"contentUrl\":\"https:\/\/kuken.alfadyser.dev\/wp-content\/uploads\/2019\/04\/kuken-logo.png\",\"width\":500,\"height\":191,\"caption\":\"Alfa Dyser\"},\"image\":{\"@id\":\"https:\/\/kuken.alfadyser.dev\/#\/schema\/logo\/image\/\"},\"sameAs\":[\"https:\/\/es-es.facebook.com\/alfadyser\/\",\"https:\/\/www.instagram.com\/kuken_appliances\/\"]}]}<\/script>\n<meta property=\"product:price:currency\" content=\"EUR\" \/>\n<meta property=\"og:availability\" content=\"instock\" \/>\n<meta property=\"product:availability\" content=\"instock\" \/>\n<meta property=\"product:retailer_item_id\" content=\"37071\" \/>\n<meta property=\"product:condition\" content=\"new\" \/>\n<!-- \/ Yoast SEO Premium plugin. -->","yoast_head_json":{"title":"PROFESSIONELLER IONEN-HAARTROCKNER 2100W FLIEDERFARBEN - K\u00fcken","description":"Secador profesional i\u00f3nico 2100W lila con aire fr\u00edo, difusor, concentrador y motor silencioso. Protege, da brillo y reduce el encrespamiento.","robots":{"index":"noindex","follow":"follow","max-snippet":"max-snippet:-1","max-image-preview":"max-image-preview:large","max-video-preview":"max-video-preview:-1"},"og_locale":"de_DE","og_type":"article","og_title":"SECADOR PROFESIONAL I\u00d3NICO 2100W LILA","og_description":"Secador profesional i\u00f3nico 2100W lila con aire fr\u00edo, difusor, concentrador y motor silencioso. Protege, da brillo y reduce el encrespamiento.","og_url":"https:\/\/kuken.alfadyser.dev\/de\/produkt\/professional-ionic-hair-dryer-2200w-red-red-kuken-8\/","og_site_name":"K\u00fcken","article_publisher":"https:\/\/es-es.facebook.com\/alfadyser\/","article_modified_time":"2025-07-22T08:42:49+00:00","og_image":[{"width":2000,"height":2000,"url":"https:\/\/kuken.alfadyser.dev\/wp-content\/uploads\/8425160370718_01.jpg","type":"image\/jpeg"}],"twitter_card":"summary_large_image","twitter_misc":{"Preis":"","Verf\u00fcgbarkeit":"Auf Lager"},"schema":{"@context":"https:\/\/schema.org","@graph":[{"@type":"WebPage","@id":"https:\/\/kuken.alfadyser.dev\/producto\/secador-profesional-ionico-2100w-lila\/","url":"https:\/\/kuken.alfadyser.dev\/producto\/secador-profesional-ionico-2100w-lila\/","name":"PROFESSIONELLER IONEN-HAARTROCKNER 2100W FLIEDERFARBEN - K\u00fcken","isPartOf":{"@id":"https:\/\/kuken.alfadyser.dev\/#website"},"primaryImageOfPage":{"@id":"https:\/\/kuken.alfadyser.dev\/producto\/secador-profesional-ionico-2100w-lila\/#primaryimage"},"image":{"@id":"https:\/\/kuken.alfadyser.dev\/producto\/secador-profesional-ionico-2100w-lila\/#primaryimage"},"thumbnailUrl":"https:\/\/kuken.alfadyser.dev\/wp-content\/uploads\/8425160370718_01.jpg","datePublished":"2023-06-15T12:19:51+00:00","dateModified":"2025-07-22T08:42:49+00:00","description":"Secador profesional i\u00f3nico 2100W lila con aire fr\u00edo, difusor, concentrador y motor silencioso. Protege, da brillo y reduce el encrespamiento.","breadcrumb":{"@id":"https:\/\/kuken.alfadyser.dev\/producto\/secador-profesional-ionico-2100w-lila\/#breadcrumb"},"inLanguage":"de","potentialAction":[{"@type":"ReadAction","target":["https:\/\/kuken.alfadyser.dev\/producto\/secador-profesional-ionico-2100w-lila\/"]}]},{"@type":"ImageObject","inLanguage":"de","@id":"https:\/\/kuken.alfadyser.dev\/producto\/secador-profesional-ionico-2100w-lila\/#primaryimage","url":"https:\/\/kuken.alfadyser.dev\/wp-content\/uploads\/8425160370718_01.jpg","contentUrl":"https:\/\/kuken.alfadyser.dev\/wp-content\/uploads\/8425160370718_01.jpg","width":2000,"height":2000},{"@type":"BreadcrumbList","@id":"https:\/\/kuken.alfadyser.dev\/producto\/secador-profesional-ionico-2100w-lila\/#breadcrumb","itemListElement":[{"@type":"ListItem","position":1,"name":"Portada","item":"https:\/\/kuken.alfadyser.dev\/"},{"@type":"ListItem","position":2,"name":"Productos","item":"https:\/\/kuken.alfadyser.dev\/productos\/"},{"@type":"ListItem","position":3,"name":"SECADOR PROFESIONAL I\u00d3NICO 2100W LILA"}]},{"@type":"WebSite","@id":"https:\/\/kuken.alfadyser.dev\/#website","url":"https:\/\/kuken.alfadyser.dev\/","name":"K\u00fcken","description":"Gro\u00dfe Auswahl an k\u00fcken Haushaltskleinger\u00e4ten","publisher":{"@id":"https:\/\/kuken.alfadyser.dev\/#organization"},"potentialAction":[{"@type":"SearchAction","target":{"@type":"EntryPoint","urlTemplate":"https:\/\/kuken.alfadyser.dev\/?s={search_term_string}"},"query-input":{"@type":"PropertyValueSpecification","valueRequired":true,"valueName":"search_term_string"}}],"inLanguage":"de"},{"@type":"Organization","@id":"https:\/\/kuken.alfadyser.dev\/#organization","name":"Alpha Dyser","url":"https:\/\/kuken.alfadyser.dev\/","logo":{"@type":"ImageObject","inLanguage":"de","@id":"https:\/\/kuken.alfadyser.dev\/#\/schema\/logo\/image\/","url":"https:\/\/kuken.alfadyser.dev\/wp-content\/uploads\/2019\/04\/kuken-logo.png","contentUrl":"https:\/\/kuken.alfadyser.dev\/wp-content\/uploads\/2019\/04\/kuken-logo.png","width":500,"height":191,"caption":"Alfa Dyser"},"image":{"@id":"https:\/\/kuken.alfadyser.dev\/#\/schema\/logo\/image\/"},"sameAs":["https:\/\/es-es.facebook.com\/alfadyser\/","https:\/\/www.instagram.com\/kuken_appliances\/"]}]},"product_price_currency":"EUR","og_availability":"instock","product_availability":"instock","product_retailer_item_id":"37071","product_condition":"new"},"_links":{"self":[{"href":"https:\/\/kuken.alfadyser.dev\/de\/wp-json\/wp\/v2\/product\/10362","targetHints":{"allow":["GET"]}}],"collection":[{"href":"https:\/\/kuken.alfadyser.dev\/de\/wp-json\/wp\/v2\/product"}],"about":[{"href":"https:\/\/kuken.alfadyser.dev\/de\/wp-json\/wp\/v2\/types\/product"}],"wp:featuredmedia":[{"embeddable":true,"href":"https:\/\/kuken.alfadyser.dev\/de\/wp-json\/wp\/v2\/media\/10364"}],"wp:attachment":[{"href":"https:\/\/kuken.alfadyser.dev\/de\/wp-json\/wp\/v2\/media?parent=10362"}],"wp:term":[{"taxonomy":"product_brand","embeddable":true,"href":"https:\/\/kuken.alfadyser.dev\/de\/wp-json\/wp\/v2\/product_brand?post=10362"},{"taxonomy":"product_cat","embeddable":true,"href":"https:\/\/kuken.alfadyser.dev\/de\/wp-json\/wp\/v2\/product_cat?post=10362"},{"taxonomy":"product_tag","embeddable":true,"href":"https:\/\/kuken.alfadyser.dev\/de\/wp-json\/wp\/v2\/product_tag?post=10362"}],"curies":[{"name":"wp","href":"https:\/\/api.w.org\/{rel}","templated":true}]}}