{"id":315,"date":"2019-06-26T11:04:57","date_gmt":"2019-06-26T09:04:57","guid":{"rendered":"https:\/\/kuken.alfadyser.dev\/?page_id=315"},"modified":"2020-11-02T13:17:29","modified_gmt":"2020-11-02T12:17:29","slug":"cookie-richtlinie","status":"publish","type":"page","link":"https:\/\/kuken.alfadyser.dev\/de\/cookie-richtlinie\/","title":{"rendered":"Cookies-Politik"},"content":{"rendered":"<h3>Cookies-Politik<\/h3>\n<p style=\"text-align: justify;\">Im Internet\u00a0<strong>www.kuken.es<\/strong>\u00a0(im Folgenden www.kuken.es) verwendet Cookies, um die Beziehung der Besucher zu unseren Inhalten zu erleichtern und um uns zu erm\u00f6glichen, Statistiken \u00fcber die Besucher, die wir erhalten, zu erstellen.<\/p>\n<p style=\"text-align: justify;\">Bitte beachten Sie, dass wir Cookies verwenden k\u00f6nnen, um Ihnen die Navigation auf der Website zu erleichtern, um Sie von anderen Nutzern zu unterscheiden, um Ihnen ein besseres Nutzererlebnis zu bieten und um Probleme zu erkennen, damit wir unsere Website verbessern k\u00f6nnen. Mit Ihrem Einverst\u00e4ndnis k\u00f6nnen wir auch Cookies verwenden, um mehr \u00fcber Ihre Pr\u00e4ferenzen zu erfahren und unsere Website an Ihre individuellen Interessen anzupassen.<\/p>\n<p style=\"text-align: justify;\"><strong>WAS IST EIN KEKS?<\/strong><\/p>\n<p style=\"text-align: justify;\">Cookies sind kleine Dateien, die im Browser eines jeden Besuchers unserer Website gespeichert werden, so dass der Server sich an den Besuch des Nutzers erinnern kann, wenn dieser sp\u00e4ter erneut auf unsere Inhalte zugreift. Diese Informationen geben weder Ihre Identit\u00e4t oder pers\u00f6nliche Daten preis, noch greifen sie auf die auf Ihrem Computer gespeicherten Inhalte zu. Sie erm\u00f6glichen es unserem System jedoch, Sie als einen bestimmten Benutzer zu identifizieren, der die Website bereits besucht hat, bestimmte Seiten aufgerufen hat usw., und sie erlauben uns auch, Ihre pers\u00f6nlichen Pr\u00e4ferenzen und technische Informationen wie die durchgef\u00fchrten Besuche oder bestimmte von Ihnen besuchte Seiten zu speichern.<\/p>\n<p style=\"text-align: justify;\">In \u00dcbereinstimmung mit der Richtlinie 2009\/136\/EG, die in unserer Gesetzgebung durch den zweiten Absatz von Artikel 22 des Gesetzes \u00fcber die Dienste der Informationsgesellschaft umgesetzt wurde, und gem\u00e4\u00df den Richtlinien der spanischen Datenschutzbeh\u00f6rde informieren wir Sie im Folgenden ausf\u00fchrlich \u00fcber die Nutzung unserer Website.<\/p>\n<p style=\"text-align: justify;\">Zweck dieser Cookie-Richtlinie ist es, Sie klar und deutlich \u00fcber die Cookies zu informieren, die auf unserer Website verwendet werden (die \"Cookie-Richtlinie\"). Was die Cookies von Drittanbietern betrifft, d.h. solche, die nicht zu unserer Website geh\u00f6ren, k\u00f6nnen wir nicht f\u00fcr den Inhalt und die Richtigkeit der dortigen Datenschutzrichtlinien verantwortlich gemacht werden, so dass die Informationen, die wir Ihnen anbieten, immer unter Bezugnahme auf die Quelle erfolgen.<\/p>\n<p style=\"text-align: justify;\">Im Folgenden werden die Cookies nach einer Reihe von Kategorien klassifiziert. Es ist jedoch zu beachten, dass ein und dasselbe Cookie in mehr als einer Kategorie enthalten sein kann.<\/p>\n<p style=\"text-align: justify;\"><strong>ARTEN VON COOKIES JE NACH DER EINRICHTUNG, DIE SIE VERWALTET<\/strong><\/p>\n<p style=\"text-align: justify;\">&#8211;\u00a0<u>Eigene Cookies<\/u>Diese werden von einem Computer oder einer Dom\u00e4ne, die vom Herausgeber selbst verwaltet wird und von der aus der vom Benutzer angeforderte Dienst erbracht wird, an das Endger\u00e4t des Benutzers gesendet.<\/p>\n<p style=\"text-align: justify;\">&#8211;\u00a0<u>Cookies von Dritten<\/u>Diese werden von einem Ger\u00e4t oder einem Bereich, der nicht vom Herausgeber, sondern von einer anderen Stelle, die die Daten verarbeitet, verwaltet wird, an das Endger\u00e4t des Nutzers gesendet.<\/p>\n<p style=\"text-align: justify;\"><strong>\u00a0<\/strong><strong>ARTEN VON COOKIES NACH DER DAUER IHRER AKTIVIT\u00c4T<\/strong><\/p>\n<p style=\"text-align: justify;\">&#8211;\u00a0<u>Sitzungs-Cookies<\/u>Dabei handelt es sich um eine Art von Cookies, die dazu dienen, Daten zu sammeln und zu speichern, w\u00e4hrend der Benutzer eine Webseite aufruft.<\/p>\n<p style=\"text-align: justify;\">&#8211;\u00a0<u>Dauerhafte Cookies<\/u>Cookies: Hierbei handelt es sich um eine Art von Cookies, bei denen die Daten auf dem Endger\u00e4t gespeichert bleiben und f\u00fcr einen von der f\u00fcr das Cookie verantwortlichen Partei festgelegten Zeitraum, der von einigen Minuten bis zu mehreren Jahren reichen kann, abgerufen und verarbeitet werden k\u00f6nnen.<\/p>\n<p style=\"text-align: justify;\"><strong>ARTEN VON COOKIES JE NACH IHREM ZWECK<\/strong><\/p>\n<p style=\"text-align: justify;\">&#8211;\u00a0<u>Technische Cookies<\/u>Diejenigen, die es dem Nutzer erm\u00f6glichen, durch eine Website, eine Plattform oder eine Anwendung zu navigieren und die verschiedenen darin vorhandenen Optionen oder Dienste zu nutzen, wie z. B. die Steuerung des Datenverkehrs und der Datenkommunikation, die Identifizierung der Sitzung, den Zugang zu Teilen mit eingeschr\u00e4nktem Zugang, die Erinnerung an die Elemente, aus denen eine Bestellung besteht, die Durchf\u00fchrung des Kaufvorgangs einer Bestellung, die Beantragung der Registrierung oder der Teilnahme an einer Veranstaltung, die Verwendung von Sicherheitselementen w\u00e4hrend der Navigation, die Speicherung von Inhalten f\u00fcr die Verbreitung von Videos oder Ton oder die gemeinsame Nutzung von Inhalten \u00fcber soziale Netzwerke.<\/p>\n<p style=\"text-align: justify;\">&#8211;\u00a0<u>Personalisierungs-Cookies<\/u>Diese erm\u00f6glichen es dem Benutzer, auf den Dienst mit einigen allgemeinen Merkmalen zuzugreifen, die nach einer Reihe von Kriterien im Endger\u00e4t des Benutzers vordefiniert sind, wie z. B. die Sprache, die Art des Browsers, der f\u00fcr den Zugriff auf den Dienst verwendet wird, die regionale Konfiguration, von der aus auf den Dienst zugegriffen wird, usw.<\/p>\n<p style=\"text-align: justify;\">&#8211;\u00a0<u>Analyse-Cookies<\/u>Diese Cookies erm\u00f6glichen es dem Verantwortlichen, das Verhalten der Nutzer der Websites, mit denen sie verkn\u00fcpft sind, zu beobachten und zu analysieren. Die durch diese Art von Cookies gesammelten Informationen werden zur Messung der Aktivit\u00e4t der Websites, Anwendungen oder Plattformen und zur Erstellung von Browsing-Profilen der Nutzer dieser Websites, Anwendungen und Plattformen verwendet, um Verbesserungen auf der Grundlage der Analyse der Daten \u00fcber die Nutzung des Dienstes durch die Nutzer einzuf\u00fchren.<\/p>\n<p style=\"text-align: justify;\">Was die Verarbeitung von Daten betrifft, die durch Analyse-Cookies gesammelt werden, so sind diese zwar nicht von der Pflicht befreit, eine informierte Zustimmung zu ihrer Verwendung einzuholen, aber es ist unwahrscheinlich, dass sie ein Risiko f\u00fcr die Privatsph\u00e4re der Nutzer darstellen, sofern es sich um Erstanbieter-Cookies handelt, sie aggregierte Daten zu rein statistischen Zwecken verarbeiten, Informationen \u00fcber ihre Verwendung bereitgestellt werden und die Nutzer die M\u00f6glichkeit haben, sich gegen ihre Verwendung auszusprechen.<\/p>\n<p style=\"text-align: justify;\">&#8211;\u00a0<u>Werbung Cookies<\/u>Diese erm\u00f6glichen eine m\u00f6glichst effiziente Verwaltung der Werbefl\u00e4chen, die der Herausgeber gegebenenfalls auf einer Website, einer Anwendung oder einer Plattform eingerichtet hat, von der aus der angeforderte Dienst erbracht wird, und zwar auf der Grundlage von Kriterien wie dem bearbeiteten Inhalt oder der H\u00e4ufigkeit, mit der die Werbung angezeigt wird.<\/p>\n<p style=\"text-align: justify;\">&#8211;\u00a0<u>Cookies f\u00fcr verhaltensbasierte Werbung<\/u>Cookies: Es handelt sich um Cookies, die eine m\u00f6glichst effiziente Verwaltung der Werbefl\u00e4chen erm\u00f6glichen, die der Herausgeber gegebenenfalls auf einer Website, einer Anwendung oder einer Plattform, von der aus der angeforderte Dienst bereitgestellt wird, eingerichtet hat. In diesen Cookies werden Informationen \u00fcber das Verhalten der Nutzer gespeichert, die durch die kontinuierliche Beobachtung ihrer Surfgewohnheiten gewonnen werden und die es erm\u00f6glichen, ein spezifisches Profil zu erstellen, um darauf basierende Werbung anzuzeigen.<\/p>\n<p style=\"text-align: justify;\">Derzeit sind die meisten Browser standardm\u00e4\u00dfig so konfiguriert, dass sie die Installation von Werbe- oder Drittanbieter-Cookies auf Ihrem Computer blockieren. Der Nutzer kann die Herkunftsbeschr\u00e4nkungen erweitern, um die Eingabe jeglicher Art von Cookies zu verhindern, oder diese Beschr\u00e4nkungen aufheben, um die Eingabe jeglicher Art von Cookies zuzulassen. Wenn Sie daran interessiert sind, Werbe- oder Drittanbieter-Cookies zu akzeptieren, k\u00f6nnen Sie Ihren Browser entsprechend konfigurieren.<\/p>\n<p style=\"text-align: justify;\">Die Zustimmung des Benutzers, indem er auf die Schaltfl\u00e4che AKZEPTIEREN klickt, die in den anf\u00e4nglichen Informationen \u00fcber Cookies angezeigt wird, bedeutet, dass er der f\u00fcr ihre Verwendung verantwortlichen Partei ausdr\u00fccklich zustimmt, und er kann seine Rechte aus\u00fcben und seine Zustimmung jederzeit widerrufen, indem er eine Anfrage an ALFA DYSER, S.L. schickt.<\/p>\n<p style=\"text-align: justify;\">Im Folgenden informieren wir Sie ausf\u00fchrlich \u00fcber alle Cookies, die von unserer Website installiert werden k\u00f6nnen. Je nachdem, wie Sie browsen, wie Ihr Browser konfiguriert ist und ob Sie diese akzeptieren oder ablehnen, k\u00f6nnen alle oder nur einige von ihnen installiert werden.<\/p>\n<table width=\"720\">\n<thead>\n<tr>\n<td>Keks<\/td>\n<td>Beschreibung<\/td>\n<td>Dauer<\/td>\n<td>Typ<\/td>\n<\/tr>\n<\/thead>\n<tbody>\n<tr>\n<td>__utmb<\/td>\n<td>Cookie, das von Google Analytics verwendet wird, um die Dauer des Webbesuchs zu berechnen. Sie zeichnet einen Zeitstempel mit dem genauen Zeitpunkt auf, zu dem der Nutzer auf die Website zugreift.<\/td>\n<td>1 Tag<\/td>\n<td>HTTP<\/td>\n<\/tr>\n<tr>\n<td>_utm.gif<\/td>\n<td>Sie wird verwendet, um die Art des vom Besucher verwendeten Ger\u00e4ts oder der Browsersoftware zu bestimmen.<\/td>\n<td>Sitzung<\/td>\n<td>Pixel<\/td>\n<\/tr>\n<tr>\n<td>__utmt<\/td>\n<td>Von Google Analytics generiertes Cookie, das zur Beschleunigung der Serveranfragen verwendet wird.<\/td>\n<td>1 Tag<\/td>\n<td>HTTP<\/td>\n<\/tr>\n<tr>\n<td>Vorderseite<\/td>\n<td>Speichert eine zuf\u00e4llige Kennung, die sicherstellt, dass ein Benutzer eindeutig als Gast oder registrierter Benutzer identifiziert werden kann.<\/td>\n<td>1 Tag<\/td>\n<td>HTTP<\/td>\n<\/tr>\n<tr>\n<td>__utma<\/td>\n<td>Das von Google Analytics erzeugte Cookie sammelt Daten \u00fcber die Anzahl der Besuche des Nutzers auf der Website sowie das Datum des ersten und des letzten Besuchs.<\/td>\n<td>2 Jahre<\/td>\n<td>HTTP<\/td>\n<\/tr>\n<tr>\n<td>_hjIncludedInSample<\/td>\n<td>Hotjar-Cookie, Besucher-Tracking zur Erstellung von Heatmaps, Funnels, Aufzeichnungen usw.<\/td>\n<td>Sitzung<\/td>\n<td>HTTP<\/td>\n<\/tr>\n<tr>\n<td>__utmz<\/td>\n<td>Es werden Daten dar\u00fcber gesammelt, woher der Nutzer kommt, welche Suchmaschine verwendet wurde, welcher Link angeklickt wurde und welcher Suchbegriff verwendet wurde.<\/p>\n<p>Wird von Google Analytics verwendet.<\/td>\n<td>6 Monate<\/td>\n<td>HTTP<\/td>\n<\/tr>\n<tr>\n<td>_hjid<\/td>\n<td>Hotjar-Cookie, setzt eine Kennung f\u00fcr die Sitzung. Dies erm\u00f6glicht es der Website, Daten \u00fcber das Besucherverhalten zu statistischen Zwecken zu erhalten.<\/td>\n<td>1 Jahr<\/td>\n<td>HTTP<\/td>\n<\/tr>\n<tr>\n<td>__utmc<\/td>\n<td>Zeichnet einen Zeitstempel mit dem genauen Zeitpunkt auf, zu dem der Nutzer die Website verl\u00e4sst. Wird von Google Analytics verwendet, um die Dauer des Besuchs auf der Website zu berechnen.<\/td>\n<td>Sitzung<\/td>\n<td>HTTP<\/td>\n<\/tr>\n<\/tbody>\n<\/table>\n<p style=\"text-align: justify;\">Wir k\u00f6nnen die Cookie-Richtlinie unserer Website aktualisieren, daher empfehlen wir Ihnen, diese Richtlinie jedes Mal zu \u00fcberpr\u00fcfen, wenn Sie auf unsere Website zugreifen, um genau dar\u00fcber informiert zu sein, wie und zu welchem Zweck wir Cookies verwenden.<\/p>\n<p style=\"text-align: justify;\">Der Zweck von Cookies besteht darin, dem Nutzer einen schnelleren Zugang zu den ausgew\u00e4hlten Diensten zu erm\u00f6glichen.<\/p>\n<p style=\"text-align: justify;\">Wenn Sie nicht m\u00f6chten, dass Cookies in Ihrem Browser gespeichert werden, oder wenn Sie es vorziehen, jedes Mal informiert zu werden, wenn ein Cookie installiert werden soll, k\u00f6nnen Sie Ihre Browseroptionen so einstellen, dass dies geschieht. Bei den meisten Browsern k\u00f6nnen Cookies auf 3 verschiedene Arten verwaltet werden:<\/p>\n<p style=\"text-align: justify;\">- Cookies werden immer abgelehnt.<\/p>\n<p style=\"text-align: justify;\">- Der Browser fragt bei jedem Cookie, ob der Benutzer es installieren m\u00f6chte.<\/p>\n<p style=\"text-align: justify;\">- Cookies werden immer akzeptiert.<\/p>\n<p style=\"text-align: justify;\">Ihr Browser kann auch die M\u00f6glichkeit bieten, im Detail auszuw\u00e4hlen, welche Cookies auf Ihrem Computer installiert werden sollen. Im Einzelnen kann der Benutzer normalerweise eine der folgenden Optionen akzeptieren:<\/p>\n<p style=\"text-align: justify;\">- Cookies von bestimmten Domains ablehnen.<\/p>\n<p style=\"text-align: justify;\">- Cookies von Drittanbietern ablehnen.<\/p>\n<p style=\"text-align: justify;\">- Akzeptieren Sie Cookies als nicht persistent (sie werden gel\u00f6scht, wenn der Browser geschlossen wird).<\/p>\n<p style=\"text-align: justify;\">- Erlauben Sie dem Server, Cookies f\u00fcr eine andere Dom\u00e4ne zu erstellen.<\/p>\n<p style=\"text-align: justify;\">Sie k\u00f6nnen die auf Ihrem Computer installierten Cookies zulassen, kennenlernen, blockieren oder l\u00f6schen, indem Sie die auf Ihrem Computer installierten Browseroptionen konfigurieren.<\/p>\n<p style=\"text-align: justify;\"><strong>KONFIGURATION, ABFRAGE UND DEAKTIVIERUNG VON COOKIES<\/strong><\/p>\n<p style=\"text-align: justify;\">Informationen zur Konfiguration der gebr\u00e4uchlichsten Browser finden Sie an den folgenden Stellen:<\/p>\n<ul style=\"text-align: justify;\">\n<li><u>Internet Explorer<\/u>Extras -&gt; Internetoptionen -&gt; Datenschutz -&gt; Einstellungen. Weitere Informationen erhalten Sie beim Microsoft-Support oder in der Hilfe des Browsers.<\/li>\n<li><u>Firefox<\/u>: Extras -&gt; Optionen -&gt; Datenschutz -&gt; Verlauf -&gt; Benutzerdefinierte Einstellungen. Weitere Informationen erhalten Sie beim Mozilla-Support oder in der Hilfe des Browsers.<\/li>\n<li><u>Chrom<\/u>: Einstellungen -&gt; Erweiterte Optionen anzeigen -&gt; Datenschutz -&gt; Inhaltseinstellungen. Weitere Informationen erhalten Sie beim Google-Support oder in der Hilfe des Browsers.<\/li>\n<li><u>Safari<\/u>Pr\u00e4ferenzen -&gt; Sicherheit. Weitere Informationen erhalten Sie beim Apple-Support oder in der Hilfe des Browsers.<\/li>\n<\/ul>\n<p style=\"text-align: justify;\"><strong>COOKIES AKTUALISIEREN<\/strong><\/p>\n<p style=\"text-align: justify;\">Die Kekse von\u00a0<a href=\"http:\/\/www.matel.com\/\">www.kuken.es<\/a> k\u00f6nnen aktualisiert werden, und wir empfehlen Ihnen, unsere Politik regelm\u00e4\u00dfig zu \u00fcberpr\u00fcfen.<\/p>\n<p>&nbsp;<\/p>\n<p>&nbsp;<\/p>","protected":false},"excerpt":{"rendered":"<p>Pol\u00edtica de cookies En la web\u00a0www.kuken.es\u00a0(en adelante, www.kuken.es) utilizamos cookies para facilitar la relaci\u00f3n de los visitantes con nuestro contenido y para permitir elaborar estad\u00edsticas sobre<span class=\"excerpt-hellip\"> [...]<\/span><\/p>","protected":false},"author":4,"featured_media":0,"parent":0,"menu_order":0,"comment_status":"closed","ping_status":"closed","template":"","meta":{"footnotes":""},"class_list":["post-315","page","type-page","status-publish","hentry"],"yoast_head":"<!-- This site is optimized with the Yoast SEO Premium plugin v24.0 (Yoast SEO v26.5) - https:\/\/yoast.com\/wordpress\/plugins\/seo\/ -->\n<title>Pol\u00edtica de cookies - K\u00fcken<\/title>\n<meta name=\"robots\" content=\"noindex, follow, max-snippet:-1, max-image-preview:large, max-video-preview:-1\" \/>\n<meta property=\"og:locale\" content=\"de_DE\" \/>\n<meta property=\"og:type\" content=\"article\" \/>\n<meta property=\"og:title\" content=\"Pol\u00edtica de cookies\" \/>\n<meta property=\"og:description\" content=\"Pol\u00edtica de cookies En la web\u00a0www.kuken.es\u00a0(en adelante, www.kuken.es) utilizamos cookies para facilitar la relaci\u00f3n de los visitantes con nuestro contenido y para permitir elaborar estad\u00edsticas sobre [\u2026]\" \/>\n<meta property=\"og:url\" content=\"https:\/\/kuken.alfadyser.dev\/de\/cookie-richtlinie\/\" \/>\n<meta property=\"og:site_name\" content=\"K\u00fcken\" \/>\n<meta property=\"article:publisher\" content=\"https:\/\/es-es.facebook.com\/alfadyser\/\" \/>\n<meta property=\"article:modified_time\" content=\"2020-11-02T12:17:29+00:00\" \/>\n<meta name=\"twitter:card\" content=\"summary_large_image\" \/>\n<meta name=\"twitter:label1\" content=\"Gesch\u00e4tzte Lesezeit\" \/>\n\t<meta name=\"twitter:data1\" content=\"10\u00a0Minuten\" \/>\n<script type=\"application\/ld+json\" class=\"yoast-schema-graph\">{\"@context\":\"https:\/\/schema.org\",\"@graph\":[{\"@type\":\"WebPage\",\"@id\":\"https:\/\/kuken.alfadyser.dev\/politica-de-cookies\/\",\"url\":\"https:\/\/kuken.alfadyser.dev\/politica-de-cookies\/\",\"name\":\"Pol\u00edtica de cookies - K\u00fcken\",\"isPartOf\":{\"@id\":\"https:\/\/kuken.alfadyser.dev\/#website\"},\"datePublished\":\"2019-06-26T09:04:57+00:00\",\"dateModified\":\"2020-11-02T12:17:29+00:00\",\"breadcrumb\":{\"@id\":\"https:\/\/kuken.alfadyser.dev\/politica-de-cookies\/#breadcrumb\"},\"inLanguage\":\"de\",\"potentialAction\":[{\"@type\":\"ReadAction\",\"target\":[\"https:\/\/kuken.alfadyser.dev\/politica-de-cookies\/\"]}]},{\"@type\":\"BreadcrumbList\",\"@id\":\"https:\/\/kuken.alfadyser.dev\/politica-de-cookies\/#breadcrumb\",\"itemListElement\":[{\"@type\":\"ListItem\",\"position\":1,\"name\":\"Portada\",\"item\":\"https:\/\/kuken.alfadyser.dev\/\"},{\"@type\":\"ListItem\",\"position\":2,\"name\":\"Pol\u00edtica de cookies\"}]},{\"@type\":\"WebSite\",\"@id\":\"https:\/\/kuken.alfadyser.dev\/#website\",\"url\":\"https:\/\/kuken.alfadyser.dev\/\",\"name\":\"K\u00fcken\",\"description\":\"Amplia gama de peque\u00f1o electrodom\u00e9stico k\u00fcken\",\"publisher\":{\"@id\":\"https:\/\/kuken.alfadyser.dev\/#organization\"},\"potentialAction\":[{\"@type\":\"SearchAction\",\"target\":{\"@type\":\"EntryPoint\",\"urlTemplate\":\"https:\/\/kuken.alfadyser.dev\/?s={search_term_string}\"},\"query-input\":{\"@type\":\"PropertyValueSpecification\",\"valueRequired\":true,\"valueName\":\"search_term_string\"}}],\"inLanguage\":\"de\"},{\"@type\":\"Organization\",\"@id\":\"https:\/\/kuken.alfadyser.dev\/#organization\",\"name\":\"Alfa Dyser\",\"url\":\"https:\/\/kuken.alfadyser.dev\/\",\"logo\":{\"@type\":\"ImageObject\",\"inLanguage\":\"de\",\"@id\":\"https:\/\/kuken.alfadyser.dev\/#\/schema\/logo\/image\/\",\"url\":\"https:\/\/kuken.alfadyser.dev\/wp-content\/uploads\/2019\/04\/kuken-logo.png\",\"contentUrl\":\"https:\/\/kuken.alfadyser.dev\/wp-content\/uploads\/2019\/04\/kuken-logo.png\",\"width\":500,\"height\":191,\"caption\":\"Alfa Dyser\"},\"image\":{\"@id\":\"https:\/\/kuken.alfadyser.dev\/#\/schema\/logo\/image\/\"},\"sameAs\":[\"https:\/\/es-es.facebook.com\/alfadyser\/\",\"https:\/\/www.instagram.com\/kuken_appliances\/\"]}]}<\/script>\n<!-- \/ Yoast SEO Premium plugin. -->","yoast_head_json":{"title":"Cookie-Richtlinie - K\u00fcken","robots":{"index":"noindex","follow":"follow","max-snippet":"max-snippet:-1","max-image-preview":"max-image-preview:large","max-video-preview":"max-video-preview:-1"},"og_locale":"de_DE","og_type":"article","og_title":"Pol\u00edtica de cookies","og_description":"Pol\u00edtica de cookies En la web\u00a0www.kuken.es\u00a0(en adelante, www.kuken.es) utilizamos cookies para facilitar la relaci\u00f3n de los visitantes con nuestro contenido y para permitir elaborar estad\u00edsticas sobre [\u2026]","og_url":"https:\/\/kuken.alfadyser.dev\/de\/cookie-richtlinie\/","og_site_name":"K\u00fcken","article_publisher":"https:\/\/es-es.facebook.com\/alfadyser\/","article_modified_time":"2020-11-02T12:17:29+00:00","twitter_card":"summary_large_image","twitter_misc":{"Gesch\u00e4tzte Lesezeit":"10\u00a0Minuten"},"schema":{"@context":"https:\/\/schema.org","@graph":[{"@type":"WebPage","@id":"https:\/\/kuken.alfadyser.dev\/politica-de-cookies\/","url":"https:\/\/kuken.alfadyser.dev\/politica-de-cookies\/","name":"Cookie-Richtlinie - K\u00fcken","isPartOf":{"@id":"https:\/\/kuken.alfadyser.dev\/#website"},"datePublished":"2019-06-26T09:04:57+00:00","dateModified":"2020-11-02T12:17:29+00:00","breadcrumb":{"@id":"https:\/\/kuken.alfadyser.dev\/politica-de-cookies\/#breadcrumb"},"inLanguage":"de","potentialAction":[{"@type":"ReadAction","target":["https:\/\/kuken.alfadyser.dev\/politica-de-cookies\/"]}]},{"@type":"BreadcrumbList","@id":"https:\/\/kuken.alfadyser.dev\/politica-de-cookies\/#breadcrumb","itemListElement":[{"@type":"ListItem","position":1,"name":"Portada","item":"https:\/\/kuken.alfadyser.dev\/"},{"@type":"ListItem","position":2,"name":"Pol\u00edtica de cookies"}]},{"@type":"WebSite","@id":"https:\/\/kuken.alfadyser.dev\/#website","url":"https:\/\/kuken.alfadyser.dev\/","name":"K\u00fcken","description":"Gro\u00dfe Auswahl an k\u00fcken Haushaltskleinger\u00e4ten","publisher":{"@id":"https:\/\/kuken.alfadyser.dev\/#organization"},"potentialAction":[{"@type":"SearchAction","target":{"@type":"EntryPoint","urlTemplate":"https:\/\/kuken.alfadyser.dev\/?s={search_term_string}"},"query-input":{"@type":"PropertyValueSpecification","valueRequired":true,"valueName":"search_term_string"}}],"inLanguage":"de"},{"@type":"Organization","@id":"https:\/\/kuken.alfadyser.dev\/#organization","name":"Alpha Dyser","url":"https:\/\/kuken.alfadyser.dev\/","logo":{"@type":"ImageObject","inLanguage":"de","@id":"https:\/\/kuken.alfadyser.dev\/#\/schema\/logo\/image\/","url":"https:\/\/kuken.alfadyser.dev\/wp-content\/uploads\/2019\/04\/kuken-logo.png","contentUrl":"https:\/\/kuken.alfadyser.dev\/wp-content\/uploads\/2019\/04\/kuken-logo.png","width":500,"height":191,"caption":"Alfa Dyser"},"image":{"@id":"https:\/\/kuken.alfadyser.dev\/#\/schema\/logo\/image\/"},"sameAs":["https:\/\/es-es.facebook.com\/alfadyser\/","https:\/\/www.instagram.com\/kuken_appliances\/"]}]}},"_links":{"self":[{"href":"https:\/\/kuken.alfadyser.dev\/de\/wp-json\/wp\/v2\/pages\/315","targetHints":{"allow":["GET"]}}],"collection":[{"href":"https:\/\/kuken.alfadyser.dev\/de\/wp-json\/wp\/v2\/pages"}],"about":[{"href":"https:\/\/kuken.alfadyser.dev\/de\/wp-json\/wp\/v2\/types\/page"}],"author":[{"embeddable":true,"href":"https:\/\/kuken.alfadyser.dev\/de\/wp-json\/wp\/v2\/users\/4"}],"replies":[{"embeddable":true,"href":"https:\/\/kuken.alfadyser.dev\/de\/wp-json\/wp\/v2\/comments?post=315"}],"version-history":[{"count":0,"href":"https:\/\/kuken.alfadyser.dev\/de\/wp-json\/wp\/v2\/pages\/315\/revisions"}],"wp:attachment":[{"href":"https:\/\/kuken.alfadyser.dev\/de\/wp-json\/wp\/v2\/media?parent=315"}],"curies":[{"name":"wp","href":"https:\/\/api.w.org\/{rel}","templated":true}]}}