{"id":313,"date":"2019-06-26T11:03:07","date_gmt":"2019-06-26T09:03:07","guid":{"rendered":"https:\/\/kuken.alfadyser.dev\/?page_id=313"},"modified":"2019-06-26T11:03:07","modified_gmt":"2019-06-26T09:03:07","slug":"umweltpolitik","status":"publish","type":"page","link":"https:\/\/kuken.alfadyser.dev\/de\/umweltpolitik\/","title":{"rendered":"Umweltpolitik"},"content":{"rendered":"<h3>Umweltpolitik<\/h3>\n<p>&nbsp;<\/p>\n<p class=\"disclaimer\"><strong>Alfa Dyser S.L.<\/strong>\u00a0betrachtet den Umweltschutz als eine\u00a0<strong>Kernwert der Unternehmenskultur<\/strong>. Sie \u00fcbt ihre T\u00e4tigkeit daher auf umweltfreundliche Weise und im Einklang mit den Grunds\u00e4tzen der nachhaltigen Entwicklung aus und setzt sich nachdr\u00fccklich f\u00fcr die Erhaltung und korrekte Nutzung der von ihr eingesetzten Ressourcen ein. Bei der Erf\u00fcllung ihrer Umweltverpflichtungen wendet die Alfa Dyser S.L. die folgenden Handlungsgrunds\u00e4tze an, die die Grundlage ihrer Umweltpolitik bilden:<\/p>\n<ul>\n<li class=\"disclaimer\">Als Verpflichtung zum Umweltschutz,\u00a0<strong>alle Umweltauswirkungen zu ermitteln und zu bewerten<\/strong>\u00a0Emissionen, die sich aus unseren Aktivit\u00e4ten und Dienstleistungen ergeben, mit dem Ziel, Ma\u00dfnahmen zu ihrer Verringerung, zur Vermeidung von Umweltverschmutzung, zur Minimierung des Ressourcenverbrauchs und zur F\u00f6rderung von Energieeffizienz und Energieeinsparungen in unseren Einrichtungen durchzuf\u00fchren.<\/li>\n<li class=\"disclaimer\">Sicherstellung der\u00a0<strong>Einhaltung der geltenden Umweltgesetze, -vorschriften und -normen<\/strong>und andere Anforderungen, zu denen sich die Organisation verpflichtet hat, zu erf\u00fcllen und, wenn m\u00f6glich, \u00fcber diese Anforderungen hinauszugehen, sofern damit ein \u00f6kologischer Nutzen f\u00fcr das Unternehmen oder die Gesellschaft insgesamt verbunden ist.<\/li>\n<li class=\"disclaimer\"><strong>Einbeziehung von Umweltaspekten in unsere Kaufentscheidungen und die Entwicklung neuer Produkte.<\/strong>Wir nutzen diese Informationen auch bei der Auswahl unserer Zulieferer und Subunternehmer, wann immer dies technisch m\u00f6glich ist, und bei der Auswahl unserer Zulieferer und Subunternehmer, wenn deren T\u00e4tigkeiten Auswirkungen auf die Umweltleistung des Unternehmens und den Planeten haben k\u00f6nnen.<\/li>\n<li class=\"disclaimer\">Die\u00a0<strong>digitale Einf\u00fcgung von Katalogen<\/strong>Ziel ist es, einen Beitrag zur Erhaltung und zum Schutz der Umwelt zu leisten, indem der Papierverbrauch gesenkt und damit das Abholzen von B\u00e4umen vermieden sowie der Energieverbrauch und die CO2-Emissionen reduziert werden. Aus diesem Grund bietet und empfiehlt Alfa Dyser, S.L. allen seinen Kunden die M\u00f6glichkeit, seine Kataloge in elektronischer Form zu erhalten.<\/li>\n<li class=\"disclaimer\">\u00dcben einer\u00a0<strong>integrierte Bewirtschaftung der im Unternehmen anfallenden Abf\u00e4lle<\/strong>Die umweltgerechte Verwendung von Abf\u00e4llen, einschlie\u00dflich der korrekten Trennung und des Recyclings von Abf\u00e4llen, wo dies angebracht ist, sowie die angemessene Zwischen- und Endlagerung von Abf\u00e4llen.<\/li>\n<li class=\"disclaimer\">Entwickeln Sie eine\u00a0<strong>\u00dcberpr\u00fcfung und kontinuierliche Verbesserung des bestehenden Umweltmanagementsystems<\/strong>\u00a0um sie aktiv und wirksam zu halten.<\/li>\n<\/ul>\n<p class=\"disclaimer\"><strong>Alfa Dyser, S.L.<\/strong>\u00a0stellt sicher, dass die Politik auf allen Ebenen der Organisation und von den Mitarbeitern verstanden wird, indem sie in Mitarbeiterversammlungen erl\u00e4utert und durch Verteilung und Ver\u00f6ffentlichung auf der Website des Unternehmens verbreitet wird, so dass die Mitarbeiter aktiv daran beteiligt sind und sich f\u00fcr ihre Umsetzung engagieren.<\/p>","protected":false},"excerpt":{"rendered":"<p>Pol\u00edtica medioambiental &nbsp; Alfa Dyser S.L.\u00a0considera el cuidado medioambiental como un\u00a0valor fundamental de su cultura empresarial. Por ello, realiza sus actividades de manera respetuosa con el<span class=\"excerpt-hellip\"> [...]<\/span><\/p>","protected":false},"author":4,"featured_media":0,"parent":0,"menu_order":0,"comment_status":"closed","ping_status":"closed","template":"","meta":{"footnotes":""},"class_list":["post-313","page","type-page","status-publish","hentry"],"yoast_head":"<!-- This site is optimized with the Yoast SEO Premium plugin v24.0 (Yoast SEO v26.5) - https:\/\/yoast.com\/wordpress\/plugins\/seo\/ -->\n<title>Pol\u00edtica medioambiental - K\u00fcken<\/title>\n<meta name=\"robots\" content=\"noindex, follow, max-snippet:-1, max-image-preview:large, max-video-preview:-1\" \/>\n<meta property=\"og:locale\" content=\"de_DE\" \/>\n<meta property=\"og:type\" content=\"article\" \/>\n<meta property=\"og:title\" content=\"Pol\u00edtica medioambiental\" \/>\n<meta property=\"og:description\" content=\"Pol\u00edtica medioambiental &nbsp; Alfa Dyser S.L.\u00a0considera el cuidado medioambiental como un\u00a0valor fundamental de su cultura empresarial. Por ello, realiza sus actividades de manera respetuosa con el [\u2026]\" \/>\n<meta property=\"og:url\" content=\"https:\/\/kuken.alfadyser.dev\/de\/umweltpolitik\/\" \/>\n<meta property=\"og:site_name\" content=\"K\u00fcken\" \/>\n<meta property=\"article:publisher\" content=\"https:\/\/es-es.facebook.com\/alfadyser\/\" \/>\n<meta name=\"twitter:card\" content=\"summary_large_image\" \/>\n<meta name=\"twitter:label1\" content=\"Gesch\u00e4tzte Lesezeit\" \/>\n\t<meta name=\"twitter:data1\" content=\"2\u00a0Minuten\" \/>\n<script type=\"application\/ld+json\" class=\"yoast-schema-graph\">{\"@context\":\"https:\/\/schema.org\",\"@graph\":[{\"@type\":\"WebPage\",\"@id\":\"https:\/\/kuken.alfadyser.dev\/politica-medioambiental\/\",\"url\":\"https:\/\/kuken.alfadyser.dev\/politica-medioambiental\/\",\"name\":\"Pol\u00edtica medioambiental - K\u00fcken\",\"isPartOf\":{\"@id\":\"https:\/\/kuken.alfadyser.dev\/#website\"},\"datePublished\":\"2019-06-26T09:03:07+00:00\",\"breadcrumb\":{\"@id\":\"https:\/\/kuken.alfadyser.dev\/politica-medioambiental\/#breadcrumb\"},\"inLanguage\":\"de\",\"potentialAction\":[{\"@type\":\"ReadAction\",\"target\":[\"https:\/\/kuken.alfadyser.dev\/politica-medioambiental\/\"]}]},{\"@type\":\"BreadcrumbList\",\"@id\":\"https:\/\/kuken.alfadyser.dev\/politica-medioambiental\/#breadcrumb\",\"itemListElement\":[{\"@type\":\"ListItem\",\"position\":1,\"name\":\"Portada\",\"item\":\"https:\/\/kuken.alfadyser.dev\/\"},{\"@type\":\"ListItem\",\"position\":2,\"name\":\"Pol\u00edtica medioambiental\"}]},{\"@type\":\"WebSite\",\"@id\":\"https:\/\/kuken.alfadyser.dev\/#website\",\"url\":\"https:\/\/kuken.alfadyser.dev\/\",\"name\":\"K\u00fcken\",\"description\":\"Amplia gama de peque\u00f1o electrodom\u00e9stico k\u00fcken\",\"publisher\":{\"@id\":\"https:\/\/kuken.alfadyser.dev\/#organization\"},\"potentialAction\":[{\"@type\":\"SearchAction\",\"target\":{\"@type\":\"EntryPoint\",\"urlTemplate\":\"https:\/\/kuken.alfadyser.dev\/?s={search_term_string}\"},\"query-input\":{\"@type\":\"PropertyValueSpecification\",\"valueRequired\":true,\"valueName\":\"search_term_string\"}}],\"inLanguage\":\"de\"},{\"@type\":\"Organization\",\"@id\":\"https:\/\/kuken.alfadyser.dev\/#organization\",\"name\":\"Alfa Dyser\",\"url\":\"https:\/\/kuken.alfadyser.dev\/\",\"logo\":{\"@type\":\"ImageObject\",\"inLanguage\":\"de\",\"@id\":\"https:\/\/kuken.alfadyser.dev\/#\/schema\/logo\/image\/\",\"url\":\"https:\/\/kuken.alfadyser.dev\/wp-content\/uploads\/2019\/04\/kuken-logo.png\",\"contentUrl\":\"https:\/\/kuken.alfadyser.dev\/wp-content\/uploads\/2019\/04\/kuken-logo.png\",\"width\":500,\"height\":191,\"caption\":\"Alfa Dyser\"},\"image\":{\"@id\":\"https:\/\/kuken.alfadyser.dev\/#\/schema\/logo\/image\/\"},\"sameAs\":[\"https:\/\/es-es.facebook.com\/alfadyser\/\",\"https:\/\/www.instagram.com\/kuken_appliances\/\"]}]}<\/script>\n<!-- \/ Yoast SEO Premium plugin. -->","yoast_head_json":{"title":"Umweltpolitik - K\u00fcken","robots":{"index":"noindex","follow":"follow","max-snippet":"max-snippet:-1","max-image-preview":"max-image-preview:large","max-video-preview":"max-video-preview:-1"},"og_locale":"de_DE","og_type":"article","og_title":"Pol\u00edtica medioambiental","og_description":"Pol\u00edtica medioambiental &nbsp; Alfa Dyser S.L.\u00a0considera el cuidado medioambiental como un\u00a0valor fundamental de su cultura empresarial. Por ello, realiza sus actividades de manera respetuosa con el [\u2026]","og_url":"https:\/\/kuken.alfadyser.dev\/de\/umweltpolitik\/","og_site_name":"K\u00fcken","article_publisher":"https:\/\/es-es.facebook.com\/alfadyser\/","twitter_card":"summary_large_image","twitter_misc":{"Gesch\u00e4tzte Lesezeit":"2\u00a0Minuten"},"schema":{"@context":"https:\/\/schema.org","@graph":[{"@type":"WebPage","@id":"https:\/\/kuken.alfadyser.dev\/politica-medioambiental\/","url":"https:\/\/kuken.alfadyser.dev\/politica-medioambiental\/","name":"Umweltpolitik - K\u00fcken","isPartOf":{"@id":"https:\/\/kuken.alfadyser.dev\/#website"},"datePublished":"2019-06-26T09:03:07+00:00","breadcrumb":{"@id":"https:\/\/kuken.alfadyser.dev\/politica-medioambiental\/#breadcrumb"},"inLanguage":"de","potentialAction":[{"@type":"ReadAction","target":["https:\/\/kuken.alfadyser.dev\/politica-medioambiental\/"]}]},{"@type":"BreadcrumbList","@id":"https:\/\/kuken.alfadyser.dev\/politica-medioambiental\/#breadcrumb","itemListElement":[{"@type":"ListItem","position":1,"name":"Portada","item":"https:\/\/kuken.alfadyser.dev\/"},{"@type":"ListItem","position":2,"name":"Pol\u00edtica medioambiental"}]},{"@type":"WebSite","@id":"https:\/\/kuken.alfadyser.dev\/#website","url":"https:\/\/kuken.alfadyser.dev\/","name":"K\u00fcken","description":"Gro\u00dfe Auswahl an k\u00fcken Haushaltskleinger\u00e4ten","publisher":{"@id":"https:\/\/kuken.alfadyser.dev\/#organization"},"potentialAction":[{"@type":"SearchAction","target":{"@type":"EntryPoint","urlTemplate":"https:\/\/kuken.alfadyser.dev\/?s={search_term_string}"},"query-input":{"@type":"PropertyValueSpecification","valueRequired":true,"valueName":"search_term_string"}}],"inLanguage":"de"},{"@type":"Organization","@id":"https:\/\/kuken.alfadyser.dev\/#organization","name":"Alpha Dyser","url":"https:\/\/kuken.alfadyser.dev\/","logo":{"@type":"ImageObject","inLanguage":"de","@id":"https:\/\/kuken.alfadyser.dev\/#\/schema\/logo\/image\/","url":"https:\/\/kuken.alfadyser.dev\/wp-content\/uploads\/2019\/04\/kuken-logo.png","contentUrl":"https:\/\/kuken.alfadyser.dev\/wp-content\/uploads\/2019\/04\/kuken-logo.png","width":500,"height":191,"caption":"Alfa Dyser"},"image":{"@id":"https:\/\/kuken.alfadyser.dev\/#\/schema\/logo\/image\/"},"sameAs":["https:\/\/es-es.facebook.com\/alfadyser\/","https:\/\/www.instagram.com\/kuken_appliances\/"]}]}},"_links":{"self":[{"href":"https:\/\/kuken.alfadyser.dev\/de\/wp-json\/wp\/v2\/pages\/313","targetHints":{"allow":["GET"]}}],"collection":[{"href":"https:\/\/kuken.alfadyser.dev\/de\/wp-json\/wp\/v2\/pages"}],"about":[{"href":"https:\/\/kuken.alfadyser.dev\/de\/wp-json\/wp\/v2\/types\/page"}],"author":[{"embeddable":true,"href":"https:\/\/kuken.alfadyser.dev\/de\/wp-json\/wp\/v2\/users\/4"}],"replies":[{"embeddable":true,"href":"https:\/\/kuken.alfadyser.dev\/de\/wp-json\/wp\/v2\/comments?post=313"}],"version-history":[{"count":0,"href":"https:\/\/kuken.alfadyser.dev\/de\/wp-json\/wp\/v2\/pages\/313\/revisions"}],"wp:attachment":[{"href":"https:\/\/kuken.alfadyser.dev\/de\/wp-json\/wp\/v2\/media?parent=313"}],"curies":[{"name":"wp","href":"https:\/\/api.w.org\/{rel}","templated":true}]}}