{"id":311,"date":"2019-06-26T11:01:00","date_gmt":"2019-06-26T09:01:00","guid":{"rendered":"https:\/\/kuken.alfadyser.dev\/?page_id=311"},"modified":"2019-06-26T11:01:00","modified_gmt":"2019-06-26T09:01:00","slug":"datenschutzbestimmungen","status":"publish","type":"page","link":"https:\/\/kuken.alfadyser.dev\/de\/datenschutzbestimmungen\/","title":{"rendered":"Datenschutzbestimmungen"},"content":{"rendered":"<h3>Datenschutzbestimmungen<\/h3>\n<p>&nbsp;<\/p>\n<p>Die vorliegende Datenschutzpolitik legt die Bedingungen fest, unter denen ALFA DYSER, S.L. die von den Nutzern bei der Nutzung der Website zur Verf\u00fcgung gestellten Daten verwendet und sch\u00fctzt. Dieses Unternehmen ist der Sicherheit der Daten seiner Nutzer verpflichtet. Wenn wir Sie bitten, uns personenbezogene Daten mitzuteilen, anhand derer Sie identifiziert werden k\u00f6nnen, tun wir dies mit der Zusicherung, dass diese nur in \u00dcbereinstimmung mit den Bedingungen dieses Dokuments verwendet werden. Diese Datenschutzrichtlinie kann sich jedoch im Laufe der Zeit \u00e4ndern oder aktualisiert werden, und wir empfehlen Ihnen, diese Seite regelm\u00e4\u00dfig zu \u00fcberpr\u00fcfen, um sicherzustellen, dass Sie mit allen \u00c4nderungen einverstanden sind.<\/p>\n<h5 id=\"politica1\" class=\"legal\">1. INFORMATIONEN, DIE GESAMMELT WERDEN<\/h5>\n<p>Unsere Website kann personenbezogene Daten wie Name, Kontaktinformationen wie Ihre E-Mail-Adresse und demografische Daten erfassen. Gegebenenfalls werden auch spezifische Informationen ben\u00f6tigt, um eine Bestellung zu bearbeiten oder eine Lieferung oder Rechnung zu erstellen.<\/p>\n<h5 id=\"politica2\" class=\"legal\">2. VERWENDUNG DER GESAMMELTEN INFORMATIONEN<\/h5>\n<p>Unsere Website verwendet die Informationen, um Ihnen den bestm\u00f6glichen Service zu bieten, insbesondere um die Nutzer zu verfolgen, um gegebenenfalls Bestellungen zu verfolgen und um unsere Produkte und Dienstleistungen zu verbessern. Es kann sein, dass wir \u00fcber unsere Website regelm\u00e4\u00dfig E-Mails mit Sonderangeboten, neuen Produkten und anderen Marketinginformationen versenden, von denen wir glauben, dass sie f\u00fcr Sie relevant oder von Nutzen sein k\u00f6nnten. Diese E-Mails werden an die von Ihnen angegebene Adresse gesendet und k\u00f6nnen jederzeit abbestellt werden.<\/p>\n<p>ALFA DYSER, S.L. setzt sich sehr daf\u00fcr ein, seine Verpflichtung zum Schutz Ihrer Daten zu erf\u00fcllen. Wir verwenden die modernsten Systeme und aktualisieren sie st\u00e4ndig, um sicherzustellen, dass kein unbefugter Zugriff m\u00f6glich ist.<\/p>\n<h5 id=\"politica3\" class=\"legal\">3. COOKIES<\/h5>\n<p>Ein Cookie ist eine Datei, die mit der Bitte um Erlaubnis gesendet wird, auf Ihrem Computer gespeichert zu werden. Wenn Sie diese Datei akzeptieren, wird sie erstellt, und das Cookie wird dann verwendet, um Informationen \u00fcber den Webverkehr zu erhalten, und erleichtert auch zuk\u00fcnftige Besuche auf einer wiederkehrenden Website. Eine weitere Funktion, die Cookies haben, ist, dass das Web Sie individuell erkennen kann und Ihnen somit den besten personalisierten Service auf ihrer Website bieten kann.<\/p>\n<p>Unsere Website verwendet Cookies, um festzustellen, welche Seiten besucht werden und wie h\u00e4ufig dies geschieht. Diese Informationen werden nur f\u00fcr statistische Auswertungen verwendet und anschlie\u00dfend dauerhaft gel\u00f6scht. Sie k\u00f6nnen Cookies jederzeit von Ihrem Computer l\u00f6schen. Cookies helfen jedoch, einen besseren Service von Websites zu bieten, sie geben keinen Zugang zu Informationen \u00fcber Ihren Computer oder Sie selbst, es sei denn, Sie geben sie direkt an. Sie k\u00f6nnen die Verwendung von Cookies akzeptieren oder ablehnen, aber die meisten Browser akzeptieren Cookies automatisch, um einen besseren Web-Service zu bieten. Sie k\u00f6nnen auch die Einstellungen Ihres Computers so \u00e4ndern, dass Cookies abgelehnt werden. Wenn Sie Cookies ablehnen, k\u00f6nnen Sie m\u00f6glicherweise einige unserer Dienste nicht nutzen.<\/p>\n<h5 id=\"politica4\" class=\"legal\">4. LINKS ZU DRITTANBIETERN<\/h5>\n<p>Diese Website kann Links zu anderen Websites enthalten, die f\u00fcr Sie von Interesse sein k\u00f6nnen. Sobald Sie auf diese Links klicken und unsere Website verlassen, haben wir keine Kontrolle mehr \u00fcber die Website, zu der Sie weitergeleitet werden, und sind daher nicht verantwortlich f\u00fcr die Bedingungen oder die Datenschutzpraktiken dieser anderen Websites. Diese Websites unterliegen ihren eigenen Datenschutzrichtlinien, und Sie sollten diese \u00fcberpr\u00fcfen, um sicherzustellen, dass Sie damit einverstanden sind.<\/p>\n<h5 id=\"politica5\" class=\"legal\">5. KONTROLLE \u00dcBER IHRE PERS\u00d6NLICHEN DATEN<\/h5>\n<p>Sie haben jederzeit die M\u00f6glichkeit, die Erfassung oder Verwendung von pers\u00f6nlichen Daten, die Sie auf unserer Website angeben, einzuschr\u00e4nken. Immer wenn Sie aufgefordert werden, ein Formular auszuf\u00fcllen, z. B. ein Anmeldeformular, k\u00f6nnen Sie die Option, Informationen per E-Mail zu erhalten, ankreuzen oder abw\u00e4hlen. Falls Sie die Option zum Erhalt unseres Newsletters oder unserer Werbung angekreuzt haben, k\u00f6nnen Sie diese jederzeit abbestellen.<\/p>\n<p>Dieses Unternehmen wird die gesammelten pers\u00f6nlichen Daten nicht ohne Ihre Zustimmung verkaufen, weitergeben oder verbreiten, es sei denn, es wird von einem Richter per Gerichtsbeschluss dazu verpflichtet.<\/p>\n<p>ALFA DYSER, S.L. beh\u00e4lt sich das Recht vor, die Bedingungen der vorliegenden Datenschutzrichtlinie jederzeit zu \u00e4ndern.<\/p>","protected":false},"excerpt":{"rendered":"<p>Pol\u00edtica de privacidad &nbsp; El presente Pol\u00edtica de Privacidad establece los t\u00e9rminos en que ALFA DYSER, S.L. usa y protege la informaci\u00f3n que es proporcionada por<span class=\"excerpt-hellip\"> [...]<\/span><\/p>","protected":false},"author":4,"featured_media":0,"parent":0,"menu_order":0,"comment_status":"closed","ping_status":"closed","template":"","meta":{"footnotes":""},"class_list":["post-311","page","type-page","status-publish","hentry"],"yoast_head":"<!-- This site is optimized with the Yoast SEO Premium plugin v24.0 (Yoast SEO v26.5) - https:\/\/yoast.com\/wordpress\/plugins\/seo\/ -->\n<title>Pol\u00edtica de privacidad - K\u00fcken<\/title>\n<meta name=\"robots\" content=\"noindex, follow, max-snippet:-1, max-image-preview:large, max-video-preview:-1\" \/>\n<meta property=\"og:locale\" content=\"de_DE\" \/>\n<meta property=\"og:type\" content=\"article\" \/>\n<meta property=\"og:title\" content=\"Pol\u00edtica de privacidad\" \/>\n<meta property=\"og:description\" content=\"Pol\u00edtica de privacidad &nbsp; El presente Pol\u00edtica de Privacidad establece los t\u00e9rminos en que ALFA DYSER, S.L. usa y protege la informaci\u00f3n que es proporcionada por [\u2026]\" \/>\n<meta property=\"og:url\" content=\"https:\/\/kuken.alfadyser.dev\/de\/datenschutzbestimmungen\/\" \/>\n<meta property=\"og:site_name\" content=\"K\u00fcken\" \/>\n<meta property=\"article:publisher\" content=\"https:\/\/es-es.facebook.com\/alfadyser\/\" \/>\n<meta name=\"twitter:card\" content=\"summary_large_image\" \/>\n<meta name=\"twitter:label1\" content=\"Gesch\u00e4tzte Lesezeit\" \/>\n\t<meta name=\"twitter:data1\" content=\"4\u00a0Minuten\" \/>\n<script type=\"application\/ld+json\" class=\"yoast-schema-graph\">{\"@context\":\"https:\/\/schema.org\",\"@graph\":[{\"@type\":\"WebPage\",\"@id\":\"https:\/\/kuken.alfadyser.dev\/politica-de-privacidad\/\",\"url\":\"https:\/\/kuken.alfadyser.dev\/politica-de-privacidad\/\",\"name\":\"Pol\u00edtica de privacidad - K\u00fcken\",\"isPartOf\":{\"@id\":\"https:\/\/kuken.alfadyser.dev\/#website\"},\"datePublished\":\"2019-06-26T09:01:00+00:00\",\"breadcrumb\":{\"@id\":\"https:\/\/kuken.alfadyser.dev\/politica-de-privacidad\/#breadcrumb\"},\"inLanguage\":\"de\",\"potentialAction\":[{\"@type\":\"ReadAction\",\"target\":[\"https:\/\/kuken.alfadyser.dev\/politica-de-privacidad\/\"]}]},{\"@type\":\"BreadcrumbList\",\"@id\":\"https:\/\/kuken.alfadyser.dev\/politica-de-privacidad\/#breadcrumb\",\"itemListElement\":[{\"@type\":\"ListItem\",\"position\":1,\"name\":\"Portada\",\"item\":\"https:\/\/kuken.alfadyser.dev\/\"},{\"@type\":\"ListItem\",\"position\":2,\"name\":\"Pol\u00edtica de privacidad\"}]},{\"@type\":\"WebSite\",\"@id\":\"https:\/\/kuken.alfadyser.dev\/#website\",\"url\":\"https:\/\/kuken.alfadyser.dev\/\",\"name\":\"K\u00fcken\",\"description\":\"Amplia gama de peque\u00f1o electrodom\u00e9stico k\u00fcken\",\"publisher\":{\"@id\":\"https:\/\/kuken.alfadyser.dev\/#organization\"},\"potentialAction\":[{\"@type\":\"SearchAction\",\"target\":{\"@type\":\"EntryPoint\",\"urlTemplate\":\"https:\/\/kuken.alfadyser.dev\/?s={search_term_string}\"},\"query-input\":{\"@type\":\"PropertyValueSpecification\",\"valueRequired\":true,\"valueName\":\"search_term_string\"}}],\"inLanguage\":\"de\"},{\"@type\":\"Organization\",\"@id\":\"https:\/\/kuken.alfadyser.dev\/#organization\",\"name\":\"Alfa Dyser\",\"url\":\"https:\/\/kuken.alfadyser.dev\/\",\"logo\":{\"@type\":\"ImageObject\",\"inLanguage\":\"de\",\"@id\":\"https:\/\/kuken.alfadyser.dev\/#\/schema\/logo\/image\/\",\"url\":\"https:\/\/kuken.alfadyser.dev\/wp-content\/uploads\/2019\/04\/kuken-logo.png\",\"contentUrl\":\"https:\/\/kuken.alfadyser.dev\/wp-content\/uploads\/2019\/04\/kuken-logo.png\",\"width\":500,\"height\":191,\"caption\":\"Alfa Dyser\"},\"image\":{\"@id\":\"https:\/\/kuken.alfadyser.dev\/#\/schema\/logo\/image\/\"},\"sameAs\":[\"https:\/\/es-es.facebook.com\/alfadyser\/\",\"https:\/\/www.instagram.com\/kuken_appliances\/\"]}]}<\/script>\n<!-- \/ Yoast SEO Premium plugin. -->","yoast_head_json":{"title":"Datenschutzerkl\u00e4rung - K\u00fcken","robots":{"index":"noindex","follow":"follow","max-snippet":"max-snippet:-1","max-image-preview":"max-image-preview:large","max-video-preview":"max-video-preview:-1"},"og_locale":"de_DE","og_type":"article","og_title":"Pol\u00edtica de privacidad","og_description":"Pol\u00edtica de privacidad &nbsp; El presente Pol\u00edtica de Privacidad establece los t\u00e9rminos en que ALFA DYSER, S.L. usa y protege la informaci\u00f3n que es proporcionada por [\u2026]","og_url":"https:\/\/kuken.alfadyser.dev\/de\/datenschutzbestimmungen\/","og_site_name":"K\u00fcken","article_publisher":"https:\/\/es-es.facebook.com\/alfadyser\/","twitter_card":"summary_large_image","twitter_misc":{"Gesch\u00e4tzte Lesezeit":"4\u00a0Minuten"},"schema":{"@context":"https:\/\/schema.org","@graph":[{"@type":"WebPage","@id":"https:\/\/kuken.alfadyser.dev\/politica-de-privacidad\/","url":"https:\/\/kuken.alfadyser.dev\/politica-de-privacidad\/","name":"Datenschutzerkl\u00e4rung - K\u00fcken","isPartOf":{"@id":"https:\/\/kuken.alfadyser.dev\/#website"},"datePublished":"2019-06-26T09:01:00+00:00","breadcrumb":{"@id":"https:\/\/kuken.alfadyser.dev\/politica-de-privacidad\/#breadcrumb"},"inLanguage":"de","potentialAction":[{"@type":"ReadAction","target":["https:\/\/kuken.alfadyser.dev\/politica-de-privacidad\/"]}]},{"@type":"BreadcrumbList","@id":"https:\/\/kuken.alfadyser.dev\/politica-de-privacidad\/#breadcrumb","itemListElement":[{"@type":"ListItem","position":1,"name":"Portada","item":"https:\/\/kuken.alfadyser.dev\/"},{"@type":"ListItem","position":2,"name":"Pol\u00edtica de privacidad"}]},{"@type":"WebSite","@id":"https:\/\/kuken.alfadyser.dev\/#website","url":"https:\/\/kuken.alfadyser.dev\/","name":"K\u00fcken","description":"Gro\u00dfe Auswahl an k\u00fcken Haushaltskleinger\u00e4ten","publisher":{"@id":"https:\/\/kuken.alfadyser.dev\/#organization"},"potentialAction":[{"@type":"SearchAction","target":{"@type":"EntryPoint","urlTemplate":"https:\/\/kuken.alfadyser.dev\/?s={search_term_string}"},"query-input":{"@type":"PropertyValueSpecification","valueRequired":true,"valueName":"search_term_string"}}],"inLanguage":"de"},{"@type":"Organization","@id":"https:\/\/kuken.alfadyser.dev\/#organization","name":"Alpha Dyser","url":"https:\/\/kuken.alfadyser.dev\/","logo":{"@type":"ImageObject","inLanguage":"de","@id":"https:\/\/kuken.alfadyser.dev\/#\/schema\/logo\/image\/","url":"https:\/\/kuken.alfadyser.dev\/wp-content\/uploads\/2019\/04\/kuken-logo.png","contentUrl":"https:\/\/kuken.alfadyser.dev\/wp-content\/uploads\/2019\/04\/kuken-logo.png","width":500,"height":191,"caption":"Alfa Dyser"},"image":{"@id":"https:\/\/kuken.alfadyser.dev\/#\/schema\/logo\/image\/"},"sameAs":["https:\/\/es-es.facebook.com\/alfadyser\/","https:\/\/www.instagram.com\/kuken_appliances\/"]}]}},"_links":{"self":[{"href":"https:\/\/kuken.alfadyser.dev\/de\/wp-json\/wp\/v2\/pages\/311","targetHints":{"allow":["GET"]}}],"collection":[{"href":"https:\/\/kuken.alfadyser.dev\/de\/wp-json\/wp\/v2\/pages"}],"about":[{"href":"https:\/\/kuken.alfadyser.dev\/de\/wp-json\/wp\/v2\/types\/page"}],"author":[{"embeddable":true,"href":"https:\/\/kuken.alfadyser.dev\/de\/wp-json\/wp\/v2\/users\/4"}],"replies":[{"embeddable":true,"href":"https:\/\/kuken.alfadyser.dev\/de\/wp-json\/wp\/v2\/comments?post=311"}],"version-history":[{"count":0,"href":"https:\/\/kuken.alfadyser.dev\/de\/wp-json\/wp\/v2\/pages\/311\/revisions"}],"wp:attachment":[{"href":"https:\/\/kuken.alfadyser.dev\/de\/wp-json\/wp\/v2\/media?parent=311"}],"curies":[{"name":"wp","href":"https:\/\/api.w.org\/{rel}","templated":true}]}}