{"id":307,"date":"2019-06-26T10:57:13","date_gmt":"2019-06-26T08:57:13","guid":{"rendered":"https:\/\/kuken.alfadyser.dev\/?page_id=307"},"modified":"2019-06-26T10:58:11","modified_gmt":"2019-06-26T08:58:11","slug":"impressum","status":"publish","type":"page","link":"https:\/\/kuken.alfadyser.dev\/de\/impressum\/","title":{"rendered":"Rechtlicher Hinweis"},"content":{"rendered":"<h3>Rechtlicher Hinweis<\/h3>\n<p>&nbsp;<\/p>\n<h5 id=\"1\" class=\"legal\">1. IDENTIFIKATIONSDATEN<\/h5>\n<p>In \u00dcbereinstimmung mit der Informationspflicht gem\u00e4\u00df Artikel 10 des Gesetzes 34\/2002 vom 11. Juli \u00fcber die Dienste der Informationsgesellschaft und den elektronischen Handel werden im Folgenden die folgenden Informationen wiedergegeben: Das Unternehmen, das Eigent\u00fcmer der Web-Domain ist, ist ALFA DYSER, S.L., mit eingetragener Adresse f\u00fcr diese Zwecke in Pol. Ind. Anoia C\/Cooperativa n\u00ba2, 08635 Sant Esteve Sesrovires, Barcelona; C.I.F.-Nummer: B-60163441, eingetragen im Handelsregister von Barcelona; und die Registerangaben sind: Band 24772, Folio 181, Seitenzahl B-67033. Kontakt-E-Mail: alfa@alfadyser.com der Website.<\/p>\n<h5 id=\"2\" class=\"legal\">2. BENUTZER<\/h5>\n<p>Der Zugang und\/oder die Nutzung dieses Portals von ALFA DYSER, S.L. setzt voraus, dass der BENUTZER mit dem besagten Zugang und\/oder der besagten Nutzung die hier dargelegten allgemeinen Nutzungsbedingungen akzeptiert. Die vorgenannten Bedingungen gelten unabh\u00e4ngig von den gegebenenfalls vorgeschriebenen Allgemeinen Vertragsbedingungen.<\/p>\n<h5 id=\"3\" class=\"legal\">3. NUTZUNG DES PORTALS<\/h5>\n<p>www.alfadyser.com bietet Zugang zu einer Vielzahl von Informationen, Diensten, Programmen oder Daten (im Folgenden \"der Inhalt\") im Internet, die ALFA DYSER, S.L. oder seinen Lizenzgebern geh\u00f6ren und zu denen der BENUTZER Zugang haben kann. Der NUTZER \u00fcbernimmt die Verantwortung f\u00fcr die Nutzung des Portals. Diese Verantwortung erstreckt sich auch auf die Registrierung, die f\u00fcr den Zugang zu bestimmten Diensten oder Inhalten erforderlich sein kann.<br \/>\nBei dieser Registrierung ist der BENUTZER daf\u00fcr verantwortlich, wahrheitsgem\u00e4\u00dfe und rechtm\u00e4\u00dfige Angaben zu machen. Als Folge dieser Registrierung kann dem BENUTZER ein Passwort zugeteilt werden, f\u00fcr das er verantwortlich ist,<br \/>\ndie Verpflichtung zur sorgf\u00e4ltigen und vertraulichen Verwendung der Daten. Der Benutzer verpflichtet sich, eine angemessene Nutzung der Inhalte und Dienstleistungen (wie Chat-Dienste, Diskussionsforen oder Newsgroups) Name des Unternehmens, dass die Website bietet \u00fcber seine Website und als Beispiel erstellt, aber nicht beschr\u00e4nkt auf, sie nicht zu verwenden, um (I) in illegale Aktivit\u00e4ten, illegale oder gegen Treu und Glauben und die \u00f6ffentliche Ordnung zu engagieren; (II) Verbreitung von Inhalten oder Propaganda von rassistischen, fremdenfeindlichen, pornographisch-illegalen, Entschuldigung des Terrorismus oder gegen die Menschenrechte; (III) Sch\u00e4den an den physischen und logischen Systemen von Name des Unternehmens, das die Website erstellt hat, seinen Lieferanten oder Dritten zu verursachen, Computerviren oder andere physische oder logische Systeme einzuf\u00fchren oder zu verbreiten, die geeignet sind, die oben genannten Sch\u00e4den zu verursachen; (IV) zu versuchen, auf die E-Mail-Konten anderer Nutzer zuzugreifen und diese gegebenenfalls zu nutzen und ihre Nachrichten zu ver\u00e4ndern oder zu manipulieren. Name des Unternehmens, das die Website erstellt hat, beh\u00e4lt sich das Recht vor, alle Kommentare und Beitr\u00e4ge zu entfernen, die gegen die Achtung der Menschenw\u00fcrde versto\u00dfen, die diskriminierend, fremdenfeindlich, rassistisch oder pornografisch sind, die die Jugend oder das Kindesalter, die \u00f6ffentliche Ordnung oder Sicherheit verletzen oder die seiner Meinung nach nicht zur Ver\u00f6ffentlichung geeignet sind. In jedem Fall ist ALFA DYSER, S.L. nicht verantwortlich f\u00fcr die von den Nutzern in Foren, Chats oder anderen Beteiligungsinstrumenten ge\u00e4u\u00dferten Meinungen.<\/p>\n<h5 id=\"4\" class=\"legal\">4. DATENSCHUTZ<\/h5>\n<p>ALFA DYSER, S.L. h\u00e4lt die Richtlinien des Organgesetzes 15\/1999 vom 13. Dezember 1999 \u00fcber den Schutz personenbezogener Daten, des K\u00f6niglichen Dekrets 1720\/2007 vom 21. Dezember 2007 zur Verabschiedung der Durchf\u00fchrungsverordnung des Organgesetzes und anderer geltender Vorschriften jederzeit ein und gew\u00e4hrleistet die korrekte Verwendung und Verarbeitung der personenbezogenen Daten des Nutzers. Zu diesem Zweck wird der Nutzer zusammen mit jedem Formular f\u00fcr die Erfassung personenbezogener Daten in den Diensten, die er von alfa@alfadyser.com anfordern kann, \u00fcber das Vorhandensein und die Annahme der besonderen Bedingungen f\u00fcr die Verarbeitung seiner Daten in jedem einzelnen Fall informiert, wobei er \u00fcber die Verantwortlichkeit f\u00fcr die angelegte Datei, die Adresse des Verantwortlichen, die M\u00f6glichkeit der Aus\u00fcbung seiner Rechte auf Zugang, Berichtigung, L\u00f6schung oder Widerspruch, den Zweck der Verarbeitung und die Weitergabe von Daten an Dritte, sofern zutreffend, informiert wird.<\/p>\n<p>ALFA DYSER, S.L. informiert Sie au\u00dferdem, dass es das Gesetz 34\/2002 vom 11. Juli \u00fcber die Dienste der Informationsgesellschaft und den elektronischen Handel einh\u00e4lt und Sie jederzeit um Ihre Zustimmung zur Verarbeitung Ihrer E-Mail zu kommerziellen Zwecken bitten wird.<\/p>\n<h5 id=\"5\" class=\"legal\">5. GEISTIGES UND GEWERBLICHES EIGENTUM<\/h5>\n<p>ALFA DYSER, S.L. selbst oder als Bevollm\u00e4chtigter ist Eigent\u00fcmer aller geistigen und gewerblichen Eigentumsrechte seiner Webseite sowie der darin enthaltenen Elemente (einschlie\u00dflich, aber nicht beschr\u00e4nkt auf Bilder, Ton, Audio, Video, Software oder Texte; Marken oder Logos, Farbkombinationen, Struktur und Design, Auswahl der verwendeten Materialien, Computerprogramme, die f\u00fcr den Betrieb, den Zugang und die Nutzung erforderlich sind, usw.), die Eigentum von ALFA DYSER, S.L. oder seiner Lizenzgeber sind.<\/p>\n<p>Alle Rechte vorbehalten. Gem\u00e4\u00df den Bestimmungen der Artikel 8 und 32.1, zweiter Absatz, des Gesetzes \u00fcber das geistige Eigentum sind die Vervielf\u00e4ltigung, die Verbreitung und die \u00f6ffentliche Bekanntmachung, einschlie\u00dflich der Bereitstellung, des gesamten oder eines Teils des Inhalts dieser Website zu kommerziellen Zwecken, in jedem Medium und mit allen technischen Mitteln, ohne die Genehmigung von ALFA DYSER, S. L. ausdr\u00fccklich verboten.L. Der BENUTZER verpflichtet sich, die Rechte des geistigen und gewerblichen Eigentums von ALFA DYSER, S.L. zu respektieren. Der BENUTZER kann die Elemente des Portals ansehen und sogar ausdrucken, kopieren und auf der Festplatte seines Computers oder auf einem anderen physischen Medium speichern, vorausgesetzt, dass dies einzig und allein f\u00fcr seinen pers\u00f6nlichen und privaten Gebrauch geschieht. Der BENUTZER muss es unterlassen, die auf den Seiten von ALFA DYSER, S.L. installierten Schutzvorrichtungen oder Sicherheitssysteme zu l\u00f6schen, zu ver\u00e4ndern, zu umgehen oder zu manipulieren.<\/p>\n<h5 id=\"6\" class=\"legal\">6. AUSSCHLUSS VON GEW\u00c4HRLEISTUNG UND HAFTUNG<\/h5>\n<p>ALFA DYSER, S.L. \u00fcbernimmt unter keinen Umst\u00e4nden die Haftung f\u00fcr Sch\u00e4den jeglicher Art, die durch Fehler oder Auslassungen in den Inhalten, mangelnde Verf\u00fcgbarkeit des Portals oder die \u00dcbertragung von Viren oder b\u00f6sartigen oder sch\u00e4dlichen Programmen in den Inhalten verursacht werden k\u00f6nnen, obwohl alle erforderlichen technischen Ma\u00dfnahmen zu deren Vermeidung getroffen wurden.<\/p>\n<h5 id=\"7\" class=\"legal\">7. \u00c4NDERUNGEN<\/h5>\n<p>ALFA DYSER, S.L. beh\u00e4lt sich das Recht vor, ohne Vorank\u00fcndigung \u00c4nderungen an seinem Portal vorzunehmen und kann sowohl die Inhalte und Dienstleistungen, die \u00fcber das Portal angeboten werden, als auch die Art und Weise, wie sie auf dem Portal pr\u00e4sentiert werden, \u00e4ndern, l\u00f6schen oder hinzuf\u00fcgen.<\/p>\n<h5 id=\"8\" class=\"legal\">8. LINKS<\/h5>\n<p>F\u00fcr den Fall, dass www.alfadyser.com Links oder Hyperlinks zu anderen Internet-Seiten enth\u00e4lt, \u00fcbt ALFA DYSER, S.L. keinerlei Kontrolle \u00fcber diese Seiten und deren Inhalt aus. Unter keinen Umst\u00e4nden<br \/>\nALFA DYSER, S.L. \u00fcbernimmt keine Verantwortung f\u00fcr den Inhalt eines Links zu einer externen Website und garantiert auch nicht die technische Verf\u00fcgbarkeit, Qualit\u00e4t, Zuverl\u00e4ssigkeit, Genauigkeit, Vollst\u00e4ndigkeit, Richtigkeit, G\u00fcltigkeit oder Genauigkeit des Inhalts eines Links zu einer externen Website.<br \/>\ndie Verfassungsm\u00e4\u00dfigkeit von Material oder Informationen, die in solchen Hyperlinks oder anderen Internetseiten enthalten sind.<\/p>\n<p>Ebenso wenig bedeutet die Aufnahme dieser externen Verbindungen irgendeine Art von Assoziierung, Fusion oder Beteiligung mit den verbundenen Einrichtungen.<\/p>\n<p>9. RECHT AUF AUSSCHLUSS<\/p>\n<p>ALFA DYSER, S.L. beh\u00e4lt sich das Recht vor, den Zugang zum Portal und\/oder zu den angebotenen Dienstleistungen ohne Vorank\u00fcndigung zu verweigern oder zu entziehen, und zwar auf eigenes Verlangen oder auf Verlangen eines Dritten, wenn der Benutzer die vorliegenden Allgemeinen Nutzungsbedingungen nicht einh\u00e4lt.<\/p>\n<h5 id=\"10\" class=\"legal\">10. ALLGEMEINES<\/h5>\n<p>ALFA DYSER, S.L. wird die Verletzung dieser Bedingungen sowie jede missbr\u00e4uchliche Nutzung seines Portals verfolgen und alle zivil- und strafrechtlichen Ma\u00dfnahmen ergreifen, die ihm gesetzlich zustehen k\u00f6nnen.<\/p>\n<h5 id=\"11\" class=\"legal\">11. \u00c4NDERUNG DIESER BEDINGUNGEN UND LAUFZEIT<\/h5>\n<p>ALFA DYSER, S.L. beh\u00e4lt sich das Recht vor, die hier aufgef\u00fchrten Bedingungen jederzeit zu \u00e4ndern, da sie an dieser Stelle ordnungsgem\u00e4\u00df ver\u00f6ffentlicht werden.<\/p>\n<p>Die G\u00fcltigkeit dieser Bedingungen h\u00e4ngt von ihrer Ver\u00f6ffentlichung ab und bleibt bis zu ihrer ordnungsgem\u00e4\u00dfen Ver\u00f6ffentlichung in Kraft. von anderen ge\u00e4ndert werden.<\/p>\n<h5 id=\"12\" class=\"legal\">12. ANWENDBARES RECHT UND GERICHTSBARKEIT<\/h5>\n<p>Die Beziehung zwischen ALFA DYSER, S.L. und dem BENUTZER unterliegt der geltenden spanischen Gesetzgebung und alle Streitigkeiten werden den Gerichten der Stadt Barcelona vorgelegt.<\/p>","protected":false},"excerpt":{"rendered":"<p>Aviso legal &nbsp; 1. DATOS IDENTIFICATIVOS En cumplimiento con el deber de informaci\u00f3n recogido en art\u00edculo 10 de la Ley 34\/2002, de 11 de julio, de<span class=\"excerpt-hellip\"> [...]<\/span><\/p>","protected":false},"author":4,"featured_media":0,"parent":0,"menu_order":0,"comment_status":"closed","ping_status":"closed","template":"","meta":{"footnotes":""},"class_list":["post-307","page","type-page","status-publish","hentry"],"yoast_head":"<!-- This site is optimized with the Yoast SEO Premium plugin v24.0 (Yoast SEO v26.5) - https:\/\/yoast.com\/wordpress\/plugins\/seo\/ -->\n<title>Aviso legal - K\u00fcken<\/title>\n<meta name=\"robots\" content=\"noindex, follow, max-snippet:-1, max-image-preview:large, max-video-preview:-1\" \/>\n<meta property=\"og:locale\" content=\"de_DE\" \/>\n<meta property=\"og:type\" content=\"article\" \/>\n<meta property=\"og:title\" content=\"Aviso legal\" \/>\n<meta property=\"og:description\" content=\"Aviso legal &nbsp; 1. DATOS IDENTIFICATIVOS En cumplimiento con el deber de informaci\u00f3n recogido en art\u00edculo 10 de la Ley 34\/2002, de 11 de julio, de [\u2026]\" \/>\n<meta property=\"og:url\" content=\"https:\/\/kuken.alfadyser.dev\/de\/impressum\/\" \/>\n<meta property=\"og:site_name\" content=\"K\u00fcken\" \/>\n<meta property=\"article:publisher\" content=\"https:\/\/es-es.facebook.com\/alfadyser\/\" \/>\n<meta property=\"article:modified_time\" content=\"2019-06-26T08:58:11+00:00\" \/>\n<meta name=\"twitter:card\" content=\"summary_large_image\" \/>\n<meta name=\"twitter:label1\" content=\"Gesch\u00e4tzte Lesezeit\" \/>\n\t<meta name=\"twitter:data1\" content=\"7\u00a0Minuten\" \/>\n<script type=\"application\/ld+json\" class=\"yoast-schema-graph\">{\"@context\":\"https:\/\/schema.org\",\"@graph\":[{\"@type\":\"WebPage\",\"@id\":\"https:\/\/kuken.alfadyser.dev\/aviso-legal\/\",\"url\":\"https:\/\/kuken.alfadyser.dev\/aviso-legal\/\",\"name\":\"Aviso legal - K\u00fcken\",\"isPartOf\":{\"@id\":\"https:\/\/kuken.alfadyser.dev\/#website\"},\"datePublished\":\"2019-06-26T08:57:13+00:00\",\"dateModified\":\"2019-06-26T08:58:11+00:00\",\"breadcrumb\":{\"@id\":\"https:\/\/kuken.alfadyser.dev\/aviso-legal\/#breadcrumb\"},\"inLanguage\":\"de\",\"potentialAction\":[{\"@type\":\"ReadAction\",\"target\":[\"https:\/\/kuken.alfadyser.dev\/aviso-legal\/\"]}]},{\"@type\":\"BreadcrumbList\",\"@id\":\"https:\/\/kuken.alfadyser.dev\/aviso-legal\/#breadcrumb\",\"itemListElement\":[{\"@type\":\"ListItem\",\"position\":1,\"name\":\"Portada\",\"item\":\"https:\/\/kuken.alfadyser.dev\/\"},{\"@type\":\"ListItem\",\"position\":2,\"name\":\"Aviso legal\"}]},{\"@type\":\"WebSite\",\"@id\":\"https:\/\/kuken.alfadyser.dev\/#website\",\"url\":\"https:\/\/kuken.alfadyser.dev\/\",\"name\":\"K\u00fcken\",\"description\":\"Amplia gama de peque\u00f1o electrodom\u00e9stico k\u00fcken\",\"publisher\":{\"@id\":\"https:\/\/kuken.alfadyser.dev\/#organization\"},\"potentialAction\":[{\"@type\":\"SearchAction\",\"target\":{\"@type\":\"EntryPoint\",\"urlTemplate\":\"https:\/\/kuken.alfadyser.dev\/?s={search_term_string}\"},\"query-input\":{\"@type\":\"PropertyValueSpecification\",\"valueRequired\":true,\"valueName\":\"search_term_string\"}}],\"inLanguage\":\"de\"},{\"@type\":\"Organization\",\"@id\":\"https:\/\/kuken.alfadyser.dev\/#organization\",\"name\":\"Alfa Dyser\",\"url\":\"https:\/\/kuken.alfadyser.dev\/\",\"logo\":{\"@type\":\"ImageObject\",\"inLanguage\":\"de\",\"@id\":\"https:\/\/kuken.alfadyser.dev\/#\/schema\/logo\/image\/\",\"url\":\"https:\/\/kuken.alfadyser.dev\/wp-content\/uploads\/2019\/04\/kuken-logo.png\",\"contentUrl\":\"https:\/\/kuken.alfadyser.dev\/wp-content\/uploads\/2019\/04\/kuken-logo.png\",\"width\":500,\"height\":191,\"caption\":\"Alfa Dyser\"},\"image\":{\"@id\":\"https:\/\/kuken.alfadyser.dev\/#\/schema\/logo\/image\/\"},\"sameAs\":[\"https:\/\/es-es.facebook.com\/alfadyser\/\",\"https:\/\/www.instagram.com\/kuken_appliances\/\"]}]}<\/script>\n<!-- \/ Yoast SEO Premium plugin. -->","yoast_head_json":{"title":"Rechtliche Hinweise - K\u00fcken","robots":{"index":"noindex","follow":"follow","max-snippet":"max-snippet:-1","max-image-preview":"max-image-preview:large","max-video-preview":"max-video-preview:-1"},"og_locale":"de_DE","og_type":"article","og_title":"Aviso legal","og_description":"Aviso legal &nbsp; 1. DATOS IDENTIFICATIVOS En cumplimiento con el deber de informaci\u00f3n recogido en art\u00edculo 10 de la Ley 34\/2002, de 11 de julio, de [\u2026]","og_url":"https:\/\/kuken.alfadyser.dev\/de\/impressum\/","og_site_name":"K\u00fcken","article_publisher":"https:\/\/es-es.facebook.com\/alfadyser\/","article_modified_time":"2019-06-26T08:58:11+00:00","twitter_card":"summary_large_image","twitter_misc":{"Gesch\u00e4tzte Lesezeit":"7\u00a0Minuten"},"schema":{"@context":"https:\/\/schema.org","@graph":[{"@type":"WebPage","@id":"https:\/\/kuken.alfadyser.dev\/aviso-legal\/","url":"https:\/\/kuken.alfadyser.dev\/aviso-legal\/","name":"Rechtliche Hinweise - K\u00fcken","isPartOf":{"@id":"https:\/\/kuken.alfadyser.dev\/#website"},"datePublished":"2019-06-26T08:57:13+00:00","dateModified":"2019-06-26T08:58:11+00:00","breadcrumb":{"@id":"https:\/\/kuken.alfadyser.dev\/aviso-legal\/#breadcrumb"},"inLanguage":"de","potentialAction":[{"@type":"ReadAction","target":["https:\/\/kuken.alfadyser.dev\/aviso-legal\/"]}]},{"@type":"BreadcrumbList","@id":"https:\/\/kuken.alfadyser.dev\/aviso-legal\/#breadcrumb","itemListElement":[{"@type":"ListItem","position":1,"name":"Portada","item":"https:\/\/kuken.alfadyser.dev\/"},{"@type":"ListItem","position":2,"name":"Aviso legal"}]},{"@type":"WebSite","@id":"https:\/\/kuken.alfadyser.dev\/#website","url":"https:\/\/kuken.alfadyser.dev\/","name":"K\u00fcken","description":"Gro\u00dfe Auswahl an k\u00fcken Haushaltskleinger\u00e4ten","publisher":{"@id":"https:\/\/kuken.alfadyser.dev\/#organization"},"potentialAction":[{"@type":"SearchAction","target":{"@type":"EntryPoint","urlTemplate":"https:\/\/kuken.alfadyser.dev\/?s={search_term_string}"},"query-input":{"@type":"PropertyValueSpecification","valueRequired":true,"valueName":"search_term_string"}}],"inLanguage":"de"},{"@type":"Organization","@id":"https:\/\/kuken.alfadyser.dev\/#organization","name":"Alpha Dyser","url":"https:\/\/kuken.alfadyser.dev\/","logo":{"@type":"ImageObject","inLanguage":"de","@id":"https:\/\/kuken.alfadyser.dev\/#\/schema\/logo\/image\/","url":"https:\/\/kuken.alfadyser.dev\/wp-content\/uploads\/2019\/04\/kuken-logo.png","contentUrl":"https:\/\/kuken.alfadyser.dev\/wp-content\/uploads\/2019\/04\/kuken-logo.png","width":500,"height":191,"caption":"Alfa Dyser"},"image":{"@id":"https:\/\/kuken.alfadyser.dev\/#\/schema\/logo\/image\/"},"sameAs":["https:\/\/es-es.facebook.com\/alfadyser\/","https:\/\/www.instagram.com\/kuken_appliances\/"]}]}},"_links":{"self":[{"href":"https:\/\/kuken.alfadyser.dev\/de\/wp-json\/wp\/v2\/pages\/307","targetHints":{"allow":["GET"]}}],"collection":[{"href":"https:\/\/kuken.alfadyser.dev\/de\/wp-json\/wp\/v2\/pages"}],"about":[{"href":"https:\/\/kuken.alfadyser.dev\/de\/wp-json\/wp\/v2\/types\/page"}],"author":[{"embeddable":true,"href":"https:\/\/kuken.alfadyser.dev\/de\/wp-json\/wp\/v2\/users\/4"}],"replies":[{"embeddable":true,"href":"https:\/\/kuken.alfadyser.dev\/de\/wp-json\/wp\/v2\/comments?post=307"}],"version-history":[{"count":0,"href":"https:\/\/kuken.alfadyser.dev\/de\/wp-json\/wp\/v2\/pages\/307\/revisions"}],"wp:attachment":[{"href":"https:\/\/kuken.alfadyser.dev\/de\/wp-json\/wp\/v2\/media?parent=307"}],"curies":[{"name":"wp","href":"https:\/\/api.w.org\/{rel}","templated":true}]}}